{"id":33904,"date":"2025-04-10T12:10:21","date_gmt":"2025-04-10T10:10:21","guid":{"rendered":"https:\/\/myspainfood.com\/producto\/melnas-gliemenes-olivella-areoso-115-g\/"},"modified":"2025-04-10T12:10:21","modified_gmt":"2025-04-10T10:10:21","slug":"melnas-gliemenes-olivella-areoso-115-g","status":"publish","type":"product","link":"https:\/\/myspainfood.com\/lv\/producto\/melnas-gliemenes-olivella-areoso-115-g\/","title":{"rendered":"Meln\u0101s gliemenes ol\u012bve\u013c\u013c\u0101 Areoso 115 g"},"content":{"rendered":"<p>Produkts: gliemenes ol\u012bvu e\u013c\u013c\u0101<\/p>\n<p>Specifik\u0101cijas: viendab\u012bga lieluma gliemenes (Ensis arcuatus) no Galisijas Rias, viendab\u012bga lieluma, ol\u012bve\u013c\u013c\u0101. Att\u012br\u012btas un atlas\u012btas ar rok\u0101m katr\u0101 k\u0101rb\u0101. <\/p>\n<p>Sast\u0101vda\u013cas: Sast\u0101vda\u013cas: \u017eiletes gliemenes 56,5 %, ol\u012bve\u013c\u013ca 43,5 %, s\u0101ls.<\/p>\n<p>Ra\u017eo\u0161anas process: Galisijas re\u0123ionos iev\u0101kt\u0101s gliemenes, t\u0101pat k\u0101 p\u0101r\u0113jie gliemji, tiek pak\u013cautas att\u012br\u012b\u0161anas procesam, tikl\u012bdz t\u0101s non\u0101k r\u016bpn\u012bc\u0101. P\u0113c tam t\u0101s tiek v\u0101r\u012btas \u016bden\u012b ar atbilsto\u0161\u0101m higi\u0113nas un sanit\u0101raj\u0101m \u012bpa\u0161\u012bb\u0101m, moluski tiek atv\u0113rti un p\u0113c tam ar rok\u0101m nopl\u016bkti, \u013coti uzmanot, lai tos nesalauztu. P\u0113c tam tos atkal mazg\u0101 silt\u0101 s\u0101ls\u016bden\u012b un iepako. P\u0113c tam gliemenes p\u0101rkl\u0101j ar ol\u012bve\u013c\u013cu, lai t\u0101s ieg\u016btu maigu tekst\u016bru un intens\u012bvu gar\u0161u. Tvertnes aizver un steriliz\u0113, izmantojot \u0161im produktam rakstur\u012bgos un atbilsto\u0161os parametrus, t\u0101d\u0113j\u0101di radot ide\u0101lu vidi, kas \u013cauj saglab\u0101ties ilgus gadus bez konservantiem vai m\u0101ksl\u012bg\u0101m piedev\u0101m. P\u0113c tam tas ir gatavs uzglab\u0101\u0161anai un p\u0101rdo\u0161anai.     <\/p>\n","protected":false},"excerpt":{"rendered":"<p>Produkts: gliemenes ol\u012bvu e\u013c\u013c\u0101 Specifik\u0101cijas: viendab\u012bga lieluma gliemenes (Ensis arcuatus) no Galisijas Rias, viendab\u012bga lieluma, ol\u012bve\u013c\u013c\u0101. Att\u012br\u012btas un atlas\u012btas ar rok\u0101m katr\u0101 k\u0101rb\u0101. Sast\u0101vda\u013cas: Sast\u0101vda\u013cas: \u017eiletes gliemenes 56,5 %, ol\u012bve\u013c\u013ca 43,5 %, s\u0101ls. Ra\u017eo\u0161anas process: Galisijas re\u0123ionos iev\u0101kt\u0101s gliemenes, t\u0101pat k\u0101 p\u0101r\u0113jie gliemji, tiek pak\u013cautas att\u012br\u012b\u0161anas procesam, tikl\u012bdz t\u0101s non\u0101k r\u016bpn\u012bc\u0101. P\u0113c tam t\u0101s tiek [&hellip;]<\/p>\n","protected":false},"featured_media":33911,"template":"","meta":{"_et_pb_use_builder":"","_et_pb_old_content":"","_et_gb_content_width":""},"product_brand":[1358],"product_cat":[1963,7571],"product_tag":[],"class_list":{"0":"post-33904","1":"product","2":"type-product","3":"status-publish","4":"has-post-thumbnail","6":"product_brand-areoso","7":"product_cat-saglaba","8":"product_cat-skuvekli","10":"first","11":"outofstock","12":"taxable","13":"shipping-taxable","14":"product-type-variable"},"_links":{"self":[{"href":"https:\/\/myspainfood.com\/lv\/wp-json\/wp\/v2\/product\/33904","targetHints":{"allow":["GET"]}}],"collection":[{"href":"https:\/\/myspainfood.com\/lv\/wp-json\/wp\/v2\/product"}],"about":[{"href":"https:\/\/myspainfood.com\/lv\/wp-json\/wp\/v2\/types\/product"}],"wp:featuredmedia":[{"embeddable":true,"href":"https:\/\/myspainfood.com\/lv\/wp-json\/wp\/v2\/media\/33911"}],"wp:attachment":[{"href":"https:\/\/myspainfood.com\/lv\/wp-json\/wp\/v2\/media?parent=33904"}],"wp:term":[{"taxonomy":"product_brand","embeddable":true,"href":"https:\/\/myspainfood.com\/lv\/wp-json\/wp\/v2\/product_brand?post=33904"},{"taxonomy":"product_cat","embeddable":true,"href":"https:\/\/myspainfood.com\/lv\/wp-json\/wp\/v2\/product_cat?post=33904"},{"taxonomy":"product_tag","embeddable":true,"href":"https:\/\/myspainfood.com\/lv\/wp-json\/wp\/v2\/product_tag?post=33904"}],"curies":[{"name":"wp","href":"https:\/\/api.w.org\/{rel}","templated":true}]}}