{"id":34054,"date":"2025-04-10T12:09:58","date_gmt":"2025-04-10T10:09:58","guid":{"rendered":"https:\/\/myspainfood.com\/producto\/banderillas-extra-pikanti-chicon-900-gramu-iepakojums-6-gab\/"},"modified":"2025-04-10T12:09:58","modified_gmt":"2025-04-10T10:09:58","slug":"banderillas-extra-pikanti-chicon-900-gramu-iepakojums-6-gab","status":"publish","type":"product","link":"https:\/\/myspainfood.com\/lv\/producto\/banderillas-extra-pikanti-chicon-900-gramu-iepakojums-6-gab\/","title":{"rendered":"Banderillas Extra (pikanti) Chic\u00f3n 900 gramu iepakojums 6 gab."},"content":{"rendered":"<p>Banderillas extra picantes ir <a href=\"https:\/\/aceitunaschiconlebron.com\/catalogo\/banderillas-picantes\/\" target=\"_blank\" rel=\"noopener noreferrer nofollow\">marin\u0113ti gur\u0137i, ko<\/a> daudzviet m\u016bsu valst\u012b ikdien\u0101 \u0113d k\u0101 uzkodu.<\/p>\n<p>Sast\u0101vda\u013cu rad\u012btais gar\u0161u mais\u012bjums kop\u0101 ar eti\u0137a piesk\u0101rienu un \u010dilli pikantumu pie\u0161\u0137ir m\u016bsu pikantaj\u0101m banderill\u0101m \u012bpa\u0161u gar\u0161u.<\/p>\n<p>Pikant\u0101s banderillas parasti sast\u0101v no korni\u0161oniem, \u010dilli, s\u012bpoliem, ol\u012bv\u0101m un paprikas. T\u0101p\u0113c \u0161o gar\u0161u mais\u012bjums ir tik izsmalcin\u0101ts. <\/p>\n<h3><strong>\u012apa\u0161i pikantu Banderillas priek\u0161roc\u012bbas<\/strong><\/h3>\n<p>Vai j\u016bs zin\u0101j\u0101t par pikanto banderillu un marin\u0113tu gur\u0137u kopum\u0101 priek\u0161roc\u012bb\u0101m? \u0160eit ir saraksts ar vissvar\u012bg\u0101kaj\u0101m no t\u0101m: <\/p>\n<ul>\n<li>Bag\u0101ts ar probiotik\u0101m.<\/li>\n<li>Tie veicina gremo\u0161anu.<\/li>\n<li>T\u0101s stiprina im\u016bnsist\u0113mu.<\/li>\n<li>T\u0101s mazina cukura alkas.<\/li>\n<li>Labv\u0113l\u012bgi ietekm\u0113 \u017eultsp\u016b\u0161\u013ca darb\u012bbu.<\/li>\n<\/ul>\n<p>&nbsp;<\/p>\n<p>Ja v\u0113laties ieg\u0101d\u0101ties ol\u012bvas vai cita veida <a href=\"https:\/\/latiendadesami.com\/categoria-producto\/encurtidos\/\" rel=\"noopener noreferrer nofollow\" target=\"_blank\">marin\u0113tus d\u0101rze\u0146us<\/a>, nevilcinieties un iel\u016bkojieties m\u016bsu tie\u0161saistes katalog\u0101, lai iepaz\u012btos ar m\u016bsu pla\u0161o <a href=\"https:\/\/latiendadesami.com\/categoria-producto\/encurtidos\/aceitunas\/\" target=\"_blank\" rel=\"noopener noreferrer nofollow\">ol\u012bvu<\/a> kl\u0101stu.<\/p>\n","protected":false},"excerpt":{"rendered":"<p>banderillas picante<\/p>\n<p>Atkar\u012bb\u0101 no daudzuma<\/p>\n","protected":false},"featured_media":34065,"template":"","meta":{"_et_pb_use_builder":"","_et_pb_old_content":"","_et_gb_content_width":""},"product_brand":[1036],"product_cat":[3134,2879],"product_tag":[7697,2083],"class_list":{"0":"post-34054","1":"product","2":"type-product","3":"status-publish","4":"has-post-thumbnail","6":"product_brand-chicon","7":"product_cat-pickles-lv-2","8":"product_cat-vairumtirdznieciba","9":"product_tag-papildus","10":"product_tag-pikanti","12":"first","13":"instock","14":"taxable","15":"shipping-taxable","16":"purchasable","17":"product-type-variable"},"_links":{"self":[{"href":"https:\/\/myspainfood.com\/lv\/wp-json\/wp\/v2\/product\/34054","targetHints":{"allow":["GET"]}}],"collection":[{"href":"https:\/\/myspainfood.com\/lv\/wp-json\/wp\/v2\/product"}],"about":[{"href":"https:\/\/myspainfood.com\/lv\/wp-json\/wp\/v2\/types\/product"}],"wp:featuredmedia":[{"embeddable":true,"href":"https:\/\/myspainfood.com\/lv\/wp-json\/wp\/v2\/media\/34065"}],"wp:attachment":[{"href":"https:\/\/myspainfood.com\/lv\/wp-json\/wp\/v2\/media?parent=34054"}],"wp:term":[{"taxonomy":"product_brand","embeddable":true,"href":"https:\/\/myspainfood.com\/lv\/wp-json\/wp\/v2\/product_brand?post=34054"},{"taxonomy":"product_cat","embeddable":true,"href":"https:\/\/myspainfood.com\/lv\/wp-json\/wp\/v2\/product_cat?post=34054"},{"taxonomy":"product_tag","embeddable":true,"href":"https:\/\/myspainfood.com\/lv\/wp-json\/wp\/v2\/product_tag?post=34054"}],"curies":[{"name":"wp","href":"https:\/\/api.w.org\/{rel}","templated":true}]}}