{"id":34175,"date":"2025-04-10T12:09:58","date_gmt":"2025-04-10T10:09:58","guid":{"rendered":"https:\/\/myspainfood.com\/producto\/chicon-extra-olivas-kornisoni-900-gramu-iepakojuma-6-gab\/"},"modified":"2025-04-10T12:09:58","modified_gmt":"2025-04-10T10:09:58","slug":"chicon-extra-olivas-kornisoni-900-gramu-iepakojuma-6-gab","status":"publish","type":"product","link":"https:\/\/myspainfood.com\/lv\/producto\/chicon-extra-olivas-kornisoni-900-gramu-iepakojuma-6-gab\/","title":{"rendered":"Chic\u00f3n Extra Ol\u012bvas korni\u0161oni 900 gramu iepakojum\u0101 6 gab."},"content":{"rendered":"<p><a href=\"https:\/\/aceitunaschiconlebron.com\/\" target=\"_blank\" rel=\"noopener noreferrer nofollow\">Chic\u00f3n<\/a> Extra korni\u0161oni tiek ra\u017eoti Antequer\u0101, Malag\u0101.<\/p>\n<p>Tos gatavo p\u0113c tradicion\u0101l\u0101s receptes un tradicion\u0101l\u0101 veid\u0101.<\/p>\n<p>Tie ir \u012bpa\u0161i mazi, maigi pipargur\u0137\u012b\u0161i ar vieglu un apet\u012bti rosino\u0161u eti\u0137a piesk\u0101rienu.<\/p>\n<p>Sast\u0101vda\u013cu rad\u012btais gar\u0161u mais\u012bjums kop\u0101 ar eti\u0137a piedevu pie\u0161\u0137ir tam \u012bpa\u0161u gar\u0161u, kas ir \u013coti pat\u012bkama gar\u0161as k\u0101rpi\u0146\u0101m.<\/p>\n<p>Our\u0137\u012b\u0161i ir uzkoda, kas stiprina im\u016bnsist\u0113mu, t. i., veicina organisma aizsargsp\u0113jas un visp\u0101r\u0113jo vesel\u012bbu.<\/p>\n<h3><strong>Papildu korni\u0161onu priek\u0161roc\u012bbas<\/strong><\/h3>\n<p>Vai zin\u0101j\u0101t, k\u0101das priek\u0161roc\u012bbas sniedz marin\u0113ti d\u0101rze\u0146i kopum\u0101? \u0160eit ir saraksts ar vissvar\u012bg\u0101kaj\u0101m no t\u0101m: <\/p>\n<ul>\n<li>Bag\u0101ts ar probiotik\u0101m.<\/li>\n<li>Tie veicina gremo\u0161anu.<\/li>\n<li>T\u0101s stiprina im\u016bnsist\u0113mu.<\/li>\n<li>T\u0101s mazina cukura alkas.<\/li>\n<li>Labv\u0113l\u012bgi ietekm\u0113 \u017eultsp\u016b\u0161\u013ca darb\u012bbu.<\/li>\n<\/ul>\n<p>Ja v\u0113laties ieg\u0101d\u0101ties ol\u012bvas vai cita veida <a href=\"https:\/\/latiendadesami.com\/categoria-producto\/encurtidos\/\" rel=\"noopener noreferrer nofollow\" target=\"_blank\">marin\u0113tus d\u0101rze\u0146us<\/a>, nevilcinieties un iel\u016bkojieties m\u016bsu tie\u0161saistes katalog\u0101, lai iepaz\u012btos ar m\u016bsu pla\u0161o <a href=\"https:\/\/latiendadesami.com\/categoria-producto\/encurtidos\/pepinillos\/\" target=\"_blank\" rel=\"noopener noreferrer nofollow\">ol\u012bvu<\/a> kl\u0101stu.<\/p>\n","protected":false},"excerpt":{"rendered":"<p>Chic\u00f3n Extra korni\u0161oni tiek ra\u017eoti Antequer\u0101, Malag\u0101. Tos gatavo p\u0113c tradicion\u0101l\u0101s receptes un tradicion\u0101l\u0101 veid\u0101. Tie ir \u012bpa\u0161i mazi, maigi pipargur\u0137\u012b\u0161i ar vieglu un apet\u012bti rosino\u0161u eti\u0137a piesk\u0101rienu. Sast\u0101vda\u013cu rad\u012btais gar\u0161u mais\u012bjums kop\u0101 ar eti\u0137a piedevu pie\u0161\u0137ir tam \u012bpa\u0161u gar\u0161u, kas ir \u013coti pat\u012bkama gar\u0161as k\u0101rpi\u0146\u0101m. Our\u0137\u012b\u0161i ir uzkoda, kas stiprina im\u016bnsist\u0113mu, t. i., veicina [&hellip;]<\/p>\n","protected":false},"featured_media":34181,"template":"","meta":{"_et_pb_use_builder":"","_et_pb_old_content":"","_et_gb_content_width":""},"product_brand":[1036],"product_cat":[3134,2879],"product_tag":[7697],"class_list":{"0":"post-34175","1":"product","2":"type-product","3":"status-publish","4":"has-post-thumbnail","6":"product_brand-chicon","7":"product_cat-pickles-lv-2","8":"product_cat-vairumtirdznieciba","9":"product_tag-papildus","11":"first","12":"outofstock","13":"taxable","14":"shipping-taxable","15":"purchasable","16":"product-type-variable"},"_links":{"self":[{"href":"https:\/\/myspainfood.com\/lv\/wp-json\/wp\/v2\/product\/34175","targetHints":{"allow":["GET"]}}],"collection":[{"href":"https:\/\/myspainfood.com\/lv\/wp-json\/wp\/v2\/product"}],"about":[{"href":"https:\/\/myspainfood.com\/lv\/wp-json\/wp\/v2\/types\/product"}],"wp:featuredmedia":[{"embeddable":true,"href":"https:\/\/myspainfood.com\/lv\/wp-json\/wp\/v2\/media\/34181"}],"wp:attachment":[{"href":"https:\/\/myspainfood.com\/lv\/wp-json\/wp\/v2\/media?parent=34175"}],"wp:term":[{"taxonomy":"product_brand","embeddable":true,"href":"https:\/\/myspainfood.com\/lv\/wp-json\/wp\/v2\/product_brand?post=34175"},{"taxonomy":"product_cat","embeddable":true,"href":"https:\/\/myspainfood.com\/lv\/wp-json\/wp\/v2\/product_cat?post=34175"},{"taxonomy":"product_tag","embeddable":true,"href":"https:\/\/myspainfood.com\/lv\/wp-json\/wp\/v2\/product_tag?post=34175"}],"curies":[{"name":"wp","href":"https:\/\/api.w.org\/{rel}","templated":true}]}}