{"id":34273,"date":"2025-04-10T12:10:12","date_gmt":"2025-04-10T10:10:12","guid":{"rendered":"https:\/\/myspainfood.com\/producto\/norvegu-kupinats-lasis-port-faroe-600-g\/"},"modified":"2025-06-24T13:41:34","modified_gmt":"2025-06-24T11:41:34","slug":"norvegu-kupinats-lasis-port-faroe-600-g","status":"publish","type":"product","link":"https:\/\/myspainfood.com\/lv\/producto\/norvegu-kupinats-lasis-port-faroe-600-g\/","title":{"rendered":"Norv\u0113\u0123u k\u016bpin\u0101ts lasis Port Faroe 600 g"},"content":{"rendered":"<p>K\u016bpin\u0101\u0161ana ir p\u0101rtikas produktu konserv\u0113\u0161anas pa\u0146\u0113miens.<\/p>\n<p> T\u0101 sast\u0101v no p\u0101rtikas produktu pak\u013cau\u0161anas d\u016bmiem, kas rodas no ugunskuriem, kuri tiek kurin\u0101ti no koksnes ar zemu sve\u0137u saturu.<\/p>\n<p> \u0160is process ne tikai nodro\u0161ina konserv\u0113\u0161anu, bet ar\u012b pie\u0161\u0137ir tiem \u012bpatn\u0113jo d\u016bmu gar\u0161u.<\/p>\n<p> K\u016bpin\u0101ts lasis ir p\u0101rtikas produkts, ko ieg\u016bst, pak\u013caujot lasi iepriek\u0161 aprakst\u012btajai k\u016bpin\u0101\u0161anai, kas nodro\u0161ina tam ilg\u0101ku konserv\u0113\u0161anas laiku un at\u0161\u0137ir\u012bgu, rakstur\u012bgu gar\u0161u.<\/p>\n<p>&nbsp;<\/p>\n","protected":false},"excerpt":{"rendered":"<p>K\u016bpin\u0101\u0161ana ir p\u0101rtikas produktu konserv\u0113\u0161anas pa\u0146\u0113miens. T\u0101 sast\u0101v no p\u0101rtikas produktu pak\u013cau\u0161anas d\u016bmiem, kas rodas no ugunskuriem, kuri tiek kurin\u0101ti no koksnes ar zemu sve\u0137u saturu. \u0160is process ne tikai nodro\u0161ina konserv\u0113\u0161anu, bet ar\u012b pie\u0161\u0137ir tiem \u012bpatn\u0113jo d\u016bmu gar\u0161u. K\u016bpin\u0101ts lasis ir p\u0101rtikas produkts, ko ieg\u016bst, pak\u013caujot lasi iepriek\u0161 aprakst\u012btajai k\u016bpin\u0101\u0161anai, kas nodro\u0161ina tam ilg\u0101ku [&hellip;]<\/p>\n","protected":false},"featured_media":34279,"template":"","meta":{"_et_pb_use_builder":"","_et_pb_old_content":"","_et_gb_content_width":""},"product_brand":[1361],"product_cat":[1821,7727,7726],"product_tag":[],"class_list":{"0":"post-34273","1":"product","2":"type-product","3":"status-publish","4":"has-post-thumbnail","6":"product_brand-ahumados-fernandez-molina","7":"product_cat-cold","8":"product_cat-lasi","9":"product_cat-ziemassvetku-ipasais","10":"product_shipping_class-aukstuma-sutijums","12":"first","13":"instock","14":"sale","15":"taxable","16":"shipping-taxable","17":"purchasable","18":"product-type-variable"},"_links":{"self":[{"href":"https:\/\/myspainfood.com\/lv\/wp-json\/wp\/v2\/product\/34273","targetHints":{"allow":["GET"]}}],"collection":[{"href":"https:\/\/myspainfood.com\/lv\/wp-json\/wp\/v2\/product"}],"about":[{"href":"https:\/\/myspainfood.com\/lv\/wp-json\/wp\/v2\/types\/product"}],"wp:featuredmedia":[{"embeddable":true,"href":"https:\/\/myspainfood.com\/lv\/wp-json\/wp\/v2\/media\/34279"}],"wp:attachment":[{"href":"https:\/\/myspainfood.com\/lv\/wp-json\/wp\/v2\/media?parent=34273"}],"wp:term":[{"taxonomy":"product_brand","embeddable":true,"href":"https:\/\/myspainfood.com\/lv\/wp-json\/wp\/v2\/product_brand?post=34273"},{"taxonomy":"product_cat","embeddable":true,"href":"https:\/\/myspainfood.com\/lv\/wp-json\/wp\/v2\/product_cat?post=34273"},{"taxonomy":"product_tag","embeddable":true,"href":"https:\/\/myspainfood.com\/lv\/wp-json\/wp\/v2\/product_tag?post=34273"}],"curies":[{"name":"wp","href":"https:\/\/api.w.org\/{rel}","templated":true}]}}