{"id":34732,"date":"2025-04-10T12:10:13","date_gmt":"2025-04-10T10:10:13","guid":{"rendered":"https:\/\/myspainfood.com\/producto\/flor-de-esgueva-viejo-siers-32-kg\/"},"modified":"2025-06-24T13:44:41","modified_gmt":"2025-06-24T11:44:41","slug":"flor-de-esgueva-viejo-siers-32-kg","status":"publish","type":"product","link":"https:\/\/myspainfood.com\/lv\/producto\/flor-de-esgueva-viejo-siers-32-kg\/","title":{"rendered":"Flor de Esgueva Viejo siers 3,2 kg"},"content":{"rendered":"<div class=\"et_pb_blurb_container\">\n<div class=\"et_pb_blurb_container\">\n<h1 class=\"vc_custom_heading\">Esgueva Viejo zieds<\/h1>\n<p class=\"vc_custom_heading us_custom_c587e30b\">Izgatavots tikai no svaigpiena un nogatavin\u0101ts dab\u012bg\u0101 mizu miz\u0101 vismaz 7 m\u0113ne\u0161us.<\/p>\n<div class=\"wpb_text_column us_custom_afe9a513\">\n<div class=\"wpb_wrapper\">\n<p>T\u0101 ir piln\u012bba intensit\u0101tes un tekst\u016bras zi\u0146\u0101. Tas ir \u013coti piem\u0113rots siera cien\u012bt\u0101jiem, kuriem pat\u012bk elast\u012bga un gandr\u012bz k\u016bsto\u0161a konsistence, ta\u010du nezaud\u0113jot t\u012bru aitas gar\u0161u un intensit\u0101ti mut\u0113. Tam ir ilga un notur\u012bga p\u0113cgar\u0161a, kas atst\u0101j pat\u012bkamu saj\u016btu v\u0113l da\u017eas min\u016btes.  <\/p>\n<\/div>\n<\/div>\n<\/div>\n<\/div>\n","protected":false},"excerpt":{"rendered":"<p>Esgueva Viejo zieds Izgatavots tikai no svaigpiena un nogatavin\u0101ts dab\u012bg\u0101 mizu miz\u0101 vismaz 7 m\u0113ne\u0161us. T\u0101 ir piln\u012bba intensit\u0101tes un tekst\u016bras zi\u0146\u0101. Tas ir \u013coti piem\u0113rots siera cien\u012bt\u0101jiem, kuriem pat\u012bk elast\u012bga un gandr\u012bz k\u016bsto\u0161a konsistence, ta\u010du nezaud\u0113jot t\u012bru aitas gar\u0161u un intensit\u0101ti mut\u0113. Tam ir ilga un notur\u012bga p\u0113cgar\u0161a, kas atst\u0101j pat\u012bkamu saj\u016btu v\u0113l da\u017eas [&hellip;]<\/p>\n","protected":false},"featured_media":34742,"template":"","meta":{"_et_pb_use_builder":"","_et_pb_old_content":"","_et_gb_content_width":""},"product_brand":[1367],"product_cat":[2732,1821,2274],"product_tag":[],"class_list":{"0":"post-34732","1":"product","2":"type-product","3":"status-publish","4":"has-post-thumbnail","6":"product_brand-flor-de-esgueva","7":"product_cat-arstesana","8":"product_cat-cold","9":"product_cat-siers-un-desa","10":"product_shipping_class-aukstuma-sutijums","12":"first","13":"outofstock","14":"taxable","15":"shipping-taxable","16":"purchasable","17":"product-type-variable"},"_links":{"self":[{"href":"https:\/\/myspainfood.com\/lv\/wp-json\/wp\/v2\/product\/34732","targetHints":{"allow":["GET"]}}],"collection":[{"href":"https:\/\/myspainfood.com\/lv\/wp-json\/wp\/v2\/product"}],"about":[{"href":"https:\/\/myspainfood.com\/lv\/wp-json\/wp\/v2\/types\/product"}],"wp:featuredmedia":[{"embeddable":true,"href":"https:\/\/myspainfood.com\/lv\/wp-json\/wp\/v2\/media\/34742"}],"wp:attachment":[{"href":"https:\/\/myspainfood.com\/lv\/wp-json\/wp\/v2\/media?parent=34732"}],"wp:term":[{"taxonomy":"product_brand","embeddable":true,"href":"https:\/\/myspainfood.com\/lv\/wp-json\/wp\/v2\/product_brand?post=34732"},{"taxonomy":"product_cat","embeddable":true,"href":"https:\/\/myspainfood.com\/lv\/wp-json\/wp\/v2\/product_cat?post=34732"},{"taxonomy":"product_tag","embeddable":true,"href":"https:\/\/myspainfood.com\/lv\/wp-json\/wp\/v2\/product_tag?post=34732"}],"curies":[{"name":"wp","href":"https:\/\/api.w.org\/{rel}","templated":true}]}}