{"id":34797,"date":"2025-04-10T12:09:51","date_gmt":"2025-04-10T10:09:51","guid":{"rendered":"https:\/\/myspainfood.com\/producto\/vins-cucamonas-verdejo-de-rueda-2022-bodegas-gotica-120-pudeles\/"},"modified":"2025-09-02T10:45:23","modified_gmt":"2025-09-02T08:45:23","slug":"vins-cucamonas-verdejo-de-rueda-2022-bodegas-gotica-120-pudeles","status":"publish","type":"product","link":"https:\/\/myspainfood.com\/lv\/producto\/vins-cucamonas-verdejo-de-rueda-2022-bodegas-gotica-120-pudeles\/","title":{"rendered":"V\u012bns Cucamonas verdejo de Rueda 2022 bodegas G\u00f3tica 120 pudeles"},"content":{"rendered":"<p><strong>Verdejo - <em>100% Verdejo<\/em><\/strong><\/p>\n<p>Ar 100% Verdejo v\u012bnogu, kas ir galven\u0101 DO \u0161\u0137irne. Rueda. No t\u0101s ra\u017eo augstas kvalit\u0101tes v\u012bnus, svaigus, \u013coti aug\u013cu, za\u013cgani dzeltenas kr\u0101sas, ar citrusaug\u013cu arom\u0101tu, pilnv\u0113rt\u012bgus un \u013coti glicer\u012bniskus.  <\/p>\n<p>&nbsp;<\/p>\n","protected":false},"excerpt":{"rendered":"<p>Cucamonas Verdejo Rueda 2022<\/p>\n","protected":false},"featured_media":34802,"template":"","meta":{"_et_pb_use_builder":"","_et_pb_old_content":"","_et_gb_content_width":""},"product_brand":[1140],"product_cat":[4859,2879,4861],"product_tag":[7243,7245],"class_list":{"0":"post-34797","1":"product","2":"type-product","3":"status-publish","4":"has-post-thumbnail","6":"product_brand-ladera-de-los-obispos","7":"product_cat-dzerieni","8":"product_cat-vairumtirdznieciba","9":"product_cat-vins","10":"product_tag-gothic-lv","11":"product_tag-ritenis","13":"first","14":"outofstock","15":"featured","16":"taxable","17":"shipping-taxable","18":"purchasable","19":"product-type-simple"},"_links":{"self":[{"href":"https:\/\/myspainfood.com\/lv\/wp-json\/wp\/v2\/product\/34797","targetHints":{"allow":["GET"]}}],"collection":[{"href":"https:\/\/myspainfood.com\/lv\/wp-json\/wp\/v2\/product"}],"about":[{"href":"https:\/\/myspainfood.com\/lv\/wp-json\/wp\/v2\/types\/product"}],"wp:featuredmedia":[{"embeddable":true,"href":"https:\/\/myspainfood.com\/lv\/wp-json\/wp\/v2\/media\/34802"}],"wp:attachment":[{"href":"https:\/\/myspainfood.com\/lv\/wp-json\/wp\/v2\/media?parent=34797"}],"wp:term":[{"taxonomy":"product_brand","embeddable":true,"href":"https:\/\/myspainfood.com\/lv\/wp-json\/wp\/v2\/product_brand?post=34797"},{"taxonomy":"product_cat","embeddable":true,"href":"https:\/\/myspainfood.com\/lv\/wp-json\/wp\/v2\/product_cat?post=34797"},{"taxonomy":"product_tag","embeddable":true,"href":"https:\/\/myspainfood.com\/lv\/wp-json\/wp\/v2\/product_tag?post=34797"}],"curies":[{"name":"wp","href":"https:\/\/api.w.org\/{rel}","templated":true}]}}