{"id":37241,"date":"2025-04-10T12:11:40","date_gmt":"2025-04-10T10:11:40","guid":{"rendered":"https:\/\/myspainfood.com\/producto\/andaluzijas-gazpaco-ar-neapstradatu-augstaka-labuma-olivellu-arteoliva-1-litrs\/"},"modified":"2026-01-29T12:31:26","modified_gmt":"2026-01-29T11:31:26","slug":"andaluzijas-gazpaco-ar-neapstradatu-augstaka-labuma-olivellu-arteoliva-1-litrs","status":"publish","type":"product","link":"https:\/\/myspainfood.com\/lv\/producto\/andaluzijas-gazpaco-ar-neapstradatu-augstaka-labuma-olivellu-arteoliva-1-litrs\/","title":{"rendered":"Andal\u016bzijas Gazpa\u010do ar neapstr\u0101d\u0101tu augst\u0101k\u0101 labuma ol\u012bve\u013c\u013cu ARTEOLIVA 1 litrs"},"content":{"rendered":"<p>Tas ir produkts, kas prec\u012bzi atbilst Andal\u016bzijas gazpa\u010do tradicion\u0101lajai receptei. T\u0101 sast\u0101v\u0101 ir augst\u0101k\u0101s kvalit\u0101tes svaigi d\u0101rze\u0146i, piem\u0113ram, tom\u0101ti, gur\u0137i, pipari, \u0137iploki, neapstr\u0101d\u0101ta augst\u0101k\u0101 labuma ol\u012bve\u013c\u013ca un maize, \u0161erija eti\u0137is, \u016bdens un j\u016bras s\u0101ls. At\u0161\u0137ir\u012bb\u0101 no citiem tirg\u016b pieejamajiem produktiem &#8220;ArteOliva&#8221; gazpacho sast\u0101v\u0101 ir vair\u0101k neapstr\u0101d\u0101tas augst\u0101k\u0101 labuma ol\u012bve\u013c\u013cas un maizes, kas tiek uzskat\u012bta par b\u016btisku tradicion\u0101l\u0101s receptes sast\u0101vda\u013cu.  <\/p>\n","protected":false},"excerpt":{"rendered":"<p>Tas ir produkts, kas prec\u012bzi atbilst Andal\u016bzijas gazpa\u010do tradicion\u0101lajai receptei. T\u0101 sast\u0101v\u0101 ir augst\u0101k\u0101s kvalit\u0101tes svaigi d\u0101rze\u0146i, piem\u0113ram, tom\u0101ti, gur\u0137i, pipari, \u0137iploki, neapstr\u0101d\u0101ta augst\u0101k\u0101 labuma ol\u012bve\u013c\u013ca un maize, \u0161erija eti\u0137is, \u016bdens un j\u016bras s\u0101ls. At\u0161\u0137ir\u012bb\u0101 no citiem tirg\u016b pieejamajiem produktiem &#8220;ArteOliva&#8221; gazpacho sast\u0101v\u0101 ir vair\u0101k neapstr\u0101d\u0101tas augst\u0101k\u0101 labuma ol\u012bve\u013c\u013cas un maizes, kas tiek uzskat\u012bta par [&hellip;]<\/p>\n","protected":false},"featured_media":37243,"template":"","meta":{"_et_pb_use_builder":"","_et_pb_old_content":"","_et_gb_content_width":""},"product_brand":[1457],"product_cat":[4859,2236,1963],"product_tag":[],"class_list":{"0":"post-37241","1":"product","2":"type-product","3":"status-publish","4":"has-post-thumbnail","6":"product_brand-arteoliva","7":"product_cat-dzerieni","8":"product_cat-extra-virgin-olivu","9":"product_cat-saglaba","11":"first","12":"outofstock","13":"taxable","14":"shipping-taxable","15":"product-type-variable"},"_links":{"self":[{"href":"https:\/\/myspainfood.com\/lv\/wp-json\/wp\/v2\/product\/37241","targetHints":{"allow":["GET"]}}],"collection":[{"href":"https:\/\/myspainfood.com\/lv\/wp-json\/wp\/v2\/product"}],"about":[{"href":"https:\/\/myspainfood.com\/lv\/wp-json\/wp\/v2\/types\/product"}],"wp:featuredmedia":[{"embeddable":true,"href":"https:\/\/myspainfood.com\/lv\/wp-json\/wp\/v2\/media\/37243"}],"wp:attachment":[{"href":"https:\/\/myspainfood.com\/lv\/wp-json\/wp\/v2\/media?parent=37241"}],"wp:term":[{"taxonomy":"product_brand","embeddable":true,"href":"https:\/\/myspainfood.com\/lv\/wp-json\/wp\/v2\/product_brand?post=37241"},{"taxonomy":"product_cat","embeddable":true,"href":"https:\/\/myspainfood.com\/lv\/wp-json\/wp\/v2\/product_cat?post=37241"},{"taxonomy":"product_tag","embeddable":true,"href":"https:\/\/myspainfood.com\/lv\/wp-json\/wp\/v2\/product_tag?post=37241"}],"curies":[{"name":"wp","href":"https:\/\/api.w.org\/{rel}","templated":true}]}}