{"id":37433,"date":"2025-04-10T12:05:45","date_gmt":"2025-04-10T10:05:45","guid":{"rendered":"https:\/\/myspainfood.com\/producto\/olu-kultenis-45-kg\/"},"modified":"2025-04-10T12:05:45","modified_gmt":"2025-04-10T10:05:45","slug":"olu-kultenis-45-kg","status":"publish","type":"product","link":"https:\/\/myspainfood.com\/lv\/producto\/olu-kultenis-45-kg\/","title":{"rendered":"Olu kultenis 4,5 kg"},"content":{"rendered":"<p>\u0160aj\u0101 4,5 kg s\u0101l\u012btaj\u0101 \u016bden\u012b, s\u0101l\u012b un eti\u0137\u012b saut\u0113taj\u0101 marin\u0113taj\u0101 marin\u0113t\u0101 d\u0101rze\u0146\u0101 ietilpst ol\u012bvas, s\u012bpoli un korni\u0161oni.<\/p>\n<p>\u0160\u012b ol\u012bvu un marin\u0113tu gur\u0137u <a href=\"https:\/\/www.google.com\/search?q=revuelto+aceitunas+s%C3%A1ngar&amp;sxsrf=APq-WBt1wkTZta0IAEDoueZPBxEuaY8Dtw:1644308614563&amp;source=lnms&amp;tbm=isch&amp;sa=X&amp;ved=2ahUKEwjouvz21u_1AhVV_rsIHacjBd0Q_AUoAXoECAEQAw&amp;biw=1577&amp;bih=780&amp;dpr=1\" target=\"_blank\" rel=\"noopener noreferrer nofollow\">kombin\u0101cija<\/a> \u013cauj izbaud\u012bt nep\u0101rsp\u0113jamu gar\u0161u j\u016bsu tapas vai uzkodas.<\/p>\n<p>Tas ir \u013coti vesel\u012bgs papildin\u0101jums m\u016bsu tradicion\u0101lajam barojo\u0161ajam Vidusj\u016bras re\u0123iona di\u0113tiskajam uzturam.<\/p>\n<p>Sp\u0101nij\u0101 m\u0113s atrodam ol\u012bvas, korni\u0161onus, bakla\u017e\u0101nus, burk\u0101nus, s\u012bpolus, \u013coti tradicion\u0101los kaperus, \u0137iplokus vai pat to mais\u012bjumu.<\/p>\n<p>Tos bie\u017ei pasniedz k\u0101 tapas pie alus (nevis v\u012bna eti\u0137a satura d\u0113\u013c).<\/p>\n<p>Marin\u0113ti gur\u0137i ir k\u013cuvu\u0161i par senu p\u0101rtikas produktu konserv\u0113\u0161anas pa\u0146\u0113mienu vis\u0101 pasaul\u0113 un ir k\u013cuvu\u0161i par vienu no popul\u0101r\u0101kaj\u0101m tap\u0101m jeb uzkodu \u0113dieniem Sp\u0101nijas gastronomij\u0101.<\/p>\n<h3><strong>Olu kulten\u012b\u0161u 4,5kg priek\u0161roc\u012bbas<\/strong><\/h3>\n<p>Vai j\u016bs zin\u0101j\u0101t, k\u0101das ir 4,5 kg olu kulten\u012b\u0161u un marin\u0113tu olu priek\u0161roc\u012bbas kopum\u0101? \u0160eit ir uzskait\u012btas vissvar\u012bg\u0101k\u0101s no t\u0101m: <\/p>\n<ul>\n<li>Bag\u0101ts ar probiotik\u0101m.<\/li>\n<li>Tie veicina gremo\u0161anu.<\/li>\n<li>T\u0101s stiprina im\u016bnsist\u0113mu.<\/li>\n<li>T\u0101s mazina cukura alkas.<\/li>\n<li>Labv\u0113l\u012bgi ietekm\u0113 \u017eultsp\u016b\u0161\u013ca darb\u012bbu.<\/li>\n<\/ul>\n<p>&nbsp;<\/p>\n<p>Ja v\u0113laties ieg\u0101d\u0101ties ol\u012bvas vai cita veida <a href=\"https:\/\/latiendadesami.com\/categoria-producto\/encurtidos\/\" rel=\"noopener noreferrer nofollow\" target=\"_blank\">marin\u0113tus d\u0101rze<\/a>\u0146us, nevilcinieties un iel\u016bkojieties m\u016bsu tie\u0161saistes katalog\u0101, lai iepaz\u012btos ar m\u016bsu pla\u0161o <a href=\"https:\/\/latiendadesami.com\/categoria-producto\/encurtidos\/aceitunas\/\" target=\"_blank\" rel=\"noopener noreferrer nofollow\">ol\u012bvu<\/a> vai Revuelto 4,5 kg kl\u0101stu.<\/p>\n<p>Lai ieg\u016btu vair\u0101k inform\u0101cijas, rakstiet mums.<\/p>\n","protected":false},"excerpt":{"rendered":"<p>\u0160aj\u0101 4,5 kg s\u0101l\u012btaj\u0101 \u016bden\u012b, s\u0101l\u012b un eti\u0137\u012b saut\u0113taj\u0101 marin\u0113taj\u0101 marin\u0113t\u0101 d\u0101rze\u0146\u0101 ietilpst ol\u012bvas, s\u012bpoli un korni\u0161oni. \u0160\u012b ol\u012bvu un marin\u0113tu gur\u0137u kombin\u0101cija \u013cauj izbaud\u012bt nep\u0101rsp\u0113jamu gar\u0161u j\u016bsu tapas vai uzkodas. Tas ir \u013coti vesel\u012bgs papildin\u0101jums m\u016bsu tradicion\u0101lajam barojo\u0161ajam Vidusj\u016bras re\u0123iona di\u0113tiskajam uzturam. Sp\u0101nij\u0101 m\u0113s atrodam ol\u012bvas, korni\u0161onus, bakla\u017e\u0101nus, burk\u0101nus, s\u012bpolus, \u013coti tradicion\u0101los kaperus, \u0137iplokus [&hellip;]<\/p>\n","protected":false},"featured_media":37434,"template":"","meta":{"_et_pb_use_builder":"","_et_pb_old_content":"","_et_gb_content_width":""},"product_brand":[1069],"product_cat":[2008,1731,1729],"product_tag":[8125],"class_list":{"0":"post-37433","1":"product","2":"type-product","3":"status-publish","4":"has-post-thumbnail","6":"product_brand-sangar","7":"product_cat-gurkisi","8":"product_cat-olivas","9":"product_cat-pickles-lv","10":"product_tag-olu-kultenis","12":"first","13":"outofstock","14":"taxable","15":"shipping-taxable","16":"purchasable","17":"product-type-simple"},"_links":{"self":[{"href":"https:\/\/myspainfood.com\/lv\/wp-json\/wp\/v2\/product\/37433","targetHints":{"allow":["GET"]}}],"collection":[{"href":"https:\/\/myspainfood.com\/lv\/wp-json\/wp\/v2\/product"}],"about":[{"href":"https:\/\/myspainfood.com\/lv\/wp-json\/wp\/v2\/types\/product"}],"wp:featuredmedia":[{"embeddable":true,"href":"https:\/\/myspainfood.com\/lv\/wp-json\/wp\/v2\/media\/37434"}],"wp:attachment":[{"href":"https:\/\/myspainfood.com\/lv\/wp-json\/wp\/v2\/media?parent=37433"}],"wp:term":[{"taxonomy":"product_brand","embeddable":true,"href":"https:\/\/myspainfood.com\/lv\/wp-json\/wp\/v2\/product_brand?post=37433"},{"taxonomy":"product_cat","embeddable":true,"href":"https:\/\/myspainfood.com\/lv\/wp-json\/wp\/v2\/product_cat?post=37433"},{"taxonomy":"product_tag","embeddable":true,"href":"https:\/\/myspainfood.com\/lv\/wp-json\/wp\/v2\/product_tag?post=37433"}],"curies":[{"name":"wp","href":"https:\/\/api.w.org\/{rel}","templated":true}]}}