{"id":37440,"date":"2025-04-10T12:05:09","date_gmt":"2025-04-10T10:05:09","guid":{"rendered":"https:\/\/myspainfood.com\/producto\/baltie-kiploki-900-gr-chicon\/"},"modified":"2025-04-10T12:05:09","modified_gmt":"2025-04-10T10:05:09","slug":"baltie-kiploki-900-gr-chicon","status":"publish","type":"product","link":"https:\/\/myspainfood.com\/lv\/producto\/baltie-kiploki-900-gr-chicon\/","title":{"rendered":"Baltie \u0137iploki 900 gr Chic\u00f3n"},"content":{"rendered":"<p><strong>Baltie \u0137iploki e\u013c\u013c\u0101<\/strong>, mizoti, apstr\u0101d\u0101ti un konserv\u0113ti, lai m\u012bkstin\u0101tu to dabisko gar\u0161u, vienlaikus saglab\u0101jot s\u0101kotn\u0113j\u0101s \u012bpa\u0161\u012bbas.<\/p>\n<p>\u0136iploki e\u013c\u013c\u0101 ir delikatese gar\u0161as k\u0101rpi\u0146\u0101m - gan k\u0101 uzkoda, gan k\u0101 papildin\u0101jums lab\u0101kajiem \u0113dieniem.<\/p>\n<h3><strong>Balt\u0101s \u0137iploku <a href=\"https:\/\/aceitunaschiconlebron.com\/catalogo\/ajos-en-aceite\/\" target=\"_blank\" rel=\"noopener noreferrer nofollow\">e\u013c\u013cas<\/a> priek\u0161roc\u012bbas<\/strong><\/h3>\n<p>Vai j\u016bs zin\u0101t, k\u0101das ir \u0137iploku e\u013c\u013c\u0101 k\u0101 marin\u0113tu d\u0101rze\u0146u galven\u0101s priek\u0161roc\u012bbas? Bez daudz\u0101m cit\u0101m \u012bpa\u0161\u012bb\u0101m tie ir bag\u0101ti ar probiotik\u0101m, stiprina im\u016bnsist\u0113mu un pat veicina gremo\u0161anu. <\/p>\n<p>Marin\u0113ti gur\u0137i ir k\u013cuvu\u0161i par senu p\u0101rtikas produktu konserv\u0113\u0161anas pa\u0146\u0113mienu vis\u0101 pasaul\u0113 un ir k\u013cuvu\u0161i par vienu no visvair\u0101k iecien\u012btaj\u0101m tap\u0101m jeb uzkodu \u0113dieniem Sp\u0101nijas gastronomij\u0101. Papildus gar\u0161\u012bgajiem <strong>\u0137iplokiem e\u013c\u013c\u0101<\/strong> m\u016bsu tie\u0161saistes katalog\u0101 j\u016bs varat atrast ar\u012b citus marin\u0113to marin\u0113jumu veidus, piem\u0113ram, kaperus, sald\u0101s banderillas vai pikant\u0101s banderillas. <\/p>\n<h3><strong>\u012apa\u0161\u012bbas Marin\u0113ti \u0137iploki<\/strong><\/h3>\n<p>Tam piem\u012bt <strong>antibiotiku \u012bpa\u0161\u012bbas<\/strong>. \u0136iploku e\u013c\u013ca izn\u012bcina da\u017e\u0101dus mikrobus, piem\u0113ram, v\u012brusus, bakt\u0113rijas, s\u0113n\u012btes un paraz\u012btus. <\/p>\n<p>Tas nodro\u0161ina <strong>ats\u0101pino\u0161u iedarb\u012bbu<\/strong>, ir C vitam\u012bna, enz\u012bmu un miner\u0101lvielu avots, kas pal\u012bdz uzlabot organisma aizsargsp\u0113jas un imunit\u0101ti.<\/p>\n<p><strong>\u0136iploki e\u013c\u013c\u0101 pasarg\u0101 m\u016bsu sirdi no sirds<\/strong> un asinsvadu sirds probl\u0113m\u0101m, piem\u0113ram, infarkta un aterosklerozes.<\/p>\n<p>V\u0113l viena <strong>marin\u0113tu \u0137iploku \u012bpa\u0161\u012bba ir<\/strong> t\u0101, ka tie pazemina holester\u012bna l\u012bmeni, jo tie sp\u0113j m\u0113reni pazemin\u0101t triglicer\u012bdu un kop\u0113j\u0101 holester\u012bna l\u012bmeni asin\u012bs, kas var samazin\u0101t arteri\u0101lo pl\u0101ksn\u012b\u0161u veido\u0161anos.<\/p>\n<p>\u012as\u0101k sakot, \u0137iplokiem e\u013c\u013c\u0101 vai <a href=\"https:\/\/latiendadesami.com\/categoria-producto\/encurtidos\/\" target=\"_blank\" rel=\"noopener noreferrer nofollow\">marin\u0113tiem<\/a> \u0137iplokiem piem\u012bt vair\u0101kas \u012bpa\u0161\u012bbas un priek\u0161roc\u012bbas cilv\u0113ka vesel\u012bbai.<\/p>\n","protected":false},"excerpt":{"rendered":"<p>Baltie \u0137iploki e\u013c\u013c\u0101, mizoti, apstr\u0101d\u0101ti un konserv\u0113ti, lai m\u012bkstin\u0101tu to dabisko gar\u0161u, vienlaikus saglab\u0101jot s\u0101kotn\u0113j\u0101s \u012bpa\u0161\u012bbas. \u0136iploki e\u013c\u013c\u0101 ir delikatese gar\u0161as k\u0101rpi\u0146\u0101m - gan k\u0101 uzkoda, gan k\u0101 papildin\u0101jums lab\u0101kajiem \u0113dieniem. Balt\u0101s \u0137iploku e\u013c\u013cas priek\u0161roc\u012bbas Vai j\u016bs zin\u0101t, k\u0101das ir \u0137iploku e\u013c\u013c\u0101 k\u0101 marin\u0113tu d\u0101rze\u0146u galven\u0101s priek\u0161roc\u012bbas? Bez daudz\u0101m cit\u0101m \u012bpa\u0161\u012bb\u0101m tie ir bag\u0101ti ar [&hellip;]<\/p>\n","protected":false},"featured_media":37442,"template":"","meta":{"_et_pb_use_builder":"","_et_pb_old_content":"","_et_gb_content_width":""},"product_brand":[1036],"product_cat":[3906,1729],"product_tag":[3907,4183],"class_list":{"0":"post-37440","1":"product","2":"type-product","3":"status-publish","4":"has-post-thumbnail","6":"product_brand-chicon","7":"product_cat-kiploki","8":"product_cat-pickles-lv","9":"product_tag-kiploki","10":"product_tag-white","12":"first","13":"instock","14":"taxable","15":"shipping-taxable","16":"purchasable","17":"product-type-variable"},"_links":{"self":[{"href":"https:\/\/myspainfood.com\/lv\/wp-json\/wp\/v2\/product\/37440","targetHints":{"allow":["GET"]}}],"collection":[{"href":"https:\/\/myspainfood.com\/lv\/wp-json\/wp\/v2\/product"}],"about":[{"href":"https:\/\/myspainfood.com\/lv\/wp-json\/wp\/v2\/types\/product"}],"wp:featuredmedia":[{"embeddable":true,"href":"https:\/\/myspainfood.com\/lv\/wp-json\/wp\/v2\/media\/37442"}],"wp:attachment":[{"href":"https:\/\/myspainfood.com\/lv\/wp-json\/wp\/v2\/media?parent=37440"}],"wp:term":[{"taxonomy":"product_brand","embeddable":true,"href":"https:\/\/myspainfood.com\/lv\/wp-json\/wp\/v2\/product_brand?post=37440"},{"taxonomy":"product_cat","embeddable":true,"href":"https:\/\/myspainfood.com\/lv\/wp-json\/wp\/v2\/product_cat?post=37440"},{"taxonomy":"product_tag","embeddable":true,"href":"https:\/\/myspainfood.com\/lv\/wp-json\/wp\/v2\/product_tag?post=37440"}],"curies":[{"name":"wp","href":"https:\/\/api.w.org\/{rel}","templated":true}]}}