{"id":37441,"date":"2025-04-10T12:05:09","date_gmt":"2025-04-10T10:05:09","guid":{"rendered":"https:\/\/myspainfood.com\/producto\/obregona-partija\/"},"modified":"2025-04-10T12:05:09","modified_gmt":"2025-04-10T10:05:09","slug":"obregona-partija","status":"publish","type":"product","link":"https:\/\/myspainfood.com\/lv\/producto\/obregona-partija\/","title":{"rendered":"Obregona partija"},"content":{"rendered":"<p>Chic\u00f3n Lebr\u00f3n ol\u012bvas tiek ra\u017eotas, gar\u0161in\u0101tas un iepakotas Antequer\u0101 (Malaga), t\u0101s tiek nov\u0101ktas ar rok\u0101m un ir slavenas ar savu kvalit\u0101ti un neatk\u0101rtojamo gar\u0161u.<\/p>\n","protected":false},"excerpt":{"rendered":"<p>ol\u012bvas obregon split<\/p>\n","protected":false},"featured_media":37449,"template":"","meta":{"_et_pb_use_builder":"","_et_pb_old_content":"","_et_gb_content_width":""},"product_brand":[1036],"product_cat":[1731,1729],"product_tag":[8128,8129],"class_list":{"0":"post-37441","1":"product","2":"type-product","3":"status-publish","4":"has-post-thumbnail","6":"product_brand-chicon","7":"product_cat-olivas","8":"product_cat-pickles-lv","9":"product_tag-obregon-lv","10":"product_tag-puse","12":"first","13":"outofstock","14":"taxable","15":"shipping-taxable","16":"product-type-variable"},"_links":{"self":[{"href":"https:\/\/myspainfood.com\/lv\/wp-json\/wp\/v2\/product\/37441","targetHints":{"allow":["GET"]}}],"collection":[{"href":"https:\/\/myspainfood.com\/lv\/wp-json\/wp\/v2\/product"}],"about":[{"href":"https:\/\/myspainfood.com\/lv\/wp-json\/wp\/v2\/types\/product"}],"wp:featuredmedia":[{"embeddable":true,"href":"https:\/\/myspainfood.com\/lv\/wp-json\/wp\/v2\/media\/37449"}],"wp:attachment":[{"href":"https:\/\/myspainfood.com\/lv\/wp-json\/wp\/v2\/media?parent=37441"}],"wp:term":[{"taxonomy":"product_brand","embeddable":true,"href":"https:\/\/myspainfood.com\/lv\/wp-json\/wp\/v2\/product_brand?post=37441"},{"taxonomy":"product_cat","embeddable":true,"href":"https:\/\/myspainfood.com\/lv\/wp-json\/wp\/v2\/product_cat?post=37441"},{"taxonomy":"product_tag","embeddable":true,"href":"https:\/\/myspainfood.com\/lv\/wp-json\/wp\/v2\/product_tag?post=37441"}],"curies":[{"name":"wp","href":"https:\/\/api.w.org\/{rel}","templated":true}]}}