{"id":37472,"date":"2025-04-10T12:08:44","date_gmt":"2025-04-10T10:08:44","guid":{"rendered":"https:\/\/myspainfood.com\/producto\/linu-astonkaji-60-vienibas\/"},"modified":"2025-07-28T10:35:44","modified_gmt":"2025-07-28T08:35:44","slug":"linu-astonkaji-60-vienibas","status":"publish","type":"product","link":"https:\/\/myspainfood.com\/lv\/producto\/linu-astonkaji-60-vienibas\/","title":{"rendered":"Linu asto\u0146k\u0101ji 60 vien\u012bbas"},"content":{"rendered":"<p>E\u013c\u013ca (85% saulespu\u0137u, 15% ol\u012bvu), asto\u0146k\u0101ji, ol\u012bvas ar an\u0161ovu pild\u012bjumu, sarkanie pipari, gur\u0137i un s\u012bpoli.<\/p>\n","protected":false},"excerpt":{"rendered":"<p>E\u013c\u013ca (85% saulespu\u0137u, 15% ol\u012bvu), asto\u0146k\u0101ji, ol\u012bvas ar an\u0161ovu pild\u012bjumu, sarkanie pipari, gur\u0137i un s\u012bpoli.<\/p>\n","protected":false},"featured_media":37473,"template":"","meta":{"_et_pb_use_builder":"","_et_pb_old_content":"","_et_gb_content_width":""},"product_brand":[],"product_cat":[1823,8132,1821,2008,1731,1729,1824],"product_tag":[],"class_list":{"0":"post-37472","1":"product","2":"type-product","3":"status-publish","4":"has-post-thumbnail","6":"product_cat-ansovi","7":"product_cat-astonkajis","8":"product_cat-cold","9":"product_cat-gurkisi","10":"product_cat-olivas","11":"product_cat-pickles-lv","12":"product_cat-pintxos-lv","13":"product_shipping_class-aukstuma-sutijums","15":"first","16":"instock","17":"taxable","18":"shipping-taxable","19":"purchasable","20":"product-type-simple"},"_links":{"self":[{"href":"https:\/\/myspainfood.com\/lv\/wp-json\/wp\/v2\/product\/37472","targetHints":{"allow":["GET"]}}],"collection":[{"href":"https:\/\/myspainfood.com\/lv\/wp-json\/wp\/v2\/product"}],"about":[{"href":"https:\/\/myspainfood.com\/lv\/wp-json\/wp\/v2\/types\/product"}],"wp:featuredmedia":[{"embeddable":true,"href":"https:\/\/myspainfood.com\/lv\/wp-json\/wp\/v2\/media\/37473"}],"wp:attachment":[{"href":"https:\/\/myspainfood.com\/lv\/wp-json\/wp\/v2\/media?parent=37472"}],"wp:term":[{"taxonomy":"product_brand","embeddable":true,"href":"https:\/\/myspainfood.com\/lv\/wp-json\/wp\/v2\/product_brand?post=37472"},{"taxonomy":"product_cat","embeddable":true,"href":"https:\/\/myspainfood.com\/lv\/wp-json\/wp\/v2\/product_cat?post=37472"},{"taxonomy":"product_tag","embeddable":true,"href":"https:\/\/myspainfood.com\/lv\/wp-json\/wp\/v2\/product_tag?post=37472"}],"curies":[{"name":"wp","href":"https:\/\/api.w.org\/{rel}","templated":true}]}}