{"id":37514,"date":"2025-04-10T12:08:46","date_gmt":"2025-04-10T10:08:46","guid":{"rendered":"https:\/\/myspainfood.com\/producto\/tris-ansovi-55-gab\/"},"modified":"2026-04-24T07:37:57","modified_gmt":"2026-04-24T05:37:57","slug":"tris-ansovi-55-gab","status":"publish","type":"product","link":"https:\/\/myspainfood.com\/lv\/producto\/tris-ansovi-55-gab\/","title":{"rendered":"Tr\u012bs an\u0161ovi 55 gab."},"content":{"rendered":"<p>E\u013c\u013ca (85% saulespu\u0137u e\u013c\u013ca, 15% ol\u012bve\u013c\u013cas), ol\u012bvas ar <strong>an\u0161ovu<\/strong> pild\u012bjumu,<strong> an\u0161ovi<\/strong> eti\u0137\u012b un piparra.<\/p>\n","protected":false},"excerpt":{"rendered":"<p>E\u013c\u013ca (85% saulespu\u0137u e\u013c\u013ca, 15% ol\u012bve\u013c\u013cas), ol\u012bvas ar an\u0161ovu pild\u012bjumu, an\u0161ovi eti\u0137\u012b un piparra.<\/p>\n","protected":false},"featured_media":37515,"template":"","meta":{"_et_pb_use_builder":"","_et_pb_old_content":"","_et_gb_content_width":""},"product_brand":[],"product_cat":[1904,1823,1821,1731,1729,1824],"product_tag":[],"class_list":{"0":"post-37514","1":"product","2":"type-product","3":"status-publish","4":"has-post-thumbnail","6":"product_cat-ansovi-lv","7":"product_cat-ansovi","8":"product_cat-cold","9":"product_cat-olivas","10":"product_cat-pickles-lv","11":"product_cat-pintxos-lv","12":"product_shipping_class-aukstuma-sutijums","14":"first","15":"instock","16":"taxable","17":"shipping-taxable","18":"purchasable","19":"product-type-simple"},"_links":{"self":[{"href":"https:\/\/myspainfood.com\/lv\/wp-json\/wp\/v2\/product\/37514","targetHints":{"allow":["GET"]}}],"collection":[{"href":"https:\/\/myspainfood.com\/lv\/wp-json\/wp\/v2\/product"}],"about":[{"href":"https:\/\/myspainfood.com\/lv\/wp-json\/wp\/v2\/types\/product"}],"wp:featuredmedia":[{"embeddable":true,"href":"https:\/\/myspainfood.com\/lv\/wp-json\/wp\/v2\/media\/37515"}],"wp:attachment":[{"href":"https:\/\/myspainfood.com\/lv\/wp-json\/wp\/v2\/media?parent=37514"}],"wp:term":[{"taxonomy":"product_brand","embeddable":true,"href":"https:\/\/myspainfood.com\/lv\/wp-json\/wp\/v2\/product_brand?post=37514"},{"taxonomy":"product_cat","embeddable":true,"href":"https:\/\/myspainfood.com\/lv\/wp-json\/wp\/v2\/product_cat?post=37514"},{"taxonomy":"product_tag","embeddable":true,"href":"https:\/\/myspainfood.com\/lv\/wp-json\/wp\/v2\/product_tag?post=37514"}],"curies":[{"name":"wp","href":"https:\/\/api.w.org\/{rel}","templated":true}]}}