{"id":37747,"date":"2025-04-10T12:10:09","date_gmt":"2025-04-10T10:10:09","guid":{"rendered":"https:\/\/myspainfood.com\/producto\/tradicionalo-gardezu-cazorla-pastesu-sortiments\/"},"modified":"2025-04-10T12:10:09","modified_gmt":"2025-04-10T10:10:09","slug":"tradicionalo-gardezu-cazorla-pastesu-sortiments","status":"publish","type":"product","link":"https:\/\/myspainfood.com\/lv\/producto\/tradicionalo-gardezu-cazorla-pastesu-sortiments\/","title":{"rendered":"Tradicion\u0101lo gard\u0113\u017eu Cazorla past\u0113\u0161u sortiments"},"content":{"rendered":"<p>\u0160aj\u0101 kast\u012bt\u0113 ietilpst 6 m\u016bsu past\u0113tes no tradicion\u0101l\u0101s Gourmet Cazorla s\u0113rijas.<\/p>\n<p> Ide\u0101la d\u0101vana j\u016bsu m\u012b\u013cajiem&#8230;<\/p>\n","protected":false},"excerpt":{"rendered":"<p>\u0160aj\u0101 kast\u012bt\u0113 ietilpst 6 m\u016bsu past\u0113tes no tradicion\u0101l\u0101s Gourmet Cazorla s\u0113rijas. Ide\u0101la d\u0101vana j\u016bsu m\u012b\u013cajiem&#8230;<\/p>\n","protected":false},"featured_media":37748,"template":"","meta":{"_et_pb_use_builder":"","_et_pb_old_content":"","_et_gb_content_width":""},"product_brand":[],"product_cat":[8184,1963],"product_tag":[],"class_list":{"0":"post-37747","1":"product","2":"type-product","3":"status-publish","4":"has-post-thumbnail","6":"product_cat-pastete","7":"product_cat-saglaba","9":"first","10":"instock","11":"taxable","12":"shipping-taxable","13":"purchasable","14":"product-type-simple"},"_links":{"self":[{"href":"https:\/\/myspainfood.com\/lv\/wp-json\/wp\/v2\/product\/37747","targetHints":{"allow":["GET"]}}],"collection":[{"href":"https:\/\/myspainfood.com\/lv\/wp-json\/wp\/v2\/product"}],"about":[{"href":"https:\/\/myspainfood.com\/lv\/wp-json\/wp\/v2\/types\/product"}],"wp:featuredmedia":[{"embeddable":true,"href":"https:\/\/myspainfood.com\/lv\/wp-json\/wp\/v2\/media\/37748"}],"wp:attachment":[{"href":"https:\/\/myspainfood.com\/lv\/wp-json\/wp\/v2\/media?parent=37747"}],"wp:term":[{"taxonomy":"product_brand","embeddable":true,"href":"https:\/\/myspainfood.com\/lv\/wp-json\/wp\/v2\/product_brand?post=37747"},{"taxonomy":"product_cat","embeddable":true,"href":"https:\/\/myspainfood.com\/lv\/wp-json\/wp\/v2\/product_cat?post=37747"},{"taxonomy":"product_tag","embeddable":true,"href":"https:\/\/myspainfood.com\/lv\/wp-json\/wp\/v2\/product_tag?post=37747"}],"curies":[{"name":"wp","href":"https:\/\/api.w.org\/{rel}","templated":true}]}}