{"id":37843,"date":"2025-04-10T12:10:39","date_gmt":"2025-04-10T10:10:39","guid":{"rendered":"https:\/\/myspainfood.com\/producto\/baklazani-sasmalcinati-almagro-45-kg-svaigi\/"},"modified":"2025-04-10T12:10:39","modified_gmt":"2025-04-10T10:10:39","slug":"baklazani-sasmalcinati-almagro-45-kg-svaigi","status":"publish","type":"product","link":"https:\/\/myspainfood.com\/lv\/producto\/baklazani-sasmalcinati-almagro-45-kg-svaigi\/","title":{"rendered":"Bakla\u017e\u0101ni, sasmalcin\u0101ti Almagro 4,5 kg svaigi"},"content":{"rendered":"<p>Almagro sasmalcin\u0101tie bakla\u017e\u0101ni ir tradicion\u0101ls produkts no Campo de Calatrava re\u0123iona, kas atrodas pa\u0161\u0101 La <a href=\"https:\/\/www.laencajera.es\/berenjenas-de-almagro\" target=\"_blank\" rel=\"noopener noreferrer nofollow\">Man\u010das<\/a> sird\u012b.<\/p>\n<p>Produkts ar aizsarg\u0101tu \u0123eogr\u0101fisk\u0101s izcelsmes nor\u0101di, kas ir k\u013cuvis par gastronomijas atskaites punktu gan k\u0101 aperit\u012bvs, gan k\u0101 karstais vai aukstais \u0113diens.<\/p>\n<p>Sast\u0101vda\u013cas: Aromatiz\u0113t\u0101ji: bakla\u017e\u0101ni &#8220;De Almagro&#8221;, \u016bdens, s\u0101ls, v\u012bna eti\u0137is, pipari, fenhelis, dab\u012bg\u0101s gar\u0161vielas (\u0137iploki, \u0137imenes, paprika, ol\u012bve\u013c\u013ca), gar\u0161as pastiprin\u0101t\u0101js (E-621), sk\u0101bin\u0101t\u0101ji (E-330), konservanti (E-270, E-211, E-202E-223), antioksidants (E-300) un dab\u012bg\u0101s aromatiz\u0113t\u0101jas.<\/p>\n<p>Uzglab\u0101t v\u0113s\u0101, saus\u0101 viet\u0101, temperat\u016br\u0101 no 3\u00baC l\u012bdz 10\u00baC.<\/p>\n<p>Aizsarg\u0101jiet no saules gaismas un sp\u0113c\u012bg\u0101m smak\u0101m.<\/p>\n<p>Almagro bakla\u017e\u0101nus p\u0113c iepakojuma atv\u0113r\u0161anas uzglab\u0101t ledusskap\u012b un pat\u0113r\u0113t 30 dienu laik\u0101.<\/p>\n<p>Ja v\u0113laties ieg\u0101d\u0101ties ol\u012bvas vai cita veida <a href=\"https:\/\/latiendadesami.com\/categoria-producto\/encurtidos\/\" rel=\"noopener noreferrer nofollow\" target=\"_blank\">marin\u0113tus gur\u0137us<\/a>, nevilcinieties iel\u016bkoties m\u016bsu tie\u0161saistes katalog\u0101, lai iepaz\u012btos ar m\u016bsu pla\u0161o <a href=\"https:\/\/latiendadesami.com\/categoria-producto\/encurtidos\/berenjenas\/\" target=\"_blank\" rel=\"noopener noreferrer nofollow\">bakla\u017e\u0101nu<\/a> kl\u0101stu.<\/p>\n<p>\u0160is z\u012bmols ir La Encajonera, \u0123imenes uz\u0146\u0113mums, kas dibin\u0101ts 1990. gad\u0101 un atrodas pa\u0161\u0101 La Man\u010das sird\u012b, ALMAGRO pils\u0113t\u0101, Ciudad Real provinc\u0113.<\/p>\n<p>T\u0101s produktu ra\u017eo\u0161anas process s\u0101kas taj\u0101 pa\u0161\u0101 audz\u0113\u0161anas apgabal\u0101, izv\u0113loties vislab\u0101k\u0101s kvalit\u0101tes produktus.<\/p>\n<p>R\u016bpn\u012bca ir apr\u012bkota ar vismodern\u0101kaj\u0101m tehnolo\u0123ij\u0101m, vienlaikus saglab\u0101jot amatnieku trad\u012bcijas un zin\u0101\u0161anas.<\/p>\n","protected":false},"excerpt":{"rendered":"<p>Almagro sasmalcin\u0101tie bakla\u017e\u0101ni ir tradicion\u0101ls produkts no Campo de Calatrava re\u0123iona, kas atrodas pa\u0161\u0101 La Man\u010das sird\u012b. Produkts ar aizsarg\u0101tu \u0123eogr\u0101fisk\u0101s izcelsmes nor\u0101di, kas ir k\u013cuvis par gastronomijas atskaites punktu gan k\u0101 aperit\u012bvs, gan k\u0101 karstais vai aukstais \u0113diens. Sast\u0101vda\u013cas: Aromatiz\u0113t\u0101ji: bakla\u017e\u0101ni &#8220;De Almagro&#8221;, \u016bdens, s\u0101ls, v\u012bna eti\u0137is, pipari, fenhelis, dab\u012bg\u0101s gar\u0161vielas (\u0137iploki, \u0137imenes, paprika, [&hellip;]<\/p>\n","protected":false},"featured_media":37844,"template":"","meta":{"_et_pb_use_builder":"","_et_pb_old_content":"","_et_gb_content_width":""},"product_brand":[1057],"product_cat":[2124,1729],"product_tag":[2125],"class_list":{"0":"post-37843","1":"product","2":"type-product","3":"status-publish","4":"has-post-thumbnail","6":"product_brand-la-encajera","7":"product_cat-baklazani","8":"product_cat-pickles-lv","9":"product_tag-alinada-lv","11":"first","12":"instock","13":"taxable","14":"shipping-taxable","15":"purchasable","16":"product-type-simple"},"_links":{"self":[{"href":"https:\/\/myspainfood.com\/lv\/wp-json\/wp\/v2\/product\/37843","targetHints":{"allow":["GET"]}}],"collection":[{"href":"https:\/\/myspainfood.com\/lv\/wp-json\/wp\/v2\/product"}],"about":[{"href":"https:\/\/myspainfood.com\/lv\/wp-json\/wp\/v2\/types\/product"}],"wp:featuredmedia":[{"embeddable":true,"href":"https:\/\/myspainfood.com\/lv\/wp-json\/wp\/v2\/media\/37844"}],"wp:attachment":[{"href":"https:\/\/myspainfood.com\/lv\/wp-json\/wp\/v2\/media?parent=37843"}],"wp:term":[{"taxonomy":"product_brand","embeddable":true,"href":"https:\/\/myspainfood.com\/lv\/wp-json\/wp\/v2\/product_brand?post=37843"},{"taxonomy":"product_cat","embeddable":true,"href":"https:\/\/myspainfood.com\/lv\/wp-json\/wp\/v2\/product_cat?post=37843"},{"taxonomy":"product_tag","embeddable":true,"href":"https:\/\/myspainfood.com\/lv\/wp-json\/wp\/v2\/product_tag?post=37843"}],"curies":[{"name":"wp","href":"https:\/\/api.w.org\/{rel}","templated":true}]}}