{"id":37851,"date":"2025-04-10T12:10:07","date_gmt":"2025-04-10T10:10:07","guid":{"rendered":"https:\/\/myspainfood.com\/producto\/iberijas-piragu-pastesu-sortiments-gourmet-cazorla\/"},"modified":"2025-04-10T12:10:07","modified_gmt":"2025-04-10T10:10:07","slug":"iberijas-piragu-pastesu-sortiments-gourmet-cazorla","status":"publish","type":"product","link":"https:\/\/myspainfood.com\/lv\/producto\/iberijas-piragu-pastesu-sortiments-gourmet-cazorla\/","title":{"rendered":"Iberijas p\u012br\u0101gu past\u0113\u0161u sortiments Gourmet Cazorla"},"content":{"rendered":"<p>\u0160aj\u0101 kast\u012bt\u0113 ir 6 m\u016bsu tradicion\u0101l\u0101s gard\u0113\u017eu past\u0113tes Cazorla.<\/p>\n<p> Ide\u0101la d\u0101vana j\u016bsu m\u012b\u013cajiem&#8230; dzim\u0161anas dien\u0101, Ziemassv\u0113tkos, k\u0101 pateic\u012bba par ieguld\u012bto darbu vai vienk\u0101r\u0161i t\u0101p\u0113c, un ar\u012b jums, jo j\u016bs to esat peln\u012bju\u0161i.<\/p>\n","protected":false},"excerpt":{"rendered":"<p>\u0160aj\u0101 kast\u012bt\u0113 ir 6 m\u016bsu tradicion\u0101l\u0101s gard\u0113\u017eu past\u0113tes Cazorla. Ide\u0101la d\u0101vana j\u016bsu m\u012b\u013cajiem&#8230; dzim\u0161anas dien\u0101, Ziemassv\u0113tkos, k\u0101 pateic\u012bba par ieguld\u012bto darbu vai vienk\u0101r\u0161i t\u0101p\u0113c, un ar\u012b jums, jo j\u016bs to esat peln\u012bju\u0161i.<\/p>\n","protected":false},"featured_media":37853,"template":"","meta":{"_et_pb_use_builder":"","_et_pb_old_content":"","_et_gb_content_width":""},"product_brand":[],"product_cat":[8184,1963],"product_tag":[],"class_list":{"0":"post-37851","1":"product","2":"type-product","3":"status-publish","4":"has-post-thumbnail","6":"product_cat-pastete","7":"product_cat-saglaba","9":"first","10":"instock","11":"taxable","12":"shipping-taxable","13":"purchasable","14":"product-type-simple"},"_links":{"self":[{"href":"https:\/\/myspainfood.com\/lv\/wp-json\/wp\/v2\/product\/37851","targetHints":{"allow":["GET"]}}],"collection":[{"href":"https:\/\/myspainfood.com\/lv\/wp-json\/wp\/v2\/product"}],"about":[{"href":"https:\/\/myspainfood.com\/lv\/wp-json\/wp\/v2\/types\/product"}],"wp:featuredmedia":[{"embeddable":true,"href":"https:\/\/myspainfood.com\/lv\/wp-json\/wp\/v2\/media\/37853"}],"wp:attachment":[{"href":"https:\/\/myspainfood.com\/lv\/wp-json\/wp\/v2\/media?parent=37851"}],"wp:term":[{"taxonomy":"product_brand","embeddable":true,"href":"https:\/\/myspainfood.com\/lv\/wp-json\/wp\/v2\/product_brand?post=37851"},{"taxonomy":"product_cat","embeddable":true,"href":"https:\/\/myspainfood.com\/lv\/wp-json\/wp\/v2\/product_cat?post=37851"},{"taxonomy":"product_tag","embeddable":true,"href":"https:\/\/myspainfood.com\/lv\/wp-json\/wp\/v2\/product_tag?post=37851"}],"curies":[{"name":"wp","href":"https:\/\/api.w.org\/{rel}","templated":true}]}}