{"id":38167,"date":"2025-04-10T12:14:40","date_gmt":"2025-04-10T10:14:40","guid":{"rendered":"https:\/\/myspainfood.com\/producto\/ciles-escabeche-gliemenes-10-15-gab-marevento\/"},"modified":"2026-01-30T14:30:33","modified_gmt":"2026-01-30T13:30:33","slug":"ciles-escabeche-gliemenes-10-15-gab-marevento","status":"publish","type":"product","link":"https:\/\/myspainfood.com\/lv\/producto\/ciles-escabeche-gliemenes-10-15-gab-marevento\/","title":{"rendered":"\u010c\u012bles escabeche gliemenes 10-15 gab Marevento"},"content":{"rendered":"<p>V\u0101r\u012bti un cepti saulespu\u0137u e\u013c\u013c\u0101. Bisi tiek iz\u0146emti ar rok\u0101m un iepakoti pa vienam. Pievienota unik\u0101la marin\u0101de, kas pagatavota no dab\u012bg\u0101m sast\u0101vda\u013c\u0101m. Sast\u0101vda\u013cas: Sast\u0101vda\u013cas: \u010c\u012bles gliemenes, escabeche (saulespu\u0137u e\u013c\u013ca, sarkanv\u012bna eti\u0137is, \u016bdens, dab\u012bg\u0101s aromatiz\u0113t\u0101jas, gar\u0161vielas un s\u0101ls).<\/p>\n","protected":false},"excerpt":{"rendered":"<p>V\u0101r\u012bti un cepti saulespu\u0137u e\u013c\u013c\u0101. Bisi tiek iz\u0146emti ar rok\u0101m un iepakoti pa vienam. Pievienota unik\u0101la marin\u0101de, kas pagatavota no dab\u012bg\u0101m sast\u0101vda\u013c\u0101m. Sast\u0101vda\u013cas: Sast\u0101vda\u013cas: \u010c\u012bles gliemenes, escabeche (saulespu\u0137u e\u013c\u013ca, sarkanv\u012bna eti\u0137is, \u016bdens, dab\u012bg\u0101s aromatiz\u0113t\u0101jas, gar\u0161vielas un s\u0101ls).<\/p>\n","protected":false},"featured_media":38169,"template":"","meta":{"_et_pb_use_builder":"","_et_pb_old_content":"","_et_gb_content_width":""},"product_brand":[1428],"product_cat":[4058,1963],"product_tag":[],"class_list":{"0":"post-38167","1":"product","2":"type-product","3":"status-publish","4":"has-post-thumbnail","6":"product_brand-portonovo","7":"product_cat-midijas-lv-2","8":"product_cat-saglaba","10":"first","11":"instock","12":"taxable","13":"shipping-taxable","14":"purchasable","15":"product-type-variable"},"_links":{"self":[{"href":"https:\/\/myspainfood.com\/lv\/wp-json\/wp\/v2\/product\/38167","targetHints":{"allow":["GET"]}}],"collection":[{"href":"https:\/\/myspainfood.com\/lv\/wp-json\/wp\/v2\/product"}],"about":[{"href":"https:\/\/myspainfood.com\/lv\/wp-json\/wp\/v2\/types\/product"}],"wp:featuredmedia":[{"embeddable":true,"href":"https:\/\/myspainfood.com\/lv\/wp-json\/wp\/v2\/media\/38169"}],"wp:attachment":[{"href":"https:\/\/myspainfood.com\/lv\/wp-json\/wp\/v2\/media?parent=38167"}],"wp:term":[{"taxonomy":"product_brand","embeddable":true,"href":"https:\/\/myspainfood.com\/lv\/wp-json\/wp\/v2\/product_brand?post=38167"},{"taxonomy":"product_cat","embeddable":true,"href":"https:\/\/myspainfood.com\/lv\/wp-json\/wp\/v2\/product_cat?post=38167"},{"taxonomy":"product_tag","embeddable":true,"href":"https:\/\/myspainfood.com\/lv\/wp-json\/wp\/v2\/product_tag?post=38167"}],"curies":[{"name":"wp","href":"https:\/\/api.w.org\/{rel}","templated":true}]}}