{"id":38211,"date":"2025-04-10T12:14:40","date_gmt":"2025-04-10T10:14:40","guid":{"rendered":"https:\/\/myspainfood.com\/producto\/jaunzelandes-gliemenes-marineta-merce-4-6-gab-milzu-portonovo-115-gr\/"},"modified":"2026-01-30T14:32:17","modified_gmt":"2026-01-30T13:32:17","slug":"jaunzelandes-gliemenes-marineta-merce-4-6-gab-milzu-portonovo-115-gr","status":"publish","type":"product","link":"https:\/\/myspainfood.com\/lv\/producto\/jaunzelandes-gliemenes-marineta-merce-4-6-gab-milzu-portonovo-115-gr\/","title":{"rendered":"Jaunz\u0113landes gliemenes marin\u0113t\u0101 m\u0113rc\u0113 4-6 gab Milzu Portonovo - 115 Gr"},"content":{"rendered":"<p>Atkl\u0101jiet <strong>Gigante Portonovo<\/strong> <strong>Jaunz\u0113landes gliemenes marin\u0113t\u0101 m\u0113rc\u0113<\/strong>, kas izce\u013cas ar gar\u0161as intensit\u0101ti un kvalit\u0101ti. \u0160aj\u0101 augst\u0101k\u0101s kvalit\u0101tes produkt\u0101 ir no 4 l\u012bdz 6 atlas\u012bt\u0101m liel\u0101m gliemen\u0113m 115 gramu iepakojum\u0101, kas ir ide\u0101li piem\u0113rots tap\u0101m, sal\u0101tiem vai gard\u0113\u017eu uzkodu pagatavo\u0161anai. <\/p>\n<p>\u0160\u012bs Jaunz\u0113landes krist\u0101ldzidrajos \u016bde\u0146os audz\u0113t\u0101s gliemenes izce\u013cas ar ga\u013c\u012bgu konsistenci un nep\u0101rsp\u0113jamu gar\u0161u, ko papildina maiga marin\u0101de, kas izce\u013c to svaigumu un kvalit\u0101ti. T\u0101s ir ar\u012b bag\u0101tas ar olbaltumviel\u0101m, omega-3 un nepiecie\u0161amaj\u0101m miner\u0101lviel\u0101m, t\u0101p\u0113c t\u0101s ir vesel\u012bga un gar\u0161\u012bga izv\u0113le jebkurai di\u0113tai. <\/p>\n<p>Lai ieg\u016btu vair\u0101k j\u016bras vel\u0161u, apmekl\u0113jiet m\u016bsu <a href=\"https:\/\/latiendadesami.com\/categoria-producto\/conservas\/\" target=\"_new\" rel=\"noopener noreferrer nofollow\" target=\"_blank\">konservu sada\u013cu<\/a> un uzziniet par <strong>marin\u0113tu Jaunz\u0113landes glieme\u0146u<\/strong> priek\u0161roc\u012bb\u0101m sabalans\u0113t\u0101 uztur\u0101. Izbaudiet kvalit\u0101ti un autentiskumu, ko var pied\u0101v\u0101t tikai Portonovo!<\/p>\n","protected":false},"excerpt":{"rendered":"<p>Atkl\u0101jiet Gigante Portonovo Jaunz\u0113landes gliemenes marin\u0113t\u0101 m\u0113rc\u0113, kas izce\u013cas ar gar\u0161as intensit\u0101ti un kvalit\u0101ti. \u0160aj\u0101 augst\u0101k\u0101s kvalit\u0101tes produkt\u0101 ir no 4 l\u012bdz 6 atlas\u012bt\u0101m liel\u0101m gliemen\u0113m 115 gramu iepakojum\u0101, kas ir ide\u0101li piem\u0113rots tap\u0101m, sal\u0101tiem vai gard\u0113\u017eu uzkodu pagatavo\u0161anai. \u0160\u012bs Jaunz\u0113landes krist\u0101ldzidrajos \u016bde\u0146os audz\u0113t\u0101s gliemenes izce\u013cas ar ga\u013c\u012bgu konsistenci un nep\u0101rsp\u0113jamu gar\u0161u, ko papildina maiga [&hellip;]<\/p>\n","protected":false},"featured_media":38212,"template":"","meta":{"_et_pb_use_builder":"","_et_pb_old_content":"","_et_gb_content_width":""},"product_brand":[1428],"product_cat":[4058,1963],"product_tag":[],"class_list":{"0":"post-38211","1":"product","2":"type-product","3":"status-publish","4":"has-post-thumbnail","6":"product_brand-portonovo","7":"product_cat-midijas-lv-2","8":"product_cat-saglaba","10":"first","11":"outofstock","12":"taxable","13":"shipping-taxable","14":"product-type-variable"},"_links":{"self":[{"href":"https:\/\/myspainfood.com\/lv\/wp-json\/wp\/v2\/product\/38211","targetHints":{"allow":["GET"]}}],"collection":[{"href":"https:\/\/myspainfood.com\/lv\/wp-json\/wp\/v2\/product"}],"about":[{"href":"https:\/\/myspainfood.com\/lv\/wp-json\/wp\/v2\/types\/product"}],"wp:featuredmedia":[{"embeddable":true,"href":"https:\/\/myspainfood.com\/lv\/wp-json\/wp\/v2\/media\/38212"}],"wp:attachment":[{"href":"https:\/\/myspainfood.com\/lv\/wp-json\/wp\/v2\/media?parent=38211"}],"wp:term":[{"taxonomy":"product_brand","embeddable":true,"href":"https:\/\/myspainfood.com\/lv\/wp-json\/wp\/v2\/product_brand?post=38211"},{"taxonomy":"product_cat","embeddable":true,"href":"https:\/\/myspainfood.com\/lv\/wp-json\/wp\/v2\/product_cat?post=38211"},{"taxonomy":"product_tag","embeddable":true,"href":"https:\/\/myspainfood.com\/lv\/wp-json\/wp\/v2\/product_tag?post=38211"}],"curies":[{"name":"wp","href":"https:\/\/api.w.org\/{rel}","templated":true}]}}