{"id":38620,"date":"2025-04-10T12:09:10","date_gmt":"2025-04-10T10:09:10","guid":{"rendered":"https:\/\/myspainfood.com\/producto\/kazas-un-govs-siers-ribera-del-duero-vins-el-gran-cardenal\/"},"modified":"2026-03-13T13:08:40","modified_gmt":"2026-03-13T12:08:40","slug":"kazas-un-govs-siers-ribera-del-duero-vins-el-gran-cardenal","status":"publish","type":"product","link":"https:\/\/myspainfood.com\/lv\/producto\/kazas-un-govs-siers-ribera-del-duero-vins-el-gran-cardenal\/","title":{"rendered":"Kazas un govs siers Ribera del Duero V\u012bns El Gran Cardenal"},"content":{"rendered":"<div class=\"et_pb_blurb_container\">\n<div class=\"et_pb_blurb_container\">\n<h4 class=\"et_pb_module_header\">Kaza ar Ribera de Duero v\u012bnu<\/h4>\n<div class=\"et_pb_blurb_description\">Kr\u0113mveida siers, kas gatavots no kazas un govs piena, kop\u0101 ar vienu no izcil\u0101kajiem Sp\u0101nij\u0101 ra\u017eotajiem v\u012bniem - Ribera del Duero v\u012bnu (nosaukums, kas ietver Kast\u012blijas un Leonas v\u012bna d\u0101rzus).<\/p>\n<p>V\u012bna kr\u0101sa ir redzama siera iek\u0161pus\u0113, jo tas tiek pievienots siera ra\u017eo\u0161anas laik\u0101.<\/p><\/div>\n<\/div>\n<\/div>\n","protected":false},"excerpt":{"rendered":"<p>Kaza ar Ribera de Duero v\u012bnu Kr\u0113mveida siers, kas gatavots no kazas un govs piena, kop\u0101 ar vienu no izcil\u0101kajiem Sp\u0101nij\u0101 ra\u017eotajiem v\u012bniem - Ribera del Duero v\u012bnu (nosaukums, kas ietver Kast\u012blijas un Leonas v\u012bna d\u0101rzus). V\u012bna kr\u0101sa ir redzama siera iek\u0161pus\u0113, jo tas tiek pievienots siera ra\u017eo\u0161anas laik\u0101.<\/p>\n","protected":false},"featured_media":38626,"template":"","meta":{"_et_pb_use_builder":"","_et_pb_old_content":"","_et_gb_content_width":""},"product_brand":[1319],"product_cat":[2732,1821,2274],"product_tag":[],"class_list":{"0":"post-38620","1":"product","2":"type-product","3":"status-publish","4":"has-post-thumbnail","6":"product_brand-el-gran-cardenal","7":"product_cat-arstesana","8":"product_cat-cold","9":"product_cat-siers-un-desa","10":"product_shipping_class-aukstuma-sutijums","12":"first","13":"instock","14":"taxable","15":"shipping-taxable","16":"purchasable","17":"product-type-variable"},"_links":{"self":[{"href":"https:\/\/myspainfood.com\/lv\/wp-json\/wp\/v2\/product\/38620","targetHints":{"allow":["GET"]}}],"collection":[{"href":"https:\/\/myspainfood.com\/lv\/wp-json\/wp\/v2\/product"}],"about":[{"href":"https:\/\/myspainfood.com\/lv\/wp-json\/wp\/v2\/types\/product"}],"wp:featuredmedia":[{"embeddable":true,"href":"https:\/\/myspainfood.com\/lv\/wp-json\/wp\/v2\/media\/38626"}],"wp:attachment":[{"href":"https:\/\/myspainfood.com\/lv\/wp-json\/wp\/v2\/media?parent=38620"}],"wp:term":[{"taxonomy":"product_brand","embeddable":true,"href":"https:\/\/myspainfood.com\/lv\/wp-json\/wp\/v2\/product_brand?post=38620"},{"taxonomy":"product_cat","embeddable":true,"href":"https:\/\/myspainfood.com\/lv\/wp-json\/wp\/v2\/product_cat?post=38620"},{"taxonomy":"product_tag","embeddable":true,"href":"https:\/\/myspainfood.com\/lv\/wp-json\/wp\/v2\/product_tag?post=38620"}],"curies":[{"name":"wp","href":"https:\/\/api.w.org\/{rel}","templated":true}]}}