{"id":38694,"date":"2025-04-10T12:09:16","date_gmt":"2025-04-10T10:09:16","guid":{"rendered":"https:\/\/myspainfood.com\/producto\/kantabrijas-juras-platina-serijas-ansovi-olivella\/"},"modified":"2025-06-24T13:39:29","modified_gmt":"2025-06-24T11:39:29","slug":"kantabrijas-juras-platina-serijas-ansovi-olivella","status":"publish","type":"product","link":"https:\/\/myspainfood.com\/lv\/producto\/kantabrijas-juras-platina-serijas-ansovi-olivella\/","title":{"rendered":"Kantabrijas j\u016bras plat\u012bna s\u0113rijas an\u0161ovi ol\u012bve\u013c\u013c\u0101"},"content":{"rendered":"<p><a href=\"https:\/\/conservasarlequin.com\/serie-oro\/\" target=\"_blank\" rel=\"noopener noreferrer nofollow\">Arlequin<\/a> Platinum s\u0113rijas an\u0161ovi ol\u012bve\u013c\u013c\u0101 ir amatnieciski konserv\u0113ts produkts.<\/p>\n<p><strong>E. A. N.:<\/strong> 8421993910985<\/p>\n<p><strong>Kods:<\/strong> 10010044<\/p>\n<p><strong>Neto svars: <\/strong>110g \/ 70g<\/p>\n<p><strong>Fileju skaits\/ gabalu skaits<\/strong>: 12<\/p>\n<p>Conservas <a href=\"https:\/\/latiendadesami.com\/marca\/arlequin\/\" target=\"_blank\" rel=\"noopener noreferrer nofollow\">Arlequ\u00edn<\/a> misija ir pied\u0101v\u0101t lielisku produktu, vislab\u0101ko apkalpo\u0161anu un pla\u0161u zivju konservu kl\u0101stu par lab\u0101ko cenu.<\/p>\n<p>Tie ir ar\u012b an\u0161ovu, Anchoa Arlequin Serie Oro 00, Serie Platinum ol\u012bve\u013c\u013c\u0101, an\u0161ovu, Bonito, dzeltenspuru tunzivju, sard\u012b\u0146u, skumbrijas un sard\u012b\u0146u speci\u0101listi.<\/p>\n<p>Piem\u0113ram, laikrakst\u0101 El Pa\u00eds Comidista par ventresku raksta: &#8220;T\u0101 ir tik maiga, gandr\u012bz kr\u0113m\u012bga, ka gribas to apprec\u0113t un dz\u012bvot laim\u012bgi, l\u012bdz Kungs tevi pa\u0146ems&#8221;.<\/p>\n<h4>Galven\u0101s konservu priek\u0161roc\u012bbas<\/h4>\n<ol>\n<li>Tie saglab\u0101 visas p\u0101rtikas produkta uzturv\u0113rt\u012bbas. P\u0101rtika saglab\u0101 savu svaigumu. <\/li>\n<li>Izmantotie p\u0101rtikas produkti ir vesel\u012bgi un t\u0101p\u0113c piem\u0113roti optim\u0101lam uzturam, jo tajos ir liels vitam\u012bnu un olbaltumvielu saturs.<\/li>\n<li>\u0160iem izstr\u0101d\u0101jumiem ir ilg\u0101ks kalpo\u0161anas laiks (parasti 2-5 gadi).<\/li>\n<li>Konservi ir \u013coti \u0113rti uzglab\u0101jami, jo to iepakojums ir viegli uzkl\u0101jams.<\/li>\n<\/ol>\n<p>Ja v\u0113laties ieg\u0101d\u0101ties tunzivis vai cita veida <a href=\"https:\/\/latiendadesami.com\/categoria-producto\/conservas\/\" rel=\"noopener noreferrer nofollow\" target=\"_blank\">konservus<\/a>, nevilcinieties un iel\u016bkojieties m\u016bsu tie\u0161saistes katalog\u0101, lai iepaz\u012btos ar m\u016bsu pla\u0161o <a href=\"https:\/\/latiendadesami.com\/categoria-producto\/conservas\/atun-y-bonito\/\" target=\"_blank\" rel=\"noopener noreferrer nofollow\">tunzivju<\/a> kl\u0101stu.<\/p>\n<p>Lai ieg\u016btu vair\u0101k inform\u0101cijas, rakstiet mums.<\/p>\n","protected":false},"excerpt":{"rendered":"<p>Arlequin Platinum s\u0113rijas an\u0161ovi ol\u012bve\u013c\u013c\u0101 ir amatnieciski konserv\u0113ts produkts. E. A. N.: 8421993910985 Kods: 10010044 Neto svars: 110g \/ 70g Fileju skaits\/ gabalu skaits: 12 Conservas Arlequ\u00edn misija ir pied\u0101v\u0101t lielisku produktu, vislab\u0101ko apkalpo\u0161anu un pla\u0161u zivju konservu kl\u0101stu par lab\u0101ko cenu. Tie ir ar\u012b an\u0161ovu, Anchoa Arlequin Serie Oro 00, Serie Platinum ol\u012bve\u013c\u013c\u0101, an\u0161ovu, [&hellip;]<\/p>\n","protected":false},"featured_media":38696,"template":"","meta":{"_et_pb_use_builder":"","_et_pb_old_content":"","_et_gb_content_width":""},"product_brand":[1162],"product_cat":[5207,1821],"product_tag":[8218],"class_list":{"0":"post-38694","1":"product","2":"type-product","3":"status-publish","4":"has-post-thumbnail","6":"product_brand-arlequin","7":"product_cat-ansovi-lv-3","8":"product_cat-cold","9":"product_tag-platina-serija","10":"product_shipping_class-aukstuma-sutijums","12":"first","13":"outofstock","14":"sale","15":"taxable","16":"shipping-taxable","17":"purchasable","18":"product-type-simple"},"_links":{"self":[{"href":"https:\/\/myspainfood.com\/lv\/wp-json\/wp\/v2\/product\/38694","targetHints":{"allow":["GET"]}}],"collection":[{"href":"https:\/\/myspainfood.com\/lv\/wp-json\/wp\/v2\/product"}],"about":[{"href":"https:\/\/myspainfood.com\/lv\/wp-json\/wp\/v2\/types\/product"}],"wp:featuredmedia":[{"embeddable":true,"href":"https:\/\/myspainfood.com\/lv\/wp-json\/wp\/v2\/media\/38696"}],"wp:attachment":[{"href":"https:\/\/myspainfood.com\/lv\/wp-json\/wp\/v2\/media?parent=38694"}],"wp:term":[{"taxonomy":"product_brand","embeddable":true,"href":"https:\/\/myspainfood.com\/lv\/wp-json\/wp\/v2\/product_brand?post=38694"},{"taxonomy":"product_cat","embeddable":true,"href":"https:\/\/myspainfood.com\/lv\/wp-json\/wp\/v2\/product_cat?post=38694"},{"taxonomy":"product_tag","embeddable":true,"href":"https:\/\/myspainfood.com\/lv\/wp-json\/wp\/v2\/product_tag?post=38694"}],"curies":[{"name":"wp","href":"https:\/\/api.w.org\/{rel}","templated":true}]}}