{"id":38993,"date":"2025-04-10T12:09:43","date_gmt":"2025-04-10T10:09:43","guid":{"rendered":"https:\/\/myspainfood.com\/producto\/el-gran-cardenal-san-isidro-pusgraudaugu-siers\/"},"modified":"2025-07-28T10:41:55","modified_gmt":"2025-07-28T08:41:55","slug":"el-gran-cardenal-san-isidro-pusgraudaugu-siers","status":"publish","type":"product","link":"https:\/\/myspainfood.com\/lv\/producto\/el-gran-cardenal-san-isidro-pusgraudaugu-siers\/","title":{"rendered":"El Gran Cardenal San Isidro pusgraudaugu siers"},"content":{"rendered":"<p>Maig\u0101kais no sieriem, jo taj\u0101 ir liel\u0101ks govs piena saturs un vismaz 10 % aitas piena.<\/p>\n<p>Atkar\u012bb\u0101 no konserv\u0113\u0161anas var b\u016bt divu veidu: pusnogatavin\u0101ts (konserv\u0113\u0161anas ilgums no 2 l\u012bdz 4 m\u0113ne\u0161iem) un nogatavin\u0101ts (konserv\u0113\u0161anas ilgums no 4 l\u012bdz 6 m\u0113ne\u0161iem).<\/p>\n","protected":false},"excerpt":{"rendered":"<p>Maig\u0101kais no sieriem, jo taj\u0101 ir liel\u0101ks govs piena saturs un vismaz 10 % aitas piena. Atkar\u012bb\u0101 no konserv\u0113\u0161anas var b\u016bt divu veidu: pusnogatavin\u0101ts (konserv\u0113\u0161anas ilgums no 2 l\u012bdz 4 m\u0113ne\u0161iem) un nogatavin\u0101ts (konserv\u0113\u0161anas ilgums no 4 l\u012bdz 6 m\u0113ne\u0161iem).<\/p>\n","protected":false},"featured_media":38997,"template":"","meta":{"_et_pb_use_builder":"","_et_pb_old_content":"","_et_gb_content_width":""},"product_brand":[1319],"product_cat":[2732,1821,2274],"product_tag":[],"class_list":{"0":"post-38993","1":"product","2":"type-product","3":"status-publish","4":"has-post-thumbnail","6":"product_brand-el-gran-cardenal","7":"product_cat-arstesana","8":"product_cat-cold","9":"product_cat-siers-un-desa","10":"product_shipping_class-aukstuma-sutijums","12":"first","13":"outofstock","14":"taxable","15":"shipping-taxable","16":"product-type-variable"},"_links":{"self":[{"href":"https:\/\/myspainfood.com\/lv\/wp-json\/wp\/v2\/product\/38993","targetHints":{"allow":["GET"]}}],"collection":[{"href":"https:\/\/myspainfood.com\/lv\/wp-json\/wp\/v2\/product"}],"about":[{"href":"https:\/\/myspainfood.com\/lv\/wp-json\/wp\/v2\/types\/product"}],"wp:featuredmedia":[{"embeddable":true,"href":"https:\/\/myspainfood.com\/lv\/wp-json\/wp\/v2\/media\/38997"}],"wp:attachment":[{"href":"https:\/\/myspainfood.com\/lv\/wp-json\/wp\/v2\/media?parent=38993"}],"wp:term":[{"taxonomy":"product_brand","embeddable":true,"href":"https:\/\/myspainfood.com\/lv\/wp-json\/wp\/v2\/product_brand?post=38993"},{"taxonomy":"product_cat","embeddable":true,"href":"https:\/\/myspainfood.com\/lv\/wp-json\/wp\/v2\/product_cat?post=38993"},{"taxonomy":"product_tag","embeddable":true,"href":"https:\/\/myspainfood.com\/lv\/wp-json\/wp\/v2\/product_tag?post=38993"}],"curies":[{"name":"wp","href":"https:\/\/api.w.org\/{rel}","templated":true}]}}