{"id":39491,"date":"2025-04-10T12:14:28","date_gmt":"2025-04-10T10:14:28","guid":{"rendered":"https:\/\/myspainfood.com\/producto\/pincha-selection-bonito-filejas-olivella-50-olivella-50-saulespuku-400-g\/"},"modified":"2026-01-30T08:25:32","modified_gmt":"2026-01-30T07:25:32","slug":"pincha-selection-bonito-filejas-olivella-50-olivella-50-saulespuku-400-g","status":"publish","type":"product","link":"https:\/\/myspainfood.com\/lv\/producto\/pincha-selection-bonito-filejas-olivella-50-olivella-50-saulespuku-400-g\/","title":{"rendered":"Pincha Selection Bonito filejas ol\u012bve\u013c\u013c\u0101 (50% ol\u012bve\u013c\u013ca - 50% saulespu\u0137u) 400 g"},"content":{"rendered":"<p><strong>Izbaudiet augst\u0101k\u0101s kvalit\u0101tes un gar\u0161as j\u016bras gar\u0161u ar Pincha Selecci\u00f3n Bonito filej\u0101m e\u013c\u013c\u0101<\/strong>. \u0160is ekskluz\u012bvais produkts, kas pieejams 400 gramu form\u0101t\u0101, apvieno tun\u010da delikatesi ar perfektu ol\u012bve\u013c\u013cas un saulespu\u0137u e\u013c\u013cas mais\u012bjumu, pied\u0101v\u0101jot unik\u0101lu kulin\u0101rijas pieredzi. <\/p>\n<p><strong>Produkta \u012bpa\u0161\u012bbas:<\/strong><\/p>\n<ul>\n<li><strong>Augst\u0101k\u0101 l\u012bme\u0146a atlase:<\/strong> m\u016bsu tunzivju filejas tiek r\u016bp\u012bgi atlas\u012btas no lab\u0101kaj\u0101m nozvej\u0101m, kas garant\u0113 maigu tekst\u016bru un izsmalcin\u0101tu gar\u0161u.<\/li>\n<li><strong>Augstas kvalit\u0101tes e\u013c\u013cu mais\u012bjums:<\/strong> 50 % ol\u012bve\u013c\u013cas un 50 % saulespu\u0137u e\u013c\u013cas kombin\u0101cija nodro\u0161ina perfektu l\u012bdzsvaru starp gar\u0161u un maigumu, uzlabojot tun\u010da dabisk\u0101s \u012bpa\u0161\u012bbas.<\/li>\n<li><strong>Uzturv\u0113rt\u012bba:<\/strong> \u0160is produkts ir bag\u0101t\u012bgs olbaltumvielu, omega-3 un vitam\u012bnu avots, kas ir ide\u0101li piem\u0113rots sabalans\u0113tam un vesel\u012bgam uzturam.<\/li>\n<li><strong>Daudzpus\u012bba virtuv\u0113:<\/strong> lieliski piem\u0113rots visda\u017e\u0101d\u0101ko \u0113dienu pagatavo\u0161anai, s\u0101kot no sal\u0101tiem un tapas l\u012bdz makaroniem un pamat\u0113dieniem. T\u0101 daudzpus\u012bba padara to par b\u016btisku sast\u0101vda\u013cu j\u016bsu pieliekamaj\u0101. <\/li>\n<li><strong>\u0122imenes form\u0101ts:<\/strong> 400 gramu iepakojums ir ide\u0101li piem\u0113rots \u0123imen\u0113m vai tiem, kas mekl\u0113 \u0113rtu un ekonomisku variantu ikdienas pagatavo\u0161anai.<\/li>\n<\/ul>\n<p><strong>Priek\u0161roc\u012bbas, izv\u0113loties Pincha Selecci\u00f3n:<\/strong><\/p>\n<ul>\n<li>M\u0113s <strong>cen\u0161amies<\/strong> pied\u0101v\u0101t augst\u0101k\u0101s kvalit\u0101tes j\u016bras vel\u0161u produktus, piev\u0113r\u0161ot uzman\u012bbu ilgtsp\u0113jai un saudz\u012bgai attieksmei pret vidi.<\/li>\n<li><strong>Autentiska j\u016bras gar\u0161a:<\/strong> izbaudiet autentisku bonito gar\u0161u - zivs, kas tiek nov\u0113rt\u0113ta t\u0101s maig\u0101 balt\u0101 m\u012bkstuma d\u0113\u013c.<\/li>\n<li><strong>Optim\u0101la konserv\u0113\u0161ana:<\/strong> m\u0113s izmantojam tradicion\u0101l\u0101s konserv\u0113\u0161anas metodes, lai nodro\u0161in\u0101tu, ka katra bonito fileja saglab\u0101 savas uzturv\u0113rt\u012bbas un svaigumu.<\/li>\n<\/ul>\n<p><strong>Aizsardz\u012bbas padomi:<\/strong><\/p>\n<p>Lai saglab\u0101tu vislab\u0101ko produkta kvalit\u0101ti, uzglab\u0101jiet to v\u0113s\u0101 un saus\u0101 viet\u0101. P\u0113c atv\u0113r\u0161anas uzglab\u0101t ledusskap\u012b un pat\u0113r\u0113t 3 dienu laik\u0101. <\/p>\n<p><strong>Izbaudiet izcilu gastronomisko pieredzi:<\/strong><\/p>\n<p>Pie\u0161\u0137iriet \u0113dienam eleganci un gar\u0161u, izmantojot <strong>Pincha Selecci\u00f3n Bonito filejas e\u013c\u013c\u0101 (50% ol\u012bvu - 50% saulespu\u0137u<\/strong>). Ide\u0101li piem\u0113rotas tiem, kas nov\u0113rt\u0113 kvalit\u0101ti, uzturv\u0113rt\u012bbu un gar\u0161u katr\u0101 kumos\u0101. <\/p>\n<p>Ar Pincha Selecci\u00f3n p\u0101rv\u0113rsiet katru malt\u012bti par gard\u0113\u017eu piedz\u012bvojumu!<\/p>\n","protected":false},"excerpt":{"rendered":"<p>Izbaudiet augst\u0101k\u0101s kvalit\u0101tes un gar\u0161as j\u016bras gar\u0161u ar Pincha Selecci\u00f3n Bonito filej\u0101m e\u013c\u013c\u0101. \u0160is ekskluz\u012bvais produkts, kas pieejams 400 gramu form\u0101t\u0101, apvieno tun\u010da delikatesi ar perfektu ol\u012bve\u013c\u013cas un saulespu\u0137u e\u013c\u013cas mais\u012bjumu, pied\u0101v\u0101jot unik\u0101lu kulin\u0101rijas pieredzi. Produkta \u012bpa\u0161\u012bbas: Augst\u0101k\u0101 l\u012bme\u0146a atlase: m\u016bsu tunzivju filejas tiek r\u016bp\u012bgi atlas\u012btas no lab\u0101kaj\u0101m nozvej\u0101m, kas garant\u0113 maigu tekst\u016bru un izsmalcin\u0101tu [&hellip;]<\/p>\n","protected":false},"featured_media":39496,"template":"","meta":{"_et_pb_use_builder":"","_et_pb_old_content":"","_et_gb_content_width":""},"product_brand":[1467],"product_cat":[1963,4268],"product_tag":[],"class_list":{"0":"post-39491","1":"product","2":"type-product","3":"status-publish","4":"has-post-thumbnail","6":"product_brand-pincha-seleccion","7":"product_cat-saglaba","8":"product_cat-tunzivis-un-bonito","10":"first","11":"instock","12":"featured","13":"taxable","14":"shipping-taxable","15":"purchasable","16":"product-type-variable"},"_links":{"self":[{"href":"https:\/\/myspainfood.com\/lv\/wp-json\/wp\/v2\/product\/39491","targetHints":{"allow":["GET"]}}],"collection":[{"href":"https:\/\/myspainfood.com\/lv\/wp-json\/wp\/v2\/product"}],"about":[{"href":"https:\/\/myspainfood.com\/lv\/wp-json\/wp\/v2\/types\/product"}],"wp:featuredmedia":[{"embeddable":true,"href":"https:\/\/myspainfood.com\/lv\/wp-json\/wp\/v2\/media\/39496"}],"wp:attachment":[{"href":"https:\/\/myspainfood.com\/lv\/wp-json\/wp\/v2\/media?parent=39491"}],"wp:term":[{"taxonomy":"product_brand","embeddable":true,"href":"https:\/\/myspainfood.com\/lv\/wp-json\/wp\/v2\/product_brand?post=39491"},{"taxonomy":"product_cat","embeddable":true,"href":"https:\/\/myspainfood.com\/lv\/wp-json\/wp\/v2\/product_cat?post=39491"},{"taxonomy":"product_tag","embeddable":true,"href":"https:\/\/myspainfood.com\/lv\/wp-json\/wp\/v2\/product_tag?post=39491"}],"curies":[{"name":"wp","href":"https:\/\/api.w.org\/{rel}","templated":true}]}}