{"id":40353,"date":"2025-04-10T12:12:57","date_gmt":"2025-04-10T10:12:57","guid":{"rendered":"https:\/\/myspainfood.com\/producto\/a-inigo-sagriezti-burkani-400-g\/"},"modified":"2025-04-10T12:12:57","modified_gmt":"2025-04-10T10:12:57","slug":"a-inigo-sagriezti-burkani-400-g","status":"publish","type":"product","link":"https:\/\/myspainfood.com\/lv\/producto\/a-inigo-sagriezti-burkani-400-g\/","title":{"rendered":"A.I\u00f1igo Sagriezti burk\u0101ni 400 g"},"content":{"rendered":"<p>A.I\u00f1igo burk\u0101ni ir ide\u0101la izv\u0113le tiem, kas mekl\u0113 kvalit\u0101ti un gar\u0161u savam \u0113dienam. R\u016bp\u012bgi audz\u0113ti un r\u016bp\u012bgi atlas\u012bti, \u0161ie burk\u0101ni ir krauk\u0161\u0137\u012bgi, ar krauk\u0161\u0137\u012bgu konsistenci un saldu, dabisku gar\u0161u, kas bag\u0101tin\u0101s jebkuru \u0113dienu. <\/p>\n<p>&nbsp;<\/p>\n<p><strong>Ener\u0123\u0113tisk\u0101 v\u0113rt\u012bba:<\/strong> 71,4 kJ \/ 16,8 kcal<\/p>\n<p><strong>Pies\u0101tin\u0101tie tauki<\/strong>: 0 g<\/p>\n<p><strong>Og\u013chidr\u0101ti<\/strong>: 4,2 g<\/p>\n<p><strong>No tiem cukuri<\/strong>: 2,3 g<\/p>\n<p><strong>Di\u0113tisk\u0101s \u0161\u0137iedrvielas<\/strong>: 1,4 g<\/p>\n<p><strong>Olbaltumvielas<\/strong>: 0 g<\/p>\n<p><strong>S\u0101ls<\/strong>: 0,65 g<\/p>\n","protected":false},"excerpt":{"rendered":"<p>A.I\u00f1igo burk\u0101ni ir ide\u0101la izv\u0113le tiem, kas mekl\u0113 kvalit\u0101ti un gar\u0161u savam \u0113dienam. R\u016bp\u012bgi audz\u0113ti un r\u016bp\u012bgi atlas\u012bti, \u0161ie burk\u0101ni ir krauk\u0161\u0137\u012bgi, ar krauk\u0161\u0137\u012bgu konsistenci un saldu, dabisku gar\u0161u, kas bag\u0101tin\u0101s jebkuru \u0113dienu. &nbsp; Ener\u0123\u0113tisk\u0101 v\u0113rt\u012bba: 71,4 kJ \/ 16,8 kcal Pies\u0101tin\u0101tie tauki: 0 g Og\u013chidr\u0101ti: 4,2 g No tiem cukuri: 2,3 g Di\u0113tisk\u0101s \u0161\u0137iedrvielas: [&hellip;]<\/p>\n","protected":false},"featured_media":40361,"template":"","meta":{"_et_pb_use_builder":"","_et_pb_old_content":"","_et_gb_content_width":""},"product_brand":[1461],"product_cat":[1963],"product_tag":[],"class_list":{"0":"post-40353","1":"product","2":"type-product","3":"status-publish","4":"has-post-thumbnail","6":"product_brand-a-inigo","7":"product_cat-saglaba","9":"first","10":"outofstock","11":"taxable","12":"shipping-taxable","13":"product-type-variable"},"_links":{"self":[{"href":"https:\/\/myspainfood.com\/lv\/wp-json\/wp\/v2\/product\/40353","targetHints":{"allow":["GET"]}}],"collection":[{"href":"https:\/\/myspainfood.com\/lv\/wp-json\/wp\/v2\/product"}],"about":[{"href":"https:\/\/myspainfood.com\/lv\/wp-json\/wp\/v2\/types\/product"}],"wp:featuredmedia":[{"embeddable":true,"href":"https:\/\/myspainfood.com\/lv\/wp-json\/wp\/v2\/media\/40361"}],"wp:attachment":[{"href":"https:\/\/myspainfood.com\/lv\/wp-json\/wp\/v2\/media?parent=40353"}],"wp:term":[{"taxonomy":"product_brand","embeddable":true,"href":"https:\/\/myspainfood.com\/lv\/wp-json\/wp\/v2\/product_brand?post=40353"},{"taxonomy":"product_cat","embeddable":true,"href":"https:\/\/myspainfood.com\/lv\/wp-json\/wp\/v2\/product_cat?post=40353"},{"taxonomy":"product_tag","embeddable":true,"href":"https:\/\/myspainfood.com\/lv\/wp-json\/wp\/v2\/product_tag?post=40353"}],"curies":[{"name":"wp","href":"https:\/\/api.w.org\/{rel}","templated":true}]}}