{"id":40532,"date":"2025-04-10T12:12:57","date_gmt":"2025-04-10T10:12:57","guid":{"rendered":"https:\/\/myspainfood.com\/producto\/la-vieja-fabrica-zemenu-ievarijums-diet-280-g\/"},"modified":"2025-04-10T12:12:57","modified_gmt":"2025-04-10T10:12:57","slug":"la-vieja-fabrica-zemenu-ievarijums-diet-280-g","status":"publish","type":"product","link":"https:\/\/myspainfood.com\/lv\/producto\/la-vieja-fabrica-zemenu-ievarijums-diet-280-g\/","title":{"rendered":"La Vieja F\u00e1brica Zeme\u0146u iev\u0101r\u012bjums DIET 280 g"},"content":{"rendered":"<p>La Vieja F\u00e1brica di\u0113tiskais zeme\u0146u iev\u0101r\u012bjums ir gar\u0161\u012bgs un vesel\u012bgs \u0113diens tiem, kas v\u0113las izbaud\u012bt \u012bstu zeme\u0146u gar\u0161u, nepievienojot rafin\u0113tu cukuru. \u0160is di\u0113tiskais iev\u0101r\u012bjums ir gatavots no dab\u012bg\u0101m sast\u0101vda\u013c\u0101m un mazkaloriju saldin\u0101t\u0101jiem, pied\u0101v\u0101jot lielisku alternat\u012bvu tiem, kuri uzrauga savu kaloriju un glik\u0113mijas daudzumu. <\/p>\n<p><span class=\"info-key \"><strong>P\u0101rtikas produkta nosaukums<\/strong>:<\/span> di\u0113tiskais zeme\u0146u iev\u0101r\u012bjums<\/p>\n<p><span class=\"info-key \"><strong>Uz\u0146\u0113m\u0113ja nosaukums:<\/strong><\/span> \u00c1ngel Camacho Alimentaci\u00f3n, S.L.<\/p>\n<p><span class=\"info-key \"><strong>Operatora adrese:<\/strong><\/span> Avda. del Pilar, 6 - 41530 Mor\u00f3n de la Frontera (Sevilla)<\/p>\n<p><strong><span class=\"info-key \">P\u0101rtikas produkta izcelsmes vieta:<\/span><\/strong> Sp\u0101nijas izcelsmes valsts<\/p>\n<p><strong><span class=\"info-key \">Neto daudzums:<\/span><\/strong> 280 g<\/p>\n<p><strong><span class=\"info-key \">Cita oblig\u0101t\u0101 mar\u0137\u0113juma inform\u0101cija:<\/span><\/strong> Piem\u0113rots diab\u0113ta slimniekiem. Izgatavots no 55 g zeme\u0146u uz 100 g. <\/p>\n<p><strong>Kop\u0113jais cukura saturs<\/strong> 42 g uz 100 g.<\/p>\n","protected":false},"excerpt":{"rendered":"<p>La Vieja F\u00e1brica di\u0113tiskais zeme\u0146u iev\u0101r\u012bjums ir gar\u0161\u012bgs un vesel\u012bgs \u0113diens tiem, kas v\u0113las izbaud\u012bt \u012bstu zeme\u0146u gar\u0161u, nepievienojot rafin\u0113tu cukuru. \u0160is di\u0113tiskais iev\u0101r\u012bjums ir gatavots no dab\u012bg\u0101m sast\u0101vda\u013c\u0101m un mazkaloriju saldin\u0101t\u0101jiem, pied\u0101v\u0101jot lielisku alternat\u012bvu tiem, kuri uzrauga savu kaloriju un glik\u0113mijas daudzumu. P\u0101rtikas produkta nosaukums: di\u0113tiskais zeme\u0146u iev\u0101r\u012bjums Uz\u0146\u0113m\u0113ja nosaukums: \u00c1ngel Camacho Alimentaci\u00f3n, S.L. [&hellip;]<\/p>\n","protected":false},"featured_media":40538,"template":"","meta":{"_et_pb_use_builder":"","_et_pb_old_content":"","_et_gb_content_width":""},"product_brand":[1460],"product_cat":[1963],"product_tag":[],"class_list":{"0":"post-40532","1":"product","2":"type-product","3":"status-publish","4":"has-post-thumbnail","6":"product_brand-la-vieja-fabrica","7":"product_cat-saglaba","9":"first","10":"outofstock","11":"taxable","12":"shipping-taxable","13":"product-type-variable"},"_links":{"self":[{"href":"https:\/\/myspainfood.com\/lv\/wp-json\/wp\/v2\/product\/40532","targetHints":{"allow":["GET"]}}],"collection":[{"href":"https:\/\/myspainfood.com\/lv\/wp-json\/wp\/v2\/product"}],"about":[{"href":"https:\/\/myspainfood.com\/lv\/wp-json\/wp\/v2\/types\/product"}],"wp:featuredmedia":[{"embeddable":true,"href":"https:\/\/myspainfood.com\/lv\/wp-json\/wp\/v2\/media\/40538"}],"wp:attachment":[{"href":"https:\/\/myspainfood.com\/lv\/wp-json\/wp\/v2\/media?parent=40532"}],"wp:term":[{"taxonomy":"product_brand","embeddable":true,"href":"https:\/\/myspainfood.com\/lv\/wp-json\/wp\/v2\/product_brand?post=40532"},{"taxonomy":"product_cat","embeddable":true,"href":"https:\/\/myspainfood.com\/lv\/wp-json\/wp\/v2\/product_cat?post=40532"},{"taxonomy":"product_tag","embeddable":true,"href":"https:\/\/myspainfood.com\/lv\/wp-json\/wp\/v2\/product_tag?post=40532"}],"curies":[{"name":"wp","href":"https:\/\/api.w.org\/{rel}","templated":true}]}}