{"id":40578,"date":"2025-04-10T12:12:57","date_gmt":"2025-04-10T10:12:57","guid":{"rendered":"https:\/\/myspainfood.com\/producto\/la-vieja-fabrica-meza-auglu-ievarijums-280-g\/"},"modified":"2025-04-10T12:12:57","modified_gmt":"2025-04-10T10:12:57","slug":"la-vieja-fabrica-meza-auglu-ievarijums-280-g","status":"publish","type":"product","link":"https:\/\/myspainfood.com\/lv\/producto\/la-vieja-fabrica-meza-auglu-ievarijums-280-g\/","title":{"rendered":"La Vieja F\u00e1brica Me\u017ea aug\u013cu iev\u0101r\u012bjums 280 g"},"content":{"rendered":"<p>La Vieja F\u00e1brica me\u017ea aug\u013cu iev\u0101r\u012bjums ir izsmalcin\u0101ta kombin\u0101cija no lab\u0101kajiem me\u017ea aug\u013ciem, kas r\u016bp\u012bgi atlas\u012bti, lai pied\u0101v\u0101tu unik\u0101lu un gardu gar\u0161u. \u0160is produkts izce\u013cas ar savu amatniecisko ra\u017eo\u0161anu un kvalit\u0101tes nodro\u0161in\u0101\u0161anu, sniedzot gastronomisku baud\u012bjumu, kas katr\u0101 karot\u012bt\u0113 uzbur dabas b\u016bt\u012bbu. <\/p>\n<p><span class=\"info-key \"><strong>P\u0101rtikas produkta nosaukums<\/strong>:<\/span> Me\u017ea aug\u013cu iev\u0101r\u012bjums<\/p>\n<p><span class=\"info-key \"><strong>Uz\u0146\u0113m\u0113ja nosaukums:<\/strong><\/span> \u00c1ngel Camacho Alimentaci\u00f3n, S.L.<\/p>\n<p><strong><span class=\"info-key \">Operatora adrese:<\/span><\/strong> del Pilar, 6 - 41530 Mor\u00f3n de la Frontera (Sevi\u013ca).<\/p>\n<p><span class=\"info-key \"><strong>P\u0101rtikas produkta izcelsmes vieta:<\/strong><\/span> Sp\u0101nijas izcelsmes produkts.<\/p>\n<p><span class=\"info-key \"><strong>Neto daudzums<\/strong>:<\/span> 350 g<\/p>\n<p><span class=\"info-key \"><strong>Cita oblig\u0101ti nor\u0101d\u0101m\u0101 inform\u0101cija mar\u0137\u0113jum\u0101<\/strong>:<\/span> Izgatavots no 45 g ogu 100 g.<\/p>\n<p> <strong> Kop\u0113jais cukura saturs<\/strong> 50 g uz 100 g.<\/p>\n","protected":false},"excerpt":{"rendered":"<p>La Vieja F\u00e1brica me\u017ea aug\u013cu iev\u0101r\u012bjums ir izsmalcin\u0101ta kombin\u0101cija no lab\u0101kajiem me\u017ea aug\u013ciem, kas r\u016bp\u012bgi atlas\u012bti, lai pied\u0101v\u0101tu unik\u0101lu un gardu gar\u0161u. \u0160is produkts izce\u013cas ar savu amatniecisko ra\u017eo\u0161anu un kvalit\u0101tes nodro\u0161in\u0101\u0161anu, sniedzot gastronomisku baud\u012bjumu, kas katr\u0101 karot\u012bt\u0113 uzbur dabas b\u016bt\u012bbu. P\u0101rtikas produkta nosaukums: Me\u017ea aug\u013cu iev\u0101r\u012bjums Uz\u0146\u0113m\u0113ja nosaukums: \u00c1ngel Camacho Alimentaci\u00f3n, S.L. Operatora adrese: [&hellip;]<\/p>\n","protected":false},"featured_media":40586,"template":"","meta":{"_et_pb_use_builder":"","_et_pb_old_content":"","_et_gb_content_width":""},"product_brand":[1460],"product_cat":[1963],"product_tag":[],"class_list":{"0":"post-40578","1":"product","2":"type-product","3":"status-publish","4":"has-post-thumbnail","6":"product_brand-la-vieja-fabrica","7":"product_cat-saglaba","9":"first","10":"outofstock","11":"taxable","12":"shipping-taxable","13":"product-type-variable"},"_links":{"self":[{"href":"https:\/\/myspainfood.com\/lv\/wp-json\/wp\/v2\/product\/40578","targetHints":{"allow":["GET"]}}],"collection":[{"href":"https:\/\/myspainfood.com\/lv\/wp-json\/wp\/v2\/product"}],"about":[{"href":"https:\/\/myspainfood.com\/lv\/wp-json\/wp\/v2\/types\/product"}],"wp:featuredmedia":[{"embeddable":true,"href":"https:\/\/myspainfood.com\/lv\/wp-json\/wp\/v2\/media\/40586"}],"wp:attachment":[{"href":"https:\/\/myspainfood.com\/lv\/wp-json\/wp\/v2\/media?parent=40578"}],"wp:term":[{"taxonomy":"product_brand","embeddable":true,"href":"https:\/\/myspainfood.com\/lv\/wp-json\/wp\/v2\/product_brand?post=40578"},{"taxonomy":"product_cat","embeddable":true,"href":"https:\/\/myspainfood.com\/lv\/wp-json\/wp\/v2\/product_cat?post=40578"},{"taxonomy":"product_tag","embeddable":true,"href":"https:\/\/myspainfood.com\/lv\/wp-json\/wp\/v2\/product_tag?post=40578"}],"curies":[{"name":"wp","href":"https:\/\/api.w.org\/{rel}","templated":true}]}}