{"id":40745,"date":"2025-04-10T12:13:20","date_gmt":"2025-04-10T10:13:20","guid":{"rendered":"https:\/\/myspainfood.com\/producto\/vins-mataromera-ribera-del-duero-crianza-2019-denominacion-de-origen-75-cl\/"},"modified":"2026-01-29T12:52:27","modified_gmt":"2026-01-29T11:52:27","slug":"vins-mataromera-ribera-del-duero-crianza-2019-denominacion-de-origen-75-cl","status":"publish","type":"product","link":"https:\/\/myspainfood.com\/lv\/producto\/vins-mataromera-ribera-del-duero-crianza-2019-denominacion-de-origen-75-cl\/","title":{"rendered":"V\u012bns Mataromera Ribera del Duero Crianza 2019 Izcelsmes vieta 75 cl"},"content":{"rendered":"<p>Mataromera ir slavena Ribera del Duero v\u012bna dar\u012btava, kas ir paz\u012bstama ar savu cent\u012bbu sasniegt izcil\u012bbu un izmantot v\u012bnkop\u012bbas un v\u012bna dar\u012b\u0161anas metodes, kur\u0101s iev\u0113rotas gan trad\u012bcijas, gan inov\u0101cijas. \u0160is v\u012bns atspogu\u013co Duero ielejas nog\u0101z\u0113s eso\u0161o v\u012bna d\u0101rzu unik\u0101lo raksturu, kur ekstrem\u0101lais kontinent\u0101lais klimats un m\u0101laini ka\u013c\u0137akmens augsnes nodro\u0161ina ide\u0101lus apst\u0101k\u013cus Tempranillo audz\u0113\u0161anai. <\/p>\n<p>&nbsp;<\/p>\n<p>\u0160is v\u012bns ir autentisks Ribera del Duero v\u012bns, kas pied\u0101v\u0101 bag\u0101t\u012bgu un neaizmirstamu saj\u016btu baud\u012bjumu. Ide\u0101li piem\u0113rots \u012bpa\u0161\u0101m svin\u012bb\u0101m vai izsmalcin\u0101t\u0101m vakari\u0146\u0101m. <\/p>\n<p>&nbsp;<\/p>\n<p>Nogatavin\u0101ts fran\u010du un amerik\u0101\u0146u ozolkoka muc\u0101s aptuveni 14 m\u0113ne\u0161us, kam seko papildu nogatavin\u0101\u0161ana pudel\u0113.<\/p>\n","protected":false},"excerpt":{"rendered":"<p>Mataromera ir slavena Ribera del Duero v\u012bna dar\u012btava, kas ir paz\u012bstama ar savu cent\u012bbu sasniegt izcil\u012bbu un izmantot v\u012bnkop\u012bbas un v\u012bna dar\u012b\u0161anas metodes, kur\u0101s iev\u0113rotas gan trad\u012bcijas, gan inov\u0101cijas. \u0160is v\u012bns atspogu\u013co Duero ielejas nog\u0101z\u0113s eso\u0161o v\u012bna d\u0101rzu unik\u0101lo raksturu, kur ekstrem\u0101lais kontinent\u0101lais klimats un m\u0101laini ka\u013c\u0137akmens augsnes nodro\u0161ina ide\u0101lus apst\u0101k\u013cus Tempranillo audz\u0113\u0161anai. &nbsp; \u0160is [&hellip;]<\/p>\n","protected":false},"featured_media":40750,"template":"","meta":{"_et_pb_use_builder":"","_et_pb_old_content":"","_et_gb_content_width":""},"product_brand":[1462],"product_cat":[4859,6278],"product_tag":[],"class_list":{"0":"post-40745","1":"product","2":"type-product","3":"status-publish","4":"has-post-thumbnail","6":"product_brand-matarromera","7":"product_cat-dzerieni","8":"product_cat-vins-lv-2","10":"first","11":"outofstock","12":"taxable","13":"shipping-taxable","14":"product-type-variable"},"_links":{"self":[{"href":"https:\/\/myspainfood.com\/lv\/wp-json\/wp\/v2\/product\/40745","targetHints":{"allow":["GET"]}}],"collection":[{"href":"https:\/\/myspainfood.com\/lv\/wp-json\/wp\/v2\/product"}],"about":[{"href":"https:\/\/myspainfood.com\/lv\/wp-json\/wp\/v2\/types\/product"}],"wp:featuredmedia":[{"embeddable":true,"href":"https:\/\/myspainfood.com\/lv\/wp-json\/wp\/v2\/media\/40750"}],"wp:attachment":[{"href":"https:\/\/myspainfood.com\/lv\/wp-json\/wp\/v2\/media?parent=40745"}],"wp:term":[{"taxonomy":"product_brand","embeddable":true,"href":"https:\/\/myspainfood.com\/lv\/wp-json\/wp\/v2\/product_brand?post=40745"},{"taxonomy":"product_cat","embeddable":true,"href":"https:\/\/myspainfood.com\/lv\/wp-json\/wp\/v2\/product_cat?post=40745"},{"taxonomy":"product_tag","embeddable":true,"href":"https:\/\/myspainfood.com\/lv\/wp-json\/wp\/v2\/product_tag?post=40745"}],"curies":[{"name":"wp","href":"https:\/\/api.w.org\/{rel}","templated":true}]}}