{"id":40775,"date":"2025-04-10T12:13:45","date_gmt":"2025-04-10T10:13:45","guid":{"rendered":"https:\/\/myspainfood.com\/producto\/sierra-zarza-gardezu-kazas-siers-750-grami\/"},"modified":"2025-04-10T12:13:45","modified_gmt":"2025-04-10T10:13:45","slug":"sierra-zarza-gardezu-kazas-siers-750-grami","status":"publish","type":"product","link":"https:\/\/myspainfood.com\/lv\/producto\/sierra-zarza-gardezu-kazas-siers-750-grami\/","title":{"rendered":"Sierra Zarza Gard\u0113\u017eu kazas siers 750 grami"},"content":{"rendered":"<p>Atkl\u0101jiet autentisko lauku b\u016bt\u012bbu ar m\u016bsu izsmalcin\u0101to Sierra Zarza kazas sieru, kas ir amatnieku darin\u0101ts baud\u012bjums, kas iemieso vis\u012bst\u0101k\u0101 kazas piena trad\u012bcijas un kvalit\u0101ti. \u0160is siers, kas ieg\u016bts no atlas\u012btiem gan\u0101mpulkiem, kuri br\u012bvi gan\u0101s Sierra Zarza kalnu nog\u0101z\u0113s, pied\u0101v\u0101 nep\u0101rsp\u0113jamu gastronomisku baud\u012bjumu. <\/p>\n<p>Sierra Zarza kazas siers ir eleganti noform\u0113ts, ide\u0101li piem\u0113rots gan \u012bpa\u0161iem gad\u012bjumiem, gan ikdienas lieto\u0161anai. Tas lieliski sader ar baltv\u012bniem un roz\u0101 v\u012bniem, k\u0101 ar\u012b lieliski papildina sal\u0101tus, tapas un gard\u0113\u017eu desertus. T\u0101 daudzpus\u012bba virtuv\u0113 padara to par b\u016btisku sast\u0101vda\u013cu laba \u0113diena cien\u012bt\u0101jiem.  <\/p>\n<p>Atkl\u0101jiet autentisko lauku b\u016bt\u012bbu ar m\u016bsu izsmalcin\u0101to Sierra Zarza kazas sieru, kas ir amatnieku darin\u0101ts baud\u012bjums, kas iemieso vis\u012bst\u0101k\u0101 kazas piena trad\u012bcijas un kvalit\u0101ti. \u0160is siers, kas ieg\u016bts no atlas\u012btiem gan\u0101mpulkiem, kuri br\u012bvi gan\u0101s Sierra Zarza kalnu nog\u0101z\u0113s, pied\u0101v\u0101 nep\u0101rsp\u0113jamu gastronomisku baud\u012bjumu. <\/p>\n<p>&nbsp;<\/p>\n<p>Sierra Zarza kazas siers ir eleganti noform\u0113ts, ide\u0101li piem\u0113rots gan \u012bpa\u0161iem gad\u012bjumiem, gan ikdienas lieto\u0161anai. Tas lieliski sader ar baltv\u012bniem un roz\u0101 v\u012bniem, k\u0101 ar\u012b lieliski papildina sal\u0101tus, tapas un gard\u0113\u017eu desertus. T\u0101 daudzpus\u012bba virtuv\u0113 padara to par b\u016btisku sast\u0101vda\u013cu laba \u0113diena cien\u012bt\u0101jiem.  <\/p>\n","protected":false},"excerpt":{"rendered":"<p>Atkl\u0101jiet autentisko lauku b\u016bt\u012bbu ar m\u016bsu izsmalcin\u0101to Sierra Zarza kazas sieru, kas ir amatnieku darin\u0101ts baud\u012bjums, kas iemieso vis\u012bst\u0101k\u0101 kazas piena trad\u012bcijas un kvalit\u0101ti. \u0160is siers, kas ieg\u016bts no atlas\u012btiem gan\u0101mpulkiem, kuri br\u012bvi gan\u0101s Sierra Zarza kalnu nog\u0101z\u0113s, pied\u0101v\u0101 nep\u0101rsp\u0113jamu gastronomisku baud\u012bjumu. Sierra Zarza kazas siers ir eleganti noform\u0113ts, ide\u0101li piem\u0113rots gan \u012bpa\u0161iem gad\u012bjumiem, gan [&hellip;]<\/p>\n","protected":false},"featured_media":40780,"template":"","meta":{"_et_pb_use_builder":"","_et_pb_old_content":"","_et_gb_content_width":""},"product_brand":[1465],"product_cat":[2732,2274],"product_tag":[],"class_list":{"0":"post-40775","1":"product","2":"type-product","3":"status-publish","4":"has-post-thumbnail","6":"product_brand-sierra-zarza","7":"product_cat-arstesana","8":"product_cat-siers-un-desa","10":"first","11":"outofstock","12":"taxable","13":"shipping-taxable","14":"purchasable","15":"product-type-variable"},"_links":{"self":[{"href":"https:\/\/myspainfood.com\/lv\/wp-json\/wp\/v2\/product\/40775","targetHints":{"allow":["GET"]}}],"collection":[{"href":"https:\/\/myspainfood.com\/lv\/wp-json\/wp\/v2\/product"}],"about":[{"href":"https:\/\/myspainfood.com\/lv\/wp-json\/wp\/v2\/types\/product"}],"wp:featuredmedia":[{"embeddable":true,"href":"https:\/\/myspainfood.com\/lv\/wp-json\/wp\/v2\/media\/40780"}],"wp:attachment":[{"href":"https:\/\/myspainfood.com\/lv\/wp-json\/wp\/v2\/media?parent=40775"}],"wp:term":[{"taxonomy":"product_brand","embeddable":true,"href":"https:\/\/myspainfood.com\/lv\/wp-json\/wp\/v2\/product_brand?post=40775"},{"taxonomy":"product_cat","embeddable":true,"href":"https:\/\/myspainfood.com\/lv\/wp-json\/wp\/v2\/product_cat?post=40775"},{"taxonomy":"product_tag","embeddable":true,"href":"https:\/\/myspainfood.com\/lv\/wp-json\/wp\/v2\/product_tag?post=40775"}],"curies":[{"name":"wp","href":"https:\/\/api.w.org\/{rel}","templated":true}]}}