{"id":40861,"date":"2025-04-10T12:13:45","date_gmt":"2025-04-10T10:13:45","guid":{"rendered":"https:\/\/myspainfood.com\/producto\/ramon-bilbao-rioja-crianza-2020-izcelsmes-vieta-75-cl\/"},"modified":"2026-01-29T12:57:28","modified_gmt":"2026-01-29T11:57:28","slug":"ramon-bilbao-rioja-crianza-2020-izcelsmes-vieta-75-cl","status":"publish","type":"product","link":"https:\/\/myspainfood.com\/lv\/producto\/ramon-bilbao-rioja-crianza-2020-izcelsmes-vieta-75-cl\/","title":{"rendered":"Ramon Bilbao Rioja Crianza 2020 Izcelsmes vieta 75 cl"},"content":{"rendered":"<p>Atkl\u0101jiet Riohas izcil\u012bbu ar Ram\u00f3n Bilbao Crianza 2020 - sarkanv\u012bnu, kas atspogu\u013co vienas no Sp\u0101nijas presti\u017e\u0101kaj\u0101m v\u012bna dar\u012btav\u0101m trad\u012bcijas un novatorisko garu. \u0160is v\u012bns, kas rad\u012bts ar r\u016bp\u012bgu uzman\u012bbu deta\u013c\u0101m, ir autentisks Riohas re\u0123iona kvalit\u0101tes un rakstura p\u0101rst\u0101vis. <\/p>\n<p>&nbsp;<\/p>\n<p>1924. gad\u0101 dibin\u0101t\u0101 v\u012bna dar\u012btava Ram\u00f3n Bilbao apvieno Riohas v\u012bndar\u012bbas trad\u012bcijas ar novatorisku redz\u0113jumu, radot v\u012bnus, kas ir gan cie\u0146as apliecin\u0101jums re\u0123iona mantojumam, gan m\u016bsdien\u012bguma izpausme. Ram\u00f3n Bilbao Crianza 2020 ir v\u012bns, kas aicina iepaz\u012bt Riohas bag\u0101t\u012bbu un daudzveid\u012bbu, ide\u0101li piem\u0113rots jebkuram pas\u0101kumam - gan svin\u012bg\u0101m vakari\u0146\u0101m, gan neform\u0101l\u0101m tik\u0161an\u0101s reiz\u0113m. <\/p>\n","protected":false},"excerpt":{"rendered":"<p>Atkl\u0101jiet Riohas izcil\u012bbu ar Ram\u00f3n Bilbao Crianza 2020 - sarkanv\u012bnu, kas atspogu\u013co vienas no Sp\u0101nijas presti\u017e\u0101kaj\u0101m v\u012bna dar\u012btav\u0101m trad\u012bcijas un novatorisko garu. \u0160is v\u012bns, kas rad\u012bts ar r\u016bp\u012bgu uzman\u012bbu deta\u013c\u0101m, ir autentisks Riohas re\u0123iona kvalit\u0101tes un rakstura p\u0101rst\u0101vis. &nbsp; 1924. gad\u0101 dibin\u0101t\u0101 v\u012bna dar\u012btava Ram\u00f3n Bilbao apvieno Riohas v\u012bndar\u012bbas trad\u012bcijas ar novatorisku redz\u0113jumu, radot v\u012bnus, [&hellip;]<\/p>\n","protected":false},"featured_media":40867,"template":"","meta":{"_et_pb_use_builder":"","_et_pb_old_content":"","_et_gb_content_width":""},"product_brand":[1463],"product_cat":[4859,6278],"product_tag":[],"class_list":{"0":"post-40861","1":"product","2":"type-product","3":"status-publish","4":"has-post-thumbnail","6":"product_brand-ramon-bilbao","7":"product_cat-dzerieni","8":"product_cat-vins-lv-2","10":"first","11":"outofstock","12":"taxable","13":"shipping-taxable","14":"product-type-variable"},"_links":{"self":[{"href":"https:\/\/myspainfood.com\/lv\/wp-json\/wp\/v2\/product\/40861","targetHints":{"allow":["GET"]}}],"collection":[{"href":"https:\/\/myspainfood.com\/lv\/wp-json\/wp\/v2\/product"}],"about":[{"href":"https:\/\/myspainfood.com\/lv\/wp-json\/wp\/v2\/types\/product"}],"wp:featuredmedia":[{"embeddable":true,"href":"https:\/\/myspainfood.com\/lv\/wp-json\/wp\/v2\/media\/40867"}],"wp:attachment":[{"href":"https:\/\/myspainfood.com\/lv\/wp-json\/wp\/v2\/media?parent=40861"}],"wp:term":[{"taxonomy":"product_brand","embeddable":true,"href":"https:\/\/myspainfood.com\/lv\/wp-json\/wp\/v2\/product_brand?post=40861"},{"taxonomy":"product_cat","embeddable":true,"href":"https:\/\/myspainfood.com\/lv\/wp-json\/wp\/v2\/product_cat?post=40861"},{"taxonomy":"product_tag","embeddable":true,"href":"https:\/\/myspainfood.com\/lv\/wp-json\/wp\/v2\/product_tag?post=40861"}],"curies":[{"name":"wp","href":"https:\/\/api.w.org\/{rel}","templated":true}]}}