{"id":40993,"date":"2025-04-10T12:14:06","date_gmt":"2025-04-10T10:14:06","guid":{"rendered":"https:\/\/myspainfood.com\/producto\/a-inigo-a-inigo-latviesu\/"},"modified":"2025-04-10T12:14:06","modified_gmt":"2025-04-10T10:14:06","slug":"a-inigo-a-inigo-latviesu","status":"publish","type":"product","link":"https:\/\/myspainfood.com\/lv\/producto\/a-inigo-a-inigo-latviesu\/","title":{"rendered":"A.I\u00f1igo A.I\u00f1igo - (Latvie\u0161u)"},"content":{"rendered":"<article class=\"4ever-article\" data-clipboard-cangjie=\"[\"root\",{\"copyFrom\":33891801},[\"p\",{\"jc\":\"left\",\"ind\":{},\"spacing\":{}},[\"span\",{\"data-type\":\"text\"},[\"span\",{\"data-type\":\"leaf\"},\"El \"],[\"span\",{\"bold\":true,\"data-type\":\"leaf\"},\"Sofrito A. I\u00f1igo\"],[\"span\",{\"data-type\":\"leaf\"},\" es un aut\u00e9ntico tesoro de la cocina tradicional espa\u00f1ola, elaborado con ingredientes frescos y seleccionados cuidadosamente para brindar el sabor casero que transforma cualquier plato. Este sofrito es la base perfecta para una infinidad de recetas, aportando un toque especial a cada bocado.\"]]],[\"p\",{\"jc\":\"left\",\"ind\":{},\"spacing\":{}},[\"span\",{\"data-type\":\"text\"},[\"span\",{\"data-type\":\"leaf\"},\"\"]]],[\"p\",{\"jc\":\"left\",\"ind\":{},\"spacing\":{}},[\"span\",{\"data-type\":\"text\"},[\"span\",{\"bold\":true,\"data-type\":\"leaf\"},\"Beneficios:\"]]],[\"p\",{\"list\":{\"listId\":\"2nmuyaj4lsn\",\"isOrdered\":false,\"level\":0},\"jc\":\"left\",\"spacing\":{}},[\"span\",{\"data-type\":\"text\"},[\"span\",{\"bold\":true,\"data-type\":\"leaf\"},\"Ahorra Tiempo:\"],[\"span\",{\"data-type\":\"leaf\"},\" Perfecto para quienes buscan la autenticidad del sofrito casero sin invertir horas en la cocina.\"]]],[\"p\",{\"list\":{\"listId\":\"2nmuyaj4lsn\",\"isOrdered\":false,\"level\":0},\"jc\":\"left\",\"spacing\":{}},[\"span\",{\"data-type\":\"text\"},[\"span\",{\"bold\":true,\"data-type\":\"leaf\"},\"Sabor Aut\u00e9ntico:\"],[\"span\",{\"data-type\":\"leaf\"},\" Reproduce fielmente el sofrito tradicional espa\u00f1ol, ofreciendo una base rica y sabrosa para cualquier receta.\"]]],[\"p\",{\"list\":{\"listId\":\"2nmuyaj4lsn\",\"isOrdered\":false,\"level\":0},\"jc\":\"left\",\"spacing\":{}},[\"span\",{\"data-type\":\"text\"},[\"span\",{\"bold\":true,\"data-type\":\"leaf\"},\"Saludable:\"],[\"span\",{\"data-type\":\"leaf\"},\" Hecho con ingredientes naturales y aceite de oliva extra virgen, aportando beneficios para la salud sin comprometer el sabor.\"]]],[\"p\",{\"jc\":\"left\",\"ind\":{},\"spacing\":{}},[\"span\",{\"data-type\":\"text\"},[\"span\",{\"data-type\":\"leaf\"},\"\"]]],[\"p\",{\"jc\":\"left\",\"ind\":{},\"spacing\":{}},[\"span\",{\"data-type\":\"text\"},[\"span\",{\"bold\":true,\"data-type\":\"leaf\"},\"Recomendaciones de Uso:\"]]],[\"p\",{\"list\":{\"listId\":\"yih4f0o7c2\",\"isOrdered\":false,\"level\":0},\"jc\":\"left\",\"spacing\":{}},[\"span\",{\"data-type\":\"text\"},[\"span\",{\"bold\":true,\"data-type\":\"leaf\"},\"Guisos:\"],[\"span\",{\"data-type\":\"leaf\"},\" A\u00f1\u00e1delo a tus guisos de carne, pollo o pescado para realzar su sabor y conseguir un plato m\u00e1s jugoso y sabroso.\"]]],[\"p\",{\"list\":{\"listId\":\"yih4f0o7c2\",\"isOrdered\":false,\"level\":0},\"jc\":\"left\",\"spacing\":{}},[\"span\",{\"data-type\":\"text\"},[\"span\",{\"bold\":true,\"data-type\":\"leaf\"},\"Arroces:\"],[\"span\",{\"data-type\":\"leaf\"},\" Util\u00edzalo como base para paellas y arroces caldosos, aportando el sabor y color caracter\u00edsticos de la cocina espa\u00f1ola.\"]]],[\"p\",{\"list\":{\"listId\":\"yih4f0o7c2\",\"isOrdered\":false,\"level\":0},\"jc\":\"left\",\"spacing\":{}},[\"span\",{\"data-type\":\"text\"},[\"span\",{\"bold\":true,\"data-type\":\"leaf\"},\"Pastas:\"],[\"span\",{\"data-type\":\"leaf\"},\" M\u00e9zclalo con pasta cocida y un poco de queso parmesano para un plato r\u00e1pido y delicioso.\"]]],[\"p\",{\"list\":{\"listId\":\"yih4f0o7c2\",\"isOrdered\":false,\"level\":0},\"jc\":\"left\",\"spacing\":{}},[\"span\",{\"data-type\":\"text\"},[\"span\",{\"bold\":true,\"data-type\":\"leaf\"},\"Salsas:\"],[\"span\",{\"data-type\":\"leaf\"},\" Ideal para preparar salsas de tomate caseras, simplemente a\u00f1adiendo unos pocos ingredientes adicionales seg\u00fan tu preferencia.\"]]],[\"p\",{\"jc\":\"left\",\"ind\":{},\"spacing\":{}},[\"span\",{\"data-type\":\"text\"},[\"span\",{\"data-type\":\"leaf\"},\"\"]]],[\"p\",{\"jc\":\"left\",\"ind\":{},\"spacing\":{}},[\"span\",{\"data-type\":\"text\"},[\"span\",{\"bold\":true,\"data-type\":\"leaf\"},\"Conservaci\u00f3n:\"]]],[\"p\",{\"list\":{\"listId\":\"xul99lc6zvi\",\"isOrdered\":false,\"level\":0},\"jc\":\"left\",\"spacing\":{}},[\"span\",{\"data-type\":\"text\"},[\"span\",{\"data-type\":\"leaf\"},\"Almacenar en un lugar fresco y seco.\"]]],[\"p\",{\"list\":{\"listId\":\"xul99lc6zvi\",\"isOrdered\":false,\"level\":0},\"jc\":\"left\",\"spacing\":{}},[\"span\",{\"data-type\":\"text\"},[\"span\",{\"data-type\":\"leaf\"},\"Una vez abierto, mantener refrigerado y consumir en los pr\u00f3ximos 3-4 d\u00edas.\"]]]]\"><strong>A. I\u00f1igo Sofrito<\/strong> ir amatnieciska kulin\u0101rijas b\u0101ze, kas ar svaig\u0101m un r\u016bp\u012bgi atlas\u012bt\u0101m sast\u0101vda\u013c\u0101m uzlabo jebkuru recepti. Ide\u0101li piem\u0113rots tiem, kas mekl\u0113 autentiskumu ikvien\u0101 \u0113dien\u0101, jo \u0161is sofrito, kas gatavots no nogatavoju\u0161os tom\u0101tu, s\u012bpolu un \u0137iploku mais\u012bjuma, garant\u0113 sabalans\u0113tu gar\u0161u, kas uzlabo saut\u0113jumus, r\u012bsu \u0113dienus, makaronus un citus \u0113dienus. A. I\u00f1igo kvalit\u0101te ir paz\u012bstama konservu nozar\u0113, un t\u0101 pie\u0161\u0137ir m\u0101j\u012bgu un dabisku gar\u0161u j\u016bsu ikdienas \u0113dienu pagatavo\u0161anai.  <\/p>\n<p><strong>A. I\u00f1igo sofrito<\/strong> ir ide\u0101li piem\u0113rots pirc\u0113jiem, kuri nov\u0113rt\u0113 kvalitat\u012bvus produktus un trad\u012bcijas, un tas ir piem\u0113rots jebkurai virtuvei, kur\u0101 tiek mekl\u0113ta praktiskuma iesp\u0113ja, nezaud\u0113jot gar\u0161u. Ar katru burci\u0146u j\u016bs ietaup\u012bsiet laiku un ieg\u016bsiet sofrito, kas saglab\u0101 svaigumu un autentisku gar\u0161u, ide\u0101li piem\u0113rots gan vienk\u0101r\u0161iem, gan gard\u0113\u017eu \u0113dieniem. Tiem, kas p\u0113ta amatnieciskus produktus, apmekl\u0113jiet m\u016bsu <a href=\"https:\/\/latiendadesami.com\/categoria-producto\/conservas\/\" target=\"_new\" rel=\"noopener noreferrer nofollow\" target=\"_blank\">konservu sada\u013cu <\/a>un atrodiet perfektu sast\u0101vda\u013cu kombin\u0101ciju, kas izce\u013c lab\u0101ko tradicion\u0101laj\u0101 \u0113dienu gatavo\u0161an\u0101.  <\/p>\n<p>Lai g\u016btu vair\u0101k iedvesmas, k\u0101 izmantot <strong>A. I\u00f1igo sofrito<\/strong> sav\u0101s recept\u0113s, un uzzin\u0101tu par citiem kvalitat\u012bviem produktiem, apmekl\u0113jiet t\u0101das vietnes k\u0101 <a href=\"https:\/\/academiadegastronomia.org\" target=\"_new\" rel=\"noopener noreferrer nofollow\" target=\"_blank\">Sp\u0101nijas Gastronomijas akad\u0113mija<\/a>.<\/p>\n<\/article>\n","protected":false},"excerpt":{"rendered":"<p>A. I\u00f1igo Sofrito ir amatnieciska kulin\u0101rijas b\u0101ze, kas ar svaig\u0101m un r\u016bp\u012bgi atlas\u012bt\u0101m sast\u0101vda\u013c\u0101m uzlabo jebkuru recepti. Ide\u0101li piem\u0113rots tiem, kas mekl\u0113 autentiskumu ikvien\u0101 \u0113dien\u0101, jo \u0161is sofrito, kas gatavots no nogatavoju\u0161os tom\u0101tu, s\u012bpolu un \u0137iploku mais\u012bjuma, garant\u0113 sabalans\u0113tu gar\u0161u, kas uzlabo saut\u0113jumus, r\u012bsu \u0113dienus, makaronus un citus \u0113dienus. A. I\u00f1igo kvalit\u0101te ir paz\u012bstama konservu [&hellip;]<\/p>\n","protected":false},"featured_media":40999,"template":"","meta":{"_et_pb_use_builder":"","_et_pb_old_content":"","_et_gb_content_width":""},"product_brand":[1461],"product_cat":[1963],"product_tag":[],"class_list":{"0":"post-40993","1":"product","2":"type-product","3":"status-publish","4":"has-post-thumbnail","6":"product_brand-a-inigo","7":"product_cat-saglaba","9":"first","10":"outofstock","11":"taxable","12":"shipping-taxable","13":"product-type-variable"},"_links":{"self":[{"href":"https:\/\/myspainfood.com\/lv\/wp-json\/wp\/v2\/product\/40993","targetHints":{"allow":["GET"]}}],"collection":[{"href":"https:\/\/myspainfood.com\/lv\/wp-json\/wp\/v2\/product"}],"about":[{"href":"https:\/\/myspainfood.com\/lv\/wp-json\/wp\/v2\/types\/product"}],"wp:featuredmedia":[{"embeddable":true,"href":"https:\/\/myspainfood.com\/lv\/wp-json\/wp\/v2\/media\/40999"}],"wp:attachment":[{"href":"https:\/\/myspainfood.com\/lv\/wp-json\/wp\/v2\/media?parent=40993"}],"wp:term":[{"taxonomy":"product_brand","embeddable":true,"href":"https:\/\/myspainfood.com\/lv\/wp-json\/wp\/v2\/product_brand?post=40993"},{"taxonomy":"product_cat","embeddable":true,"href":"https:\/\/myspainfood.com\/lv\/wp-json\/wp\/v2\/product_cat?post=40993"},{"taxonomy":"product_tag","embeddable":true,"href":"https:\/\/myspainfood.com\/lv\/wp-json\/wp\/v2\/product_tag?post=40993"}],"curies":[{"name":"wp","href":"https:\/\/api.w.org\/{rel}","templated":true}]}}