{"id":41123,"date":"2025-04-10T12:14:06","date_gmt":"2025-04-10T10:14:06","guid":{"rendered":"https:\/\/myspainfood.com\/producto\/pochas-blancas-de-navarra-a-inigo-autentisks-tradicionalais-aromats-660-gr\/"},"modified":"2025-04-10T12:14:06","modified_gmt":"2025-04-10T10:14:06","slug":"pochas-blancas-de-navarra-a-inigo-autentisks-tradicionalais-aromats-660-gr","status":"publish","type":"product","link":"https:\/\/myspainfood.com\/lv\/producto\/pochas-blancas-de-navarra-a-inigo-autentisks-tradicionalais-aromats-660-gr\/","title":{"rendered":"Pochas Blancas de Navarra A. I\u00f1igo - autentisks tradicion\u0101lais arom\u0101ts 660 gr"},"content":{"rendered":"<p>A. I\u00f1igo &#8220;Pochas Blancas&#8221; ir tradicion\u0101ls Navares re\u0123iona gardums, kas paz\u012bstams ar savu izcilo kvalit\u0101ti un gar\u0161u. \u0160\u012bs svaig\u0101s pupi\u0146as tiek nov\u0101ktas to optim\u0101l\u0101 gatav\u012bbas br\u012bd\u012b un r\u016bp\u012bgi iepakotas, lai saglab\u0101tu visu to svaigumu un uzturvielas. <\/p>\n<ul>\n<li><strong>Izcelsme:<\/strong> Navarra, Sp\u0101nija<\/li>\n<li><strong>Pupi\u0146u veids:<\/strong> balt\u0101s pupi\u0146as<\/li>\n<li><strong>Prezent\u0101cija:<\/strong> Stikla konteiners<\/li>\n<li><strong>Sast\u0101vda\u013cas:<\/strong> S\u0101ls, s\u0101ls, s\u0101ls, \u016bdens, balt\u0101s pupi\u0146as.<\/li>\n<li><strong>Uzglab\u0101\u0161ana:<\/strong> Uzglab\u0101t v\u0113s\u0101, saus\u0101 viet\u0101.<\/li>\n<li><strong>Ieteicamais pielietojums:<\/strong> Ide\u0101li piem\u0113rots saut\u0113jumiem, sal\u0101tiem un tradicion\u0101lajiem Navar\u0113zas un Vidusj\u016bras \u0113dieniem.<\/li>\n<\/ul>\n<p>A. I\u00f1igo balt\u0101s pupi\u0146as izce\u013cas ar savu maigumu un maigo gar\u0161u, kas lieliski papildin\u0101s citas sast\u0101vda\u013cas zup\u0101s, saut\u0113jumos un sal\u0101tos. To maig\u0101 konsistence un pl\u0101n\u0101 mizi\u0146a \u013cauj t\u0101s \u012bpa\u0161i nov\u0113rt\u0113t gard\u0113\u017eiem un tradicion\u0101l\u0101s virtuves cien\u012bt\u0101jiem. <\/p>\n","protected":false},"excerpt":{"rendered":"<p>A. I\u00f1igo &#8220;Pochas Blancas&#8221; ir tradicion\u0101ls Navares re\u0123iona gardums, kas paz\u012bstams ar savu izcilo kvalit\u0101ti un gar\u0161u. \u0160\u012bs svaig\u0101s pupi\u0146as tiek nov\u0101ktas to optim\u0101l\u0101 gatav\u012bbas br\u012bd\u012b un r\u016bp\u012bgi iepakotas, lai saglab\u0101tu visu to svaigumu un uzturvielas. Izcelsme: Navarra, Sp\u0101nija Pupi\u0146u veids: balt\u0101s pupi\u0146as Prezent\u0101cija: Stikla konteiners Sast\u0101vda\u013cas: S\u0101ls, s\u0101ls, s\u0101ls, \u016bdens, balt\u0101s pupi\u0146as. Uzglab\u0101\u0161ana: Uzglab\u0101t [&hellip;]<\/p>\n","protected":false},"featured_media":41127,"template":"","meta":{"_et_pb_use_builder":"","_et_pb_old_content":"","_et_gb_content_width":""},"product_brand":[1461],"product_cat":[3742],"product_tag":[],"class_list":{"0":"post-41123","1":"product","2":"type-product","3":"status-publish","4":"has-post-thumbnail","6":"product_brand-a-inigo","7":"product_cat-saglaba-lv-3","9":"first","10":"outofstock","11":"taxable","12":"shipping-taxable","13":"purchasable","14":"product-type-variable"},"_links":{"self":[{"href":"https:\/\/myspainfood.com\/lv\/wp-json\/wp\/v2\/product\/41123","targetHints":{"allow":["GET"]}}],"collection":[{"href":"https:\/\/myspainfood.com\/lv\/wp-json\/wp\/v2\/product"}],"about":[{"href":"https:\/\/myspainfood.com\/lv\/wp-json\/wp\/v2\/types\/product"}],"wp:featuredmedia":[{"embeddable":true,"href":"https:\/\/myspainfood.com\/lv\/wp-json\/wp\/v2\/media\/41127"}],"wp:attachment":[{"href":"https:\/\/myspainfood.com\/lv\/wp-json\/wp\/v2\/media?parent=41123"}],"wp:term":[{"taxonomy":"product_brand","embeddable":true,"href":"https:\/\/myspainfood.com\/lv\/wp-json\/wp\/v2\/product_brand?post=41123"},{"taxonomy":"product_cat","embeddable":true,"href":"https:\/\/myspainfood.com\/lv\/wp-json\/wp\/v2\/product_cat?post=41123"},{"taxonomy":"product_tag","embeddable":true,"href":"https:\/\/myspainfood.com\/lv\/wp-json\/wp\/v2\/product_tag?post=41123"}],"curies":[{"name":"wp","href":"https:\/\/api.w.org\/{rel}","templated":true}]}}