{"id":41741,"date":"2025-04-10T12:12:29","date_gmt":"2025-04-10T10:12:29","guid":{"rendered":"https:\/\/myspainfood.com\/producto\/la-vieja-fabrica-persiku-ievarijums-diet-280-g\/"},"modified":"2025-04-10T12:12:29","modified_gmt":"2025-04-10T10:12:29","slug":"la-vieja-fabrica-persiku-ievarijums-diet-280-g","status":"publish","type":"product","link":"https:\/\/myspainfood.com\/lv\/producto\/la-vieja-fabrica-persiku-ievarijums-diet-280-g\/","title":{"rendered":"La Vieja F\u00e1brica Persiku iev\u0101r\u012bjums DIET 280 g"},"content":{"rendered":"<p>La Vieja F\u00e1brica di\u0113tiskais persiku iev\u0101r\u012bjums ir gar\u0161\u012bgs \u0113diens tiem, kas v\u0113las izbaud\u012bt autentisku aug\u013cu gar\u0161u, nepievienojot uztur\u0101 nevajadz\u012bgas kalorijas. \u0160is iev\u0101r\u012bjums, kas pagatavots no atlas\u012btiem persikiem p\u0113c La Vieja F\u00e1brica tradicion\u0101laj\u0101m amatnieku recept\u0113m, pied\u0101v\u0101 svaigu un dabisku gar\u0161u. <\/p>\n<p><strong>Izcelsme:<\/strong> Sp\u0101nija Ra\u017eot\u0101js: \u00c1ngel Camacho Alimentaci\u00f3n, S.L.<\/p>\n<p><strong>Ra\u017eot\u0101ja adrese:<\/strong> Avda. del Pilar, 6 - 41530 Mor\u00f3n de la Frontera (Sevilla)<\/p>\n<p> <strong> Izcelsme<\/strong>: Sp\u0101nijas izcelsmes produkts<\/p>\n<p><strong>Neto svars<\/strong>: 280 g<\/p>\n<p><strong>Papildu oblig\u0101t\u0101 inform\u0101cija uz eti\u0137etes<\/strong>: satur 55 g persiku 100 g.<\/p>\n<p><strong>Kop\u0113jais cukuru<\/strong> daudzums: 42 g uz 100 g.<\/p>\n","protected":false},"excerpt":{"rendered":"<p>La Vieja F\u00e1brica di\u0113tiskais persiku iev\u0101r\u012bjums ir gar\u0161\u012bgs \u0113diens tiem, kas v\u0113las izbaud\u012bt autentisku aug\u013cu gar\u0161u, nepievienojot uztur\u0101 nevajadz\u012bgas kalorijas. \u0160is iev\u0101r\u012bjums, kas pagatavots no atlas\u012btiem persikiem p\u0113c La Vieja F\u00e1brica tradicion\u0101laj\u0101m amatnieku recept\u0113m, pied\u0101v\u0101 svaigu un dabisku gar\u0161u. Izcelsme: Sp\u0101nija Ra\u017eot\u0101js: \u00c1ngel Camacho Alimentaci\u00f3n, S.L. Ra\u017eot\u0101ja adrese: Avda. del Pilar, 6 - 41530 Mor\u00f3n [&hellip;]<\/p>\n","protected":false},"featured_media":41749,"template":"","meta":{"_et_pb_use_builder":"","_et_pb_old_content":"","_et_gb_content_width":""},"product_brand":[1460],"product_cat":[1963],"product_tag":[],"class_list":{"0":"post-41741","1":"product","2":"type-product","3":"status-publish","4":"has-post-thumbnail","6":"product_brand-la-vieja-fabrica","7":"product_cat-saglaba","9":"first","10":"outofstock","11":"taxable","12":"shipping-taxable","13":"product-type-variable"},"_links":{"self":[{"href":"https:\/\/myspainfood.com\/lv\/wp-json\/wp\/v2\/product\/41741","targetHints":{"allow":["GET"]}}],"collection":[{"href":"https:\/\/myspainfood.com\/lv\/wp-json\/wp\/v2\/product"}],"about":[{"href":"https:\/\/myspainfood.com\/lv\/wp-json\/wp\/v2\/types\/product"}],"wp:featuredmedia":[{"embeddable":true,"href":"https:\/\/myspainfood.com\/lv\/wp-json\/wp\/v2\/media\/41749"}],"wp:attachment":[{"href":"https:\/\/myspainfood.com\/lv\/wp-json\/wp\/v2\/media?parent=41741"}],"wp:term":[{"taxonomy":"product_brand","embeddable":true,"href":"https:\/\/myspainfood.com\/lv\/wp-json\/wp\/v2\/product_brand?post=41741"},{"taxonomy":"product_cat","embeddable":true,"href":"https:\/\/myspainfood.com\/lv\/wp-json\/wp\/v2\/product_cat?post=41741"},{"taxonomy":"product_tag","embeddable":true,"href":"https:\/\/myspainfood.com\/lv\/wp-json\/wp\/v2\/product_tag?post=41741"}],"curies":[{"name":"wp","href":"https:\/\/api.w.org\/{rel}","templated":true}]}}