{"id":41792,"date":"2025-04-10T12:12:57","date_gmt":"2025-04-10T10:12:57","guid":{"rendered":"https:\/\/myspainfood.com\/producto\/a-inigo-zalas-pupinas-apalas-videja-lieluma-gabalini-400-gr\/"},"modified":"2025-04-10T12:12:57","modified_gmt":"2025-04-10T10:12:57","slug":"a-inigo-zalas-pupinas-apalas-videja-lieluma-gabalini-400-gr","status":"publish","type":"product","link":"https:\/\/myspainfood.com\/lv\/producto\/a-inigo-zalas-pupinas-apalas-videja-lieluma-gabalini-400-gr\/","title":{"rendered":"A.I\u00f1igo za\u013c\u0101s pupi\u0146as apa\u013cas, vid\u0113ja lieluma gabali\u0146i 400 gr"},"content":{"rendered":"<p>A.I\u00f1igo za\u013c\u0101s pupi\u0146as ir izcili svaigas un gar\u0161\u012bgas. \u0160\u012bs za\u013c\u0101s pupi\u0146as, kas r\u016bp\u012bgi atlas\u012btas un nov\u0101ktas optim\u0101l\u0101 gatav\u012bbas laik\u0101, ir ide\u0101la izv\u0113le jebkurai ikdienas malt\u012btei. <\/p>\n<p><strong>Ener\u0123\u0113tisk\u0101 v\u0113rt\u012bba:<\/strong> 15,9 kJ \/ 67,5 kcal<\/p>\n<p><strong>Tauki<\/strong>: 0 g<\/p>\n<p><strong>No t\u0101m pies\u0101tin\u0101tas<\/strong> 0 g<\/p>\n<p><strong>Og\u013chidr\u0101ti:<\/strong> 3,3 g<\/p>\n<p><strong>No tiem cukura:<\/strong> 0,8 g<\/p>\n<p><strong>Di\u0113tisk\u0101s \u0161\u0137iedrvielas<\/strong>: 1,5 g<\/p>\n<p><strong>Olbaltumvielas<\/strong>: 0,67 g<\/p>\n<p><strong>S\u0101ls<\/strong>: 0,5 g<\/p>\n","protected":false},"excerpt":{"rendered":"<p>A.I\u00f1igo za\u013c\u0101s pupi\u0146as ir izcili svaigas un gar\u0161\u012bgas. \u0160\u012bs za\u013c\u0101s pupi\u0146as, kas r\u016bp\u012bgi atlas\u012btas un nov\u0101ktas optim\u0101l\u0101 gatav\u012bbas laik\u0101, ir ide\u0101la izv\u0113le jebkurai ikdienas malt\u012btei. Ener\u0123\u0113tisk\u0101 v\u0113rt\u012bba: 15,9 kJ \/ 67,5 kcal Tauki: 0 g No t\u0101m pies\u0101tin\u0101tas 0 g Og\u013chidr\u0101ti: 3,3 g No tiem cukura: 0,8 g Di\u0113tisk\u0101s \u0161\u0137iedrvielas: 1,5 g Olbaltumvielas: 0,67 g [&hellip;]<\/p>\n","protected":false},"featured_media":41801,"template":"","meta":{"_et_pb_use_builder":"","_et_pb_old_content":"","_et_gb_content_width":""},"product_brand":[1461],"product_cat":[1963],"product_tag":[],"class_list":{"0":"post-41792","1":"product","2":"type-product","3":"status-publish","4":"has-post-thumbnail","6":"product_brand-a-inigo","7":"product_cat-saglaba","9":"first","10":"instock","11":"taxable","12":"shipping-taxable","13":"product-type-variable"},"_links":{"self":[{"href":"https:\/\/myspainfood.com\/lv\/wp-json\/wp\/v2\/product\/41792","targetHints":{"allow":["GET"]}}],"collection":[{"href":"https:\/\/myspainfood.com\/lv\/wp-json\/wp\/v2\/product"}],"about":[{"href":"https:\/\/myspainfood.com\/lv\/wp-json\/wp\/v2\/types\/product"}],"wp:featuredmedia":[{"embeddable":true,"href":"https:\/\/myspainfood.com\/lv\/wp-json\/wp\/v2\/media\/41801"}],"wp:attachment":[{"href":"https:\/\/myspainfood.com\/lv\/wp-json\/wp\/v2\/media?parent=41792"}],"wp:term":[{"taxonomy":"product_brand","embeddable":true,"href":"https:\/\/myspainfood.com\/lv\/wp-json\/wp\/v2\/product_brand?post=41792"},{"taxonomy":"product_cat","embeddable":true,"href":"https:\/\/myspainfood.com\/lv\/wp-json\/wp\/v2\/product_cat?post=41792"},{"taxonomy":"product_tag","embeddable":true,"href":"https:\/\/myspainfood.com\/lv\/wp-json\/wp\/v2\/product_tag?post=41792"}],"curies":[{"name":"wp","href":"https:\/\/api.w.org\/{rel}","templated":true}]}}