{"id":42407,"date":"2025-04-10T12:12:05","date_gmt":"2025-04-10T10:12:05","guid":{"rendered":"https:\/\/myspainfood.com\/producto\/senorio-de-nava-ribera-del-duero-2022-75-cl\/"},"modified":"2026-01-29T12:33:52","modified_gmt":"2026-01-29T11:33:52","slug":"senorio-de-nava-ribera-del-duero-2022-75-cl","status":"publish","type":"product","link":"https:\/\/myspainfood.com\/lv\/producto\/senorio-de-nava-ribera-del-duero-2022-75-cl\/","title":{"rendered":"Se\u00f1or\u00edo De Nava Ribera Del Duero 2022 75 cl"},"content":{"rendered":"<p>Atkl\u0101jiet autentisku Ribera del Duero gar\u0161u ar Se\u00f1or\u00edo De Nava! \u0160is presti\u017eais v\u012bns ar cilmes vietas nosaukumu Denominaci\u00f3n de Origen Ribera del Duero atspogu\u013co \u0161\u012b slaven\u0101 Sp\u0101nijas v\u012bna re\u0123iona b\u016bt\u012bbu. <\/p>\n<p>Se\u00f1or\u00edo De Nava Ribera Del Duero ir r\u016bp\u012bgi atlas\u012btu Tempranillo v\u012bnogu - re\u0123iona simbolisk\u0101s \u0161\u0137irnes - rezult\u0101ts, kas audz\u0113tas privili\u0123\u0113tajos v\u012bnogul\u0101ju d\u0101rzos Duero upes ielejas saul\u0113. \u0160is v\u012bns izce\u013cas ar sare\u017e\u0123\u012btu raksturu un izcilu l\u012bdzsvaru, un to raksturo kontrol\u0113ta ferment\u0101cija un r\u016bp\u012bga nogatavin\u0101\u0161ana ozolkoka muc\u0101s. <\/p>\n<p>Gar\u0161as k\u0101rpi\u0146\u0101 tas izce\u013cas ar intens\u012bv\u0101m nogatavoju\u0161os aug\u013cu not\u012bm, maig\u0101m ozolkoka nians\u0113m un labi izteiktu strukt\u016bru, kas nosl\u0113dzas gar\u0101, apmierino\u0161\u0101 nobeigum\u0101. Se\u00f1or\u00edo De Nava Ribera Del Duero ir lielisks papildin\u0101jums \u012bpa\u0161iem gad\u012bjumiem - gan elegant\u0101m vakari\u0146\u0101m, gan neform\u0101l\u0101m tik\u0161an\u0101s reiz\u0113m ar draugiem. <\/p>\n<p>\u013baujieties Ribera del Duero elegancei un trad\u012bcij\u0101m ar katru Se\u00f1or\u00edo De Nava malku. Izbaudiet viena no Sp\u0101nijas izcil\u0101kajiem v\u012bna re\u0123ioniem v\u012bndar\u012bbas izcil\u012bbu un ar \u0161o izsmalcin\u0101to v\u012bnu padariet neaizmirstamu katru notikumu!  <\/p>\n","protected":false},"excerpt":{"rendered":"<p>Se\u00f1or\u00edo De Nava Ribera Del Duero ir r\u016bp\u012bgi atlas\u012btu Tempranillo v\u012bnogu - re\u0123iona simbolisk\u0101s \u0161\u0137irnes - rezult\u0101ts, kas audz\u0113tas privili\u0123\u0113tajos v\u012bnogul\u0101ju d\u0101rzos Duero upes ielejas saul\u0113. \u0160is v\u012bns izce\u013cas ar sare\u017e\u0123\u012btu raksturu un izcilu l\u012bdzsvaru, un to raksturo kontrol\u0113ta ferment\u0101cija un r\u016bp\u012bga nogatavin\u0101\u0161ana ozolkoka muc\u0101s. <\/p>\n","protected":false},"featured_media":42413,"template":"","meta":{"_et_pb_use_builder":"","_et_pb_old_content":"","_et_gb_content_width":""},"product_brand":[1224],"product_cat":[4859,4861],"product_tag":[],"class_list":{"0":"post-42407","1":"product","2":"type-product","3":"status-publish","4":"has-post-thumbnail","6":"product_brand-senorio-de-nava","7":"product_cat-dzerieni","8":"product_cat-vins","10":"first","11":"outofstock","12":"taxable","13":"shipping-taxable","14":"product-type-variable"},"_links":{"self":[{"href":"https:\/\/myspainfood.com\/lv\/wp-json\/wp\/v2\/product\/42407","targetHints":{"allow":["GET"]}}],"collection":[{"href":"https:\/\/myspainfood.com\/lv\/wp-json\/wp\/v2\/product"}],"about":[{"href":"https:\/\/myspainfood.com\/lv\/wp-json\/wp\/v2\/types\/product"}],"wp:featuredmedia":[{"embeddable":true,"href":"https:\/\/myspainfood.com\/lv\/wp-json\/wp\/v2\/media\/42413"}],"wp:attachment":[{"href":"https:\/\/myspainfood.com\/lv\/wp-json\/wp\/v2\/media?parent=42407"}],"wp:term":[{"taxonomy":"product_brand","embeddable":true,"href":"https:\/\/myspainfood.com\/lv\/wp-json\/wp\/v2\/product_brand?post=42407"},{"taxonomy":"product_cat","embeddable":true,"href":"https:\/\/myspainfood.com\/lv\/wp-json\/wp\/v2\/product_cat?post=42407"},{"taxonomy":"product_tag","embeddable":true,"href":"https:\/\/myspainfood.com\/lv\/wp-json\/wp\/v2\/product_tag?post=42407"}],"curies":[{"name":"wp","href":"https:\/\/api.w.org\/{rel}","templated":true}]}}