{"id":42524,"date":"2025-04-10T12:12:29","date_gmt":"2025-04-10T10:12:29","guid":{"rendered":"https:\/\/myspainfood.com\/producto\/santos-sodupe-rioja-young-red-descuido\/"},"modified":"2026-01-29T13:01:57","modified_gmt":"2026-01-29T12:01:57","slug":"santos-sodupe-rioja-young-red-descuido","status":"publish","type":"product","link":"https:\/\/myspainfood.com\/lv\/producto\/santos-sodupe-rioja-young-red-descuido\/","title":{"rendered":"Santos Sodupe Rioja Young Red DESCUIDO"},"content":{"rendered":"<p>Tradicion\u0101l\u0101 karbonisk\u0101 macer\u0101cija<\/p>\n<p>Aukst\u0101 macer\u0101cija<\/p>\n<p>Spie\u0161ana zemspiediena spied\u0113, br\u012bvi tecin\u0101ta sula<\/p>\n<p>T\u012br\u012b\u0161ana ar dekant\u0113\u0161anu (nosusin\u0101\u0161ana)<\/p>\n<p>Temperat\u016bras kontrol\u0113ta ferment\u0101cija<\/p>\n<p>Ra\u017eas nov\u0101k\u0161ana, kas atlas\u012bta uz v\u012bnogul\u0101ja<\/p>\n<p>Tehnisk\u0101s specifik\u0101cijas<\/p>\n<p>Young Red<\/p>\n<p>85% tempranillo, 10% viura, 5% graciano<\/p>\n<p>Bodegas Santos Sodupe<\/p>\n<p>San Asensio, La Rioja<\/p>\n<p>D.O.C. Rioja<\/p>\n<p>75cl \/ 12,5%vol.<\/p>\n<p>Satur sulf\u012btus<\/p>\n","protected":false},"excerpt":{"rendered":"<p>Tradicion\u0101l\u0101 karbonisk\u0101 macer\u0101cija Aukst\u0101 macer\u0101cija Spie\u0161ana zemspiediena spied\u0113, br\u012bvi tecin\u0101ta sula T\u012br\u012b\u0161ana ar dekant\u0113\u0161anu (nosusin\u0101\u0161ana) Temperat\u016bras kontrol\u0113ta ferment\u0101cija Ra\u017eas nov\u0101k\u0161ana, kas atlas\u012bta uz v\u012bnogul\u0101ja Tehnisk\u0101s specifik\u0101cijas Young Red 85% tempranillo, 10% viura, 5% graciano Bodegas Santos Sodupe San Asensio, La Rioja D.O.C. Rioja 75cl \/ 12,5%vol. Satur sulf\u012btus<\/p>\n","protected":false},"featured_media":42530,"template":"","meta":{"_et_pb_use_builder":"","_et_pb_old_content":"","_et_gb_content_width":""},"product_brand":[1459],"product_cat":[4859,6278],"product_tag":[],"class_list":{"0":"post-42524","1":"product","2":"type-product","3":"status-publish","4":"has-post-thumbnail","6":"product_brand-santos-sodupe","7":"product_cat-dzerieni","8":"product_cat-vins-lv-2","10":"first","11":"outofstock","12":"taxable","13":"shipping-taxable","14":"product-type-variable"},"_links":{"self":[{"href":"https:\/\/myspainfood.com\/lv\/wp-json\/wp\/v2\/product\/42524","targetHints":{"allow":["GET"]}}],"collection":[{"href":"https:\/\/myspainfood.com\/lv\/wp-json\/wp\/v2\/product"}],"about":[{"href":"https:\/\/myspainfood.com\/lv\/wp-json\/wp\/v2\/types\/product"}],"wp:featuredmedia":[{"embeddable":true,"href":"https:\/\/myspainfood.com\/lv\/wp-json\/wp\/v2\/media\/42530"}],"wp:attachment":[{"href":"https:\/\/myspainfood.com\/lv\/wp-json\/wp\/v2\/media?parent=42524"}],"wp:term":[{"taxonomy":"product_brand","embeddable":true,"href":"https:\/\/myspainfood.com\/lv\/wp-json\/wp\/v2\/product_brand?post=42524"},{"taxonomy":"product_cat","embeddable":true,"href":"https:\/\/myspainfood.com\/lv\/wp-json\/wp\/v2\/product_cat?post=42524"},{"taxonomy":"product_tag","embeddable":true,"href":"https:\/\/myspainfood.com\/lv\/wp-json\/wp\/v2\/product_tag?post=42524"}],"curies":[{"name":"wp","href":"https:\/\/api.w.org\/{rel}","templated":true}]}}