{"id":42844,"date":"2025-04-10T12:11:40","date_gmt":"2025-04-10T10:11:40","guid":{"rendered":"https:\/\/myspainfood.com\/producto\/sardines-saulespuku-ella-12-14-gab-111-g\/"},"modified":"2025-04-10T12:11:40","modified_gmt":"2025-04-10T10:11:40","slug":"sardines-saulespuku-ella-12-14-gab-111-g","status":"publish","type":"product","link":"https:\/\/myspainfood.com\/lv\/producto\/sardines-saulespuku-ella-12-14-gab-111-g\/","title":{"rendered":"Sard\u012bnes saulespu\u0137u e\u013c\u013c\u0101 12\/14 gab. 111 g"},"content":{"rendered":"<p>Atkl\u0101jiet j\u016bras gar\u0161u ar m\u016bsu augst\u0101k\u0101s kvalit\u0101tes sard\u012bn\u0113m saulespu\u0137u e\u013c\u013c\u0101! Katrs kodiens ir svaiguma un kvalit\u0101tes eksplozija, kas iepriecin\u0101s j\u016bsu gar\u0161as k\u0101rpi\u0146as un aizved\u012bs j\u016bs uz eksotisk\u0101kaj\u0101m piekrast\u0113m. <\/p>\n<p>M\u016bsu sard\u012bnes tiek r\u016bp\u012bgi zvejotas t\u012br\u0101kajos \u016bde\u0146os un atlas\u012btas, lai garant\u0113tu to nesal\u012bdzin\u0101mu svaigumu un gar\u0161u. M\u0113rc\u0113tas augst\u0101k\u0101s kvalit\u0101tes saulespu\u0137u e\u013c\u013c\u0101, m\u0113s saglab\u0101jam to maigo konsistenci un dabisko gar\u0161u, lai katrs kodiens b\u016btu neaizmirstams piedz\u012bvojums. <\/p>\n<p>M\u016bsu sard\u012bnes saulespu\u0137u e\u013c\u013c\u0101, kas bag\u0101tas ar omega-3 tauksk\u0101b\u0113m, neaizst\u0101jamiem vitam\u012bniem un miner\u0101lviel\u0101m, ir ne tikai gar\u0161\u012bgas, bet ar\u012b pilnv\u0113rt\u012bga izv\u0113le ikdienas uztur\u0101. Lietojiet t\u0101s k\u0101 galveno sast\u0101vda\u013cu svaigos sal\u0101tos, gard\u0113\u017eu uzkod\u0101s vai vienk\u0101r\u0161i baudiet t\u0101s tie\u0161i no k\u0101rbas. <\/p>\n<p>Neatkar\u012bgi no t\u0101, vai gatavojat greznas vakari\u0146as vai mekl\u0113jat vesel\u012bgu uzkodu l\u012bdz\u0146em\u0161anai, m\u016bsu sard\u012bnes saulespu\u0137u e\u013c\u013c\u0101 ir ide\u0101la izv\u0113le. Uzdro\u0161inieties t\u0101s nobaud\u012bt un atkl\u0101jiet, k\u0101p\u0113c t\u0101s ir visu gard\u0113\u017eu vislab\u0101k sarg\u0101tais nosl\u0113pums! <\/p>\n<p>Ieg\u0101d\u0101jieties sard\u012bnes saulespu\u0137u e\u013c\u013c\u0101 jau \u0161odien un pie\u0161\u0137iriet saviem iecien\u012bt\u0101kajiem \u0113dieniem j\u016bras vel\u0161u gar\u0161u!<\/p>\n","protected":false},"excerpt":{"rendered":"<p>Atkl\u0101jiet j\u016bras gar\u0161u ar m\u016bsu augst\u0101k\u0101s kvalit\u0101tes sard\u012bn\u0113m saulespu\u0137u e\u013c\u013c\u0101! Katrs kodiens ir svaiguma un kvalit\u0101tes eksplozija, kas iepriecin\u0101s j\u016bsu gar\u0161as k\u0101rpi\u0146as un aizved\u012bs j\u016bs uz eksotisk\u0101kaj\u0101m piekrast\u0113m. <\/p>\n","protected":false},"featured_media":42845,"template":"","meta":{"_et_pb_use_builder":"","_et_pb_old_content":"","_et_gb_content_width":""},"product_brand":[1358],"product_cat":[1963,3778],"product_tag":[],"class_list":{"0":"post-42844","1":"product","2":"type-product","3":"status-publish","4":"has-post-thumbnail","6":"product_brand-areoso","7":"product_cat-saglaba","8":"product_cat-sardinillas-lv","10":"first","11":"outofstock","12":"taxable","13":"shipping-taxable","14":"product-type-simple"},"_links":{"self":[{"href":"https:\/\/myspainfood.com\/lv\/wp-json\/wp\/v2\/product\/42844","targetHints":{"allow":["GET"]}}],"collection":[{"href":"https:\/\/myspainfood.com\/lv\/wp-json\/wp\/v2\/product"}],"about":[{"href":"https:\/\/myspainfood.com\/lv\/wp-json\/wp\/v2\/types\/product"}],"wp:featuredmedia":[{"embeddable":true,"href":"https:\/\/myspainfood.com\/lv\/wp-json\/wp\/v2\/media\/42845"}],"wp:attachment":[{"href":"https:\/\/myspainfood.com\/lv\/wp-json\/wp\/v2\/media?parent=42844"}],"wp:term":[{"taxonomy":"product_brand","embeddable":true,"href":"https:\/\/myspainfood.com\/lv\/wp-json\/wp\/v2\/product_brand?post=42844"},{"taxonomy":"product_cat","embeddable":true,"href":"https:\/\/myspainfood.com\/lv\/wp-json\/wp\/v2\/product_cat?post=42844"},{"taxonomy":"product_tag","embeddable":true,"href":"https:\/\/myspainfood.com\/lv\/wp-json\/wp\/v2\/product_tag?post=42844"}],"curies":[{"name":"wp","href":"https:\/\/api.w.org\/{rel}","templated":true}]}}