{"id":43698,"date":"2025-04-10T12:05:33","date_gmt":"2025-04-10T10:05:33","guid":{"rendered":"https:\/\/myspainfood.com\/producto\/baklazanu-aromata-olivas\/"},"modified":"2025-09-02T10:36:47","modified_gmt":"2025-09-02T08:36:47","slug":"baklazanu-aromata-olivas","status":"publish","type":"product","link":"https:\/\/myspainfood.com\/lv\/producto\/baklazanu-aromata-olivas\/","title":{"rendered":"Bakla\u017e\u0101nu arom\u0101ta ol\u012bvas"},"content":{"rendered":"<p>Bakla\u017e\u0101nu arom\u0101ta ol\u012bvu gar\u0161a ir \u013coti maiga, t\u0101p\u0113c t\u0101 ir drosm\u012bga <a href=\"https:\/\/www.laencajera.es\/aceitunas\" target=\"_blank\" rel=\"noopener noreferrer nofollow\">uzkoda,<\/a> kas vienm\u0113r ir apet\u012bti rosino\u0161a.<\/p>\n<p>T\u0101 ir ar\u012b ide\u0101ls papildin\u0101jums \u0113dieniem ar karoti. Tos var baud\u012bt kop\u0101 ar gl\u0101zi v\u012bna. <\/p>\n<p>Sast\u0101vda\u013cas: Ol\u012bvas, \u016bdens, pipari, s\u0101ls, eti\u0137is, dab\u012bg\u0101s gar\u0161vielas (\u0137iploki, \u0137imenes, paprika un e\u013c\u013ca), gar\u0161as pastiprin\u0101t\u0101js (E-631, E-627, E-621), sk\u0101bin\u0101t\u0101js (E-330), konservanti (E-270, E-202, E-211), antioksidants (E-330) un dab\u012bgie aromatiz\u0113t\u0101ji. Var satur\u0113t sulf\u012btus. <\/p>\n<p>Uzglab\u0101t v\u0113s\u0101 un saus\u0101 viet\u0101, temperat\u016br\u0101 no 3\u00baC l\u012bdz 10\u00baC. Uzglab\u0101t no saules gaismas un sp\u0113c\u012bg\u0101m smak\u0101m. <\/p>\n<p>P\u0113c atv\u0113r\u0161anas uzglab\u0101t ledusskap\u012b un izlietot 30 dienu laik\u0101.<\/p>\n<p>Ja v\u0113laties ieg\u0101d\u0101ties ol\u012bvas vai cita veida <a href=\"https:\/\/latiendadesami.com\/categoria-producto\/encurtidos\/\" rel=\"noopener noreferrer nofollow\" target=\"_blank\">marin\u0113tus gur\u0137us<\/a>, nevilcinieties iel\u016bkoties m\u016bsu tie\u0161saistes katalog\u0101, lai iepaz\u012btos ar m\u016bsu pla\u0161o <a href=\"https:\/\/latiendadesami.com\/categoria-producto\/encurtidos\/berenjenas\/\" target=\"_blank\" rel=\"noopener noreferrer nofollow\">bakla\u017e\u0101nu<\/a> kl\u0101stu.<\/p>\n<p>\u0160is z\u012bmols ir La Encajonera, \u0123imenes uz\u0146\u0113mums, kas dibin\u0101ts 1990. gad\u0101 un atrodas pa\u0161\u0101 La Man\u010das sird\u012b, ALMAGRO pils\u0113t\u0101, Ciudad Real provinc\u0113.<\/p>\n<p>T\u0101s produktu ra\u017eo\u0161anas process s\u0101kas taj\u0101 pa\u0161\u0101 audz\u0113\u0161anas apgabal\u0101, izv\u0113loties vislab\u0101k\u0101s kvalit\u0101tes produktus.<\/p>\n<p>R\u016bpn\u012bca ir apr\u012bkota ar vismodern\u0101kaj\u0101m tehnolo\u0123ij\u0101m, vienlaikus saglab\u0101jot amatnieku trad\u012bcijas un zin\u0101\u0161anas.<\/p>\n","protected":false},"excerpt":{"rendered":"<p>Bakla\u017e\u0101nu arom\u0101ta ol\u012bvu gar\u0161a ir \u013coti maiga, t\u0101p\u0113c t\u0101 ir drosm\u012bga uzkoda, kas vienm\u0113r ir apet\u012bti rosino\u0161a. T\u0101 ir ar\u012b ide\u0101ls papildin\u0101jums \u0113dieniem ar karoti. Tos var baud\u012bt kop\u0101 ar gl\u0101zi v\u012bna. Sast\u0101vda\u013cas: Ol\u012bvas, \u016bdens, pipari, s\u0101ls, eti\u0137is, dab\u012bg\u0101s gar\u0161vielas (\u0137iploki, \u0137imenes, paprika un e\u013c\u013ca), gar\u0161as pastiprin\u0101t\u0101js (E-631, E-627, E-621), sk\u0101bin\u0101t\u0101js (E-330), konservanti (E-270, E-202, [&hellip;]<\/p>\n","protected":false},"featured_media":43703,"template":"","meta":{"_et_pb_use_builder":"","_et_pb_old_content":"","_et_gb_content_width":""},"product_brand":[1057],"product_cat":[1731,1729],"product_tag":[2166],"class_list":{"0":"post-43698","1":"product","2":"type-product","3":"status-publish","4":"has-post-thumbnail","6":"product_brand-la-encajera","7":"product_cat-olivas","8":"product_cat-pickles-lv","9":"product_tag-baklazani","11":"first","12":"outofstock","13":"taxable","14":"shipping-taxable","15":"product-type-variable"},"_links":{"self":[{"href":"https:\/\/myspainfood.com\/lv\/wp-json\/wp\/v2\/product\/43698","targetHints":{"allow":["GET"]}}],"collection":[{"href":"https:\/\/myspainfood.com\/lv\/wp-json\/wp\/v2\/product"}],"about":[{"href":"https:\/\/myspainfood.com\/lv\/wp-json\/wp\/v2\/types\/product"}],"wp:featuredmedia":[{"embeddable":true,"href":"https:\/\/myspainfood.com\/lv\/wp-json\/wp\/v2\/media\/43703"}],"wp:attachment":[{"href":"https:\/\/myspainfood.com\/lv\/wp-json\/wp\/v2\/media?parent=43698"}],"wp:term":[{"taxonomy":"product_brand","embeddable":true,"href":"https:\/\/myspainfood.com\/lv\/wp-json\/wp\/v2\/product_brand?post=43698"},{"taxonomy":"product_cat","embeddable":true,"href":"https:\/\/myspainfood.com\/lv\/wp-json\/wp\/v2\/product_cat?post=43698"},{"taxonomy":"product_tag","embeddable":true,"href":"https:\/\/myspainfood.com\/lv\/wp-json\/wp\/v2\/product_tag?post=43698"}],"curies":[{"name":"wp","href":"https:\/\/api.w.org\/{rel}","templated":true}]}}