{"id":43750,"date":"2025-04-10T12:10:00","date_gmt":"2025-04-10T10:10:00","guid":{"rendered":"https:\/\/myspainfood.com\/producto\/chicon-vecmaminas-ballite-900-gr-iepakojuma-6-gab\/"},"modified":"2025-09-02T10:45:54","modified_gmt":"2025-09-02T08:45:54","slug":"chicon-vecmaminas-ballite-900-gr-iepakojuma-6-gab","status":"publish","type":"product","link":"https:\/\/myspainfood.com\/lv\/producto\/chicon-vecmaminas-ballite-900-gr-iepakojuma-6-gab\/","title":{"rendered":"Chicon Vecm\u0101mi\u0146as ball\u012bte 900 gr iepakojum\u0101 6 gab."},"content":{"rendered":"<p>Vecm\u0101mi\u0146as \u0161\u0137elto ol\u012bvu priek\u0161roc\u012bbas<\/p>\n<p>Vecm\u0101mi\u0146as krekinga ol\u012bvu priek\u0161roc\u012bbas ir daudzskaitl\u012bgas, un papildus to izcilajam arom\u0101tam t\u0101s ir ar\u012b \u013coti labv\u0113l\u012bgas vesel\u012bbai.<\/p>\n<p>T\u0101s samazina holester\u012bna l\u012bmeni. Pateicoties ole\u012bnsk\u0101bei, vecm\u0101mi\u0146as \u0161\u0137elt\u0101s ol\u012bvas pal\u012bdz samazin\u0101t holester\u012bna l\u012bmeni. <\/p>\n<p>Tie pal\u012bdz gremo\u0161anai. Ol\u012bvas ar augstu \u0161\u0137iedrvielu saturu pal\u012bdz izvad\u012bt toks\u012bnus un uzlabo visp\u0101r\u0113jo gremo\u0161anu. <\/p>\n<p>\u0100das ieguvumi. A un E vitam\u012bni ir labv\u0113l\u012bgi \u0101dai, un tiem piem\u012bt pretnoveco\u0161an\u0101s \u012bpa\u0161\u012bbas. <\/p>\n<p>Tie nodro\u0161ina ener\u0123iju. Tajos ir daudz dzelzs, kas pal\u012bdz sintez\u0113t karnit\u012bnu un ra\u017eot ener\u0123iju. <\/p>\n<p>Ieg\u0101d\u0101jieties ol\u012bvas no vecm\u0101mi\u0146as ball\u012btes<\/p>\n<p>Vecm\u0101mi\u0146as ol\u012bvas izce\u013cas ar savu saldo, bet intens\u012bvo gar\u0161u, k\u0101 ar\u012b rakstur\u012bgo gar\u0161vielu, kas veidota, izmantojot dab\u012bgas gar\u0161vielas.<\/p>\n<p>Ol\u012bvkoka aug\u013ci p\u0113c 5 gadu ilgas uzglab\u0101\u0161anas tiek macer\u0113ti, l\u012bdz tie ieg\u016bst pat\u012bkamu konsistenci, kas rakstur\u012bga m\u016bsu <a href=\"https:\/\/latiendadesami.com\/categoria-producto\/encurtidos\/\" target=\"_blank\" rel=\"noopener noreferrer nofollow\">&#8220;Encurtidos Aceitunas de la Abuela&#8221; (vecm\u0101mi\u0146as marin\u0113taj\u0101m<\/a> ol\u012bv\u0101m).<\/p>\n<p>\u0160\u012bs vesel\u0101s ol\u012bvas ar stingru m\u012bkstumu, viegli sasmalcin\u0101tas un <a href=\"https:\/\/es.wikipedia.org\/wiki\/Aceitunas_ali%C3%B1adas\" target=\"_blank\" rel=\"noopener noreferrer nofollow\">gar\u0161viel\u0101m piegar\u0161otas<\/a> p\u0113c vecm\u0101mi\u0146as receptes, ir senas \u0123imenes trad\u012bcijas rezult\u0101ts, un to izcelsme ir Antequera, Malaga.<\/p>\n","protected":false},"excerpt":{"rendered":"<p>Vecm\u0101mi\u0146as \u0161\u0137elto ol\u012bvu priek\u0161roc\u012bbas Vecm\u0101mi\u0146as krekinga ol\u012bvu priek\u0161roc\u012bbas ir daudzskaitl\u012bgas, un papildus to izcilajam arom\u0101tam t\u0101s ir ar\u012b \u013coti labv\u0113l\u012bgas vesel\u012bbai. T\u0101s samazina holester\u012bna l\u012bmeni. Pateicoties ole\u012bnsk\u0101bei, vecm\u0101mi\u0146as \u0161\u0137elt\u0101s ol\u012bvas pal\u012bdz samazin\u0101t holester\u012bna l\u012bmeni. Tie pal\u012bdz gremo\u0161anai. Ol\u012bvas ar augstu \u0161\u0137iedrvielu saturu pal\u012bdz izvad\u012bt toks\u012bnus un uzlabo visp\u0101r\u0113jo gremo\u0161anu. \u0100das ieguvumi. A un E vitam\u012bni [&hellip;]<\/p>\n","protected":false},"featured_media":43757,"template":"","meta":{"_et_pb_use_builder":"","_et_pb_old_content":"","_et_gb_content_width":""},"product_brand":[1036],"product_cat":[3134,2879],"product_tag":[1735,1733],"class_list":{"0":"post-43750","1":"product","2":"type-product","3":"status-publish","4":"has-post-thumbnail","6":"product_brand-chicon","7":"product_cat-pickles-lv-2","8":"product_cat-vairumtirdznieciba","9":"product_tag-prece","10":"product_tag-vecmamina","12":"first","13":"instock","14":"featured","15":"taxable","16":"shipping-taxable","17":"purchasable","18":"product-type-variable"},"_links":{"self":[{"href":"https:\/\/myspainfood.com\/lv\/wp-json\/wp\/v2\/product\/43750","targetHints":{"allow":["GET"]}}],"collection":[{"href":"https:\/\/myspainfood.com\/lv\/wp-json\/wp\/v2\/product"}],"about":[{"href":"https:\/\/myspainfood.com\/lv\/wp-json\/wp\/v2\/types\/product"}],"wp:featuredmedia":[{"embeddable":true,"href":"https:\/\/myspainfood.com\/lv\/wp-json\/wp\/v2\/media\/43757"}],"wp:attachment":[{"href":"https:\/\/myspainfood.com\/lv\/wp-json\/wp\/v2\/media?parent=43750"}],"wp:term":[{"taxonomy":"product_brand","embeddable":true,"href":"https:\/\/myspainfood.com\/lv\/wp-json\/wp\/v2\/product_brand?post=43750"},{"taxonomy":"product_cat","embeddable":true,"href":"https:\/\/myspainfood.com\/lv\/wp-json\/wp\/v2\/product_cat?post=43750"},{"taxonomy":"product_tag","embeddable":true,"href":"https:\/\/myspainfood.com\/lv\/wp-json\/wp\/v2\/product_tag?post=43750"}],"curies":[{"name":"wp","href":"https:\/\/api.w.org\/{rel}","templated":true}]}}