{"id":43821,"date":"2025-04-10T12:10:12","date_gmt":"2025-04-10T10:10:12","guid":{"rendered":"https:\/\/myspainfood.com\/producto\/80-gab-cusumano-piekrastes-svaigs-bonito-18-kg\/"},"modified":"2026-01-13T13:49:03","modified_gmt":"2026-01-13T12:49:03","slug":"80-gab-cusumano-piekrastes-svaigs-bonito-18-kg","status":"publish","type":"product","link":"https:\/\/myspainfood.com\/lv\/producto\/80-gab-cusumano-piekrastes-svaigs-bonito-18-kg\/","title":{"rendered":"80 gab. Cusumano piekrastes svaiga bonito 1&#8217;8 kg"},"content":{"rendered":"<div id=\"product-description-short-5\" class=\"rte-content\">\n<p style=\"text-align: left;\">Piekrastes svaig\u0101 tunzivs Cusumano ir baltais tuncis, kas Kantabrijas j\u016br\u0101 nozvejots pa vienam eksempl\u0101ram un <a href=\"https:\/\/es.wikipedia.org\/wiki\/Thunnus\" target=\"_blank\" rel=\"noopener noreferrer nofollow\">apstr\u0101d\u0101ts<\/a> S\u0100KS.<\/p>\n<p>\u0160im \u0113dienam ir autentiska gar\u0161a un izcila tekst\u016bra.<\/p>\n<p>Beidzot uz j\u016bsu galda var b\u016bt tradicion\u0101ls konserv\u0113jums.<\/p>\n<p>Fresco de Costera.<\/p>\n<p>T\u0101 k\u0101 \u0161\u012b ir sezon\u0101la zveja, kas ilgst no j\u016bnija l\u012bdz oktobrim, Cusumano garant\u0113, ka \u0161is baltais tuncis no nozvejas br\u012b\u017ea l\u012bdz pat t\u0101 ieguvei nav bijis pak\u013cauts nek\u0101dam sasald\u0113\u0161anas procesam.<\/p>\n<p>\u0160is tuncis saglab\u0101 visas organoleptisk\u0101s \u012bpa\u0161\u012bbas - kr\u0101su, gar\u0161u un konsistenci.<\/p>\n<p>Conservas Cusumano ir jaunas un modernas telpas gandr\u012bz 6000 m\u00b2 plat\u012bb\u0101, kas atrodas Mundaka.<\/p>\n<p>Conservas Cusumano ir uz\u0146\u0113mums, kas jau vair\u0101k nek\u0101 60 gadus saglab\u0101 m\u012blest\u012bbu pret trad\u012bcij\u0101m un zin\u0101t\u012bbu vien\u0101 no sen\u0101kaj\u0101m un tradicion\u0101l\u0101kaj\u0101m nozar\u0113m pasaul\u0113: piekrastes svaigu balto tunzivju zvej\u0101 un konserv\u0113\u0161an\u0101.<\/p>\n<p>Nep\u0101rsp\u0113jamaj\u0101 Urdaibai biosf\u0113ras rezerv\u0101t\u0101, kas \u013cauj ieg\u016bt svaig\u0101k\u0101s zivis, jo atrodas tik tuvu j\u016brai, kas caurstr\u0101vo m\u016bsu b\u016bt\u012bbu.<\/p>\n<p>Ja v\u0113laties ieg\u0101d\u0101ties Cusumano Coastal svaigas tunzivis vai jebkura cita veida <a href=\"https:\/\/latiendadesami.com\/categoria-producto\/conservas\/\" rel=\"noopener noreferrer nofollow\" target=\"_blank\">tunzivju konservus<\/a>, nevilcinieties un apskatiet visu m\u016bsu tie\u0161saistes katalogu, lai iepaz\u012btos ar m\u016bsu pla\u0161o <a href=\"https:\/\/latiendadesami.com\/categoria-producto\/conservas\/atun-y-bonito\/\" target=\"_blank\" rel=\"noopener noreferrer nofollow\">tunzivju<\/a> kl\u0101stu.<\/p>\n<p>Lai ieg\u016btu vair\u0101k inform\u0101cijas, rakstiet mums.<\/p>\n<p>&nbsp;<\/p>\n<\/div>\n","protected":false},"excerpt":{"rendered":"<p>Piekrastes svaig\u0101 tunzivs Cusumano ir baltais tuncis, kas Kantabrijas j\u016br\u0101 nozvejots pa vienam eksempl\u0101ram un apstr\u0101d\u0101ts S\u0100KS. \u0160im \u0113dienam ir autentiska gar\u0161a un izcila tekst\u016bra. Beidzot uz j\u016bsu galda var b\u016bt tradicion\u0101ls konserv\u0113jums. Fresco de Costera. T\u0101 k\u0101 \u0161\u012b ir sezon\u0101la zveja, kas ilgst no j\u016bnija l\u012bdz oktobrim, Cusumano garant\u0113, ka \u0161is baltais tuncis no [&hellip;]<\/p>\n","protected":false},"featured_media":33772,"template":"","meta":{"_et_pb_use_builder":"","_et_pb_old_content":"","_et_gb_content_width":""},"product_brand":[1272],"product_cat":[1963,4268],"product_tag":[],"class_list":{"0":"post-43821","1":"product","2":"type-product","3":"status-publish","4":"has-post-thumbnail","6":"product_brand-cusumano","7":"product_cat-saglaba","8":"product_cat-tunzivis-un-bonito","10":"first","11":"outofstock","12":"taxable","13":"shipping-taxable","14":"purchasable","15":"product-type-simple"},"_links":{"self":[{"href":"https:\/\/myspainfood.com\/lv\/wp-json\/wp\/v2\/product\/43821","targetHints":{"allow":["GET"]}}],"collection":[{"href":"https:\/\/myspainfood.com\/lv\/wp-json\/wp\/v2\/product"}],"about":[{"href":"https:\/\/myspainfood.com\/lv\/wp-json\/wp\/v2\/types\/product"}],"wp:featuredmedia":[{"embeddable":true,"href":"https:\/\/myspainfood.com\/lv\/wp-json\/wp\/v2\/media\/33772"}],"wp:attachment":[{"href":"https:\/\/myspainfood.com\/lv\/wp-json\/wp\/v2\/media?parent=43821"}],"wp:term":[{"taxonomy":"product_brand","embeddable":true,"href":"https:\/\/myspainfood.com\/lv\/wp-json\/wp\/v2\/product_brand?post=43821"},{"taxonomy":"product_cat","embeddable":true,"href":"https:\/\/myspainfood.com\/lv\/wp-json\/wp\/v2\/product_cat?post=43821"},{"taxonomy":"product_tag","embeddable":true,"href":"https:\/\/myspainfood.com\/lv\/wp-json\/wp\/v2\/product_tag?post=43821"}],"curies":[{"name":"wp","href":"https:\/\/api.w.org\/{rel}","templated":true}]}}