{"id":43850,"date":"2025-04-10T12:10:50","date_gmt":"2025-04-10T10:10:50","guid":{"rendered":"https:\/\/myspainfood.com\/producto\/kupinati-ansovi-un-sauteti-artisoki-35-vienibas\/"},"modified":"2025-06-24T13:16:43","modified_gmt":"2025-06-24T11:16:43","slug":"kupinati-ansovi-un-sauteti-artisoki-35-vienibas","status":"publish","type":"product","link":"https:\/\/myspainfood.com\/lv\/producto\/kupinati-ansovi-un-sauteti-artisoki-35-vienibas\/","title":{"rendered":"K\u016bpin\u0101ti an\u0161ovi un saut\u0113ti arti\u0161oki 35 vien\u012bbas"},"content":{"rendered":"<p>E\u013c\u013ca (85% saulespu\u0137u, 15% ol\u012bvu), saut\u0113ti arti\u0161oki, k\u016bpin\u0101ti an\u0161ovi, an\u0161oviem pild\u012btas ol\u012bvas un sarkanie pipari.<\/p>\n","protected":false},"excerpt":{"rendered":"<p>E\u013c\u013ca (85% saulespu\u0137u, 15% ol\u012bvu), saut\u0113ti arti\u0161oki, k\u016bpin\u0101ti an\u0161ovi, an\u0161oviem pild\u012btas ol\u012bvas un sarkanie pipari.<\/p>\n","protected":false},"featured_media":43853,"template":"","meta":{"_et_pb_use_builder":"","_et_pb_old_content":"","_et_gb_content_width":""},"product_brand":[1277],"product_cat":[2806,1823,1821,1731,1729,1824],"product_tag":[],"class_list":{"0":"post-43850","1":"product","2":"type-product","3":"status-publish","4":"has-post-thumbnail","6":"product_brand-bokeo","7":"product_cat-ansovi-lv-2","8":"product_cat-ansovi","9":"product_cat-cold","10":"product_cat-olivas","11":"product_cat-pickles-lv","12":"product_cat-pintxos-lv","13":"product_shipping_class-aukstuma-sutijums","15":"first","16":"outofstock","17":"taxable","18":"shipping-taxable","19":"purchasable","20":"product-type-simple"},"_links":{"self":[{"href":"https:\/\/myspainfood.com\/lv\/wp-json\/wp\/v2\/product\/43850","targetHints":{"allow":["GET"]}}],"collection":[{"href":"https:\/\/myspainfood.com\/lv\/wp-json\/wp\/v2\/product"}],"about":[{"href":"https:\/\/myspainfood.com\/lv\/wp-json\/wp\/v2\/types\/product"}],"wp:featuredmedia":[{"embeddable":true,"href":"https:\/\/myspainfood.com\/lv\/wp-json\/wp\/v2\/media\/43853"}],"wp:attachment":[{"href":"https:\/\/myspainfood.com\/lv\/wp-json\/wp\/v2\/media?parent=43850"}],"wp:term":[{"taxonomy":"product_brand","embeddable":true,"href":"https:\/\/myspainfood.com\/lv\/wp-json\/wp\/v2\/product_brand?post=43850"},{"taxonomy":"product_cat","embeddable":true,"href":"https:\/\/myspainfood.com\/lv\/wp-json\/wp\/v2\/product_cat?post=43850"},{"taxonomy":"product_tag","embeddable":true,"href":"https:\/\/myspainfood.com\/lv\/wp-json\/wp\/v2\/product_tag?post=43850"}],"curies":[{"name":"wp","href":"https:\/\/api.w.org\/{rel}","templated":true}]}}