{"id":44449,"date":"2025-04-10T12:11:27","date_gmt":"2025-04-10T10:11:27","guid":{"rendered":"https:\/\/myspainfood.com\/producto\/roscos-de-vino-y-almenda-soma-300-gramu-la-ponderosa\/"},"modified":"2025-04-10T12:11:27","modified_gmt":"2025-04-10T10:11:27","slug":"roscos-de-vino-y-almenda-soma-300-gramu-la-ponderosa","status":"publish","type":"product","link":"https:\/\/myspainfood.com\/lv\/producto\/roscos-de-vino-y-almenda-soma-300-gramu-la-ponderosa\/","title":{"rendered":"Roscos de vino y almenda soma 300 gramu La Ponderosa"},"content":{"rendered":"<p>V\u012bna un mande\u013cu p\u012br\u0101dzi\u0146i ir produkta mais\u012bjums, kura gar\u0161a un maig\u0101 konsistence padara to par tradicion\u0101lu produktu, kas iepriecina pat vispras\u012bg\u0101k\u0101s gar\u0161as k\u0101rpi\u0146as.<\/p>\n<p>Sast\u0101vda\u013cas<\/p>\n<p>Kvie\u0161u milti, Ib\u0113rijas salu spe\u0137is (antioksidants: E-320), cukurs, v\u012bns (satur sulf\u012btus) (12%), mandeles (5%), an\u012bss, kan\u0113lis, sezama s\u0113klas, an\u012bsa aromatiz\u0113t\u0101js un citronu aromatiz\u0113t\u0101js. Var satur\u0113t zemesriekstu p\u0113das. <\/p>\n<p>Alerg\u0113ni<\/p>\n<p>Satur lipekli, riekstus, sezamu un sulf\u012btus. Var satur\u0113t zemesriekstu p\u0113das. <\/p>\n","protected":false},"excerpt":{"rendered":"<p>V\u012bna un mande\u013cu p\u012br\u0101dzi\u0146i ir produkta mais\u012bjums, kura gar\u0161a un maig\u0101 konsistence padara to par tradicion\u0101lu produktu, kas iepriecina pat vispras\u012bg\u0101k\u0101s gar\u0161as k\u0101rpi\u0146as. Sast\u0101vda\u013cas Kvie\u0161u milti, Ib\u0113rijas salu spe\u0137is (antioksidants: E-320), cukurs, v\u012bns (satur sulf\u012btus) (12%), mandeles (5%), an\u012bss, kan\u0113lis, sezama s\u0113klas, an\u012bsa aromatiz\u0113t\u0101js un citronu aromatiz\u0113t\u0101js. Var satur\u0113t zemesriekstu p\u0113das. Alerg\u0113ni Satur lipekli, riekstus, [&hellip;]<\/p>\n","protected":false},"featured_media":44454,"template":"","meta":{"_et_pb_use_builder":"","_et_pb_old_content":"","_et_gb_content_width":""},"product_brand":[1417],"product_cat":[1963,7726],"product_tag":[],"class_list":{"0":"post-44449","1":"product","2":"type-product","3":"status-publish","4":"has-post-thumbnail","6":"product_brand-la-ponderosa","7":"product_cat-saglaba","8":"product_cat-ziemassvetku-ipasais","10":"first","11":"outofstock","12":"taxable","13":"shipping-taxable","14":"product-type-variable"},"_links":{"self":[{"href":"https:\/\/myspainfood.com\/lv\/wp-json\/wp\/v2\/product\/44449","targetHints":{"allow":["GET"]}}],"collection":[{"href":"https:\/\/myspainfood.com\/lv\/wp-json\/wp\/v2\/product"}],"about":[{"href":"https:\/\/myspainfood.com\/lv\/wp-json\/wp\/v2\/types\/product"}],"wp:featuredmedia":[{"embeddable":true,"href":"https:\/\/myspainfood.com\/lv\/wp-json\/wp\/v2\/media\/44454"}],"wp:attachment":[{"href":"https:\/\/myspainfood.com\/lv\/wp-json\/wp\/v2\/media?parent=44449"}],"wp:term":[{"taxonomy":"product_brand","embeddable":true,"href":"https:\/\/myspainfood.com\/lv\/wp-json\/wp\/v2\/product_brand?post=44449"},{"taxonomy":"product_cat","embeddable":true,"href":"https:\/\/myspainfood.com\/lv\/wp-json\/wp\/v2\/product_cat?post=44449"},{"taxonomy":"product_tag","embeddable":true,"href":"https:\/\/myspainfood.com\/lv\/wp-json\/wp\/v2\/product_tag?post=44449"}],"curies":[{"name":"wp","href":"https:\/\/api.w.org\/{rel}","templated":true}]}}