{"id":44481,"date":"2025-04-10T12:11:37","date_gmt":"2025-04-10T10:11:37","guid":{"rendered":"https:\/\/myspainfood.com\/producto\/teddy-lacisi-kas-zime-smaidus-1-kg-damel\/"},"modified":"2025-04-10T12:11:37","modified_gmt":"2025-04-10T10:11:37","slug":"teddy-lacisi-kas-zime-smaidus-1-kg-damel","status":"publish","type":"product","link":"https:\/\/myspainfood.com\/lv\/producto\/teddy-lacisi-kas-zime-smaidus-1-kg-damel\/","title":{"rendered":"Teddy l\u0101c\u012b\u0161i, kas z\u012bm\u0113 smaidus 1 kg DAMEL"},"content":{"rendered":"","protected":false},"excerpt":{"rendered":"<p>Damel ir jautra pasaule, kas liek justies labi. Katru reizi, kad atverat Damel maisi\u0146u, j\u016bsu sej\u0101 iemirdzas gandar\u012bjuma un prieka smaids.<\/p>\n<p>Damel veikal\u0101 atrad\u012bsiet pla\u0161u augstas kvalit\u0101tes produktu kl\u0101stu, kas pies\u0101tin\u0101ts ar gar\u0161\u0101m, kr\u0101s\u0101m un tekst\u016br\u0101m. Paredz\u0113ti jums jebkur\u0101 laik\u0101 un jebkuram gad\u012bjumam: no maziem maisi\u0146iem, lieliem form\u0101tiem, jaukt\u0101m gar\u0161\u0101m vai vism\u012b\u013c\u0101k\u0101s gar\u0161as! <\/p>\n","protected":false},"featured_media":44483,"template":"","meta":{"_et_pb_use_builder":"","_et_pb_old_content":"","_et_gb_content_width":""},"product_brand":[1435],"product_cat":[1963,7726],"product_tag":[],"class_list":{"0":"post-44481","1":"product","2":"type-product","3":"status-publish","4":"has-post-thumbnail","6":"product_brand-damel","7":"product_cat-saglaba","8":"product_cat-ziemassvetku-ipasais","10":"first","11":"outofstock","12":"taxable","13":"shipping-taxable","14":"purchasable","15":"product-type-simple"},"_links":{"self":[{"href":"https:\/\/myspainfood.com\/lv\/wp-json\/wp\/v2\/product\/44481","targetHints":{"allow":["GET"]}}],"collection":[{"href":"https:\/\/myspainfood.com\/lv\/wp-json\/wp\/v2\/product"}],"about":[{"href":"https:\/\/myspainfood.com\/lv\/wp-json\/wp\/v2\/types\/product"}],"wp:featuredmedia":[{"embeddable":true,"href":"https:\/\/myspainfood.com\/lv\/wp-json\/wp\/v2\/media\/44483"}],"wp:attachment":[{"href":"https:\/\/myspainfood.com\/lv\/wp-json\/wp\/v2\/media?parent=44481"}],"wp:term":[{"taxonomy":"product_brand","embeddable":true,"href":"https:\/\/myspainfood.com\/lv\/wp-json\/wp\/v2\/product_brand?post=44481"},{"taxonomy":"product_cat","embeddable":true,"href":"https:\/\/myspainfood.com\/lv\/wp-json\/wp\/v2\/product_cat?post=44481"},{"taxonomy":"product_tag","embeddable":true,"href":"https:\/\/myspainfood.com\/lv\/wp-json\/wp\/v2\/product_tag?post=44481"}],"curies":[{"name":"wp","href":"https:\/\/api.w.org\/{rel}","templated":true}]}}