{"id":44521,"date":"2025-04-10T12:11:39","date_gmt":"2025-04-10T10:11:39","guid":{"rendered":"https:\/\/myspainfood.com\/producto\/jaunzelandes-gliemenes-ceptas-marineta-merce-7-10-gab-portonovo\/"},"modified":"2025-04-10T12:11:39","modified_gmt":"2025-04-10T10:11:39","slug":"jaunzelandes-gliemenes-ceptas-marineta-merce-7-10-gab-portonovo","status":"publish","type":"product","link":"https:\/\/myspainfood.com\/lv\/producto\/jaunzelandes-gliemenes-ceptas-marineta-merce-7-10-gab-portonovo\/","title":{"rendered":"Jaunz\u0113landes gliemenes, ceptas marin\u0113t\u0101 m\u0113rc\u0113 7-10 gab Portonovo"},"content":{"rendered":"<p>V\u0101r\u012bti un cepti saulespu\u0137u e\u013c\u013c\u0101. B\u012bsus iz\u0146em ar rok\u0101m un iesai\u0146o pa vienam. Pievienota unik\u0101la marin\u0101de, kas pagatavota no dab\u012bg\u0101m sast\u0101vda\u013c\u0101m. Sast\u0101vda\u013cas: Sast\u0101vda\u013cas: Jaunz\u0113landes gliemenes, eskabe\u0161s (saulespu\u0137u e\u013c\u013ca, sarkanv\u012bna eti\u0137is, \u016bdens, dab\u012bg\u0101s aromatiz\u0113t\u0101jas, gar\u0161vielas un s\u0101ls).   <\/p>\n","protected":false},"excerpt":{"rendered":"<p>V\u0101r\u012bti un cepti saulespu\u0137u e\u013c\u013c\u0101. B\u012bsus iz\u0146em ar rok\u0101m un iesai\u0146o pa vienam. Pievienota unik\u0101la marin\u0101de, kas pagatavota no dab\u012bg\u0101m sast\u0101vda\u013c\u0101m. Sast\u0101vda\u013cas: Sast\u0101vda\u013cas: Jaunz\u0113landes gliemenes, eskabe\u0161s (saulespu\u0137u e\u013c\u013ca, sarkanv\u012bna eti\u0137is, \u016bdens, dab\u012bg\u0101s aromatiz\u0113t\u0101jas, gar\u0161vielas un s\u0101ls).<\/p>\n","protected":false},"featured_media":44527,"template":"","meta":{"_et_pb_use_builder":"","_et_pb_old_content":"","_et_gb_content_width":""},"product_brand":[1428],"product_cat":[3886,1963],"product_tag":[],"class_list":{"0":"post-44521","1":"product","2":"type-product","3":"status-publish","4":"has-post-thumbnail","6":"product_brand-portonovo","7":"product_cat-midijas-lv","8":"product_cat-saglaba","10":"first","11":"instock","12":"taxable","13":"shipping-taxable","14":"purchasable","15":"product-type-variable"},"_links":{"self":[{"href":"https:\/\/myspainfood.com\/lv\/wp-json\/wp\/v2\/product\/44521","targetHints":{"allow":["GET"]}}],"collection":[{"href":"https:\/\/myspainfood.com\/lv\/wp-json\/wp\/v2\/product"}],"about":[{"href":"https:\/\/myspainfood.com\/lv\/wp-json\/wp\/v2\/types\/product"}],"wp:featuredmedia":[{"embeddable":true,"href":"https:\/\/myspainfood.com\/lv\/wp-json\/wp\/v2\/media\/44527"}],"wp:attachment":[{"href":"https:\/\/myspainfood.com\/lv\/wp-json\/wp\/v2\/media?parent=44521"}],"wp:term":[{"taxonomy":"product_brand","embeddable":true,"href":"https:\/\/myspainfood.com\/lv\/wp-json\/wp\/v2\/product_brand?post=44521"},{"taxonomy":"product_cat","embeddable":true,"href":"https:\/\/myspainfood.com\/lv\/wp-json\/wp\/v2\/product_cat?post=44521"},{"taxonomy":"product_tag","embeddable":true,"href":"https:\/\/myspainfood.com\/lv\/wp-json\/wp\/v2\/product_tag?post=44521"}],"curies":[{"name":"wp","href":"https:\/\/api.w.org\/{rel}","templated":true}]}}