{"id":44551,"date":"2025-04-10T12:11:39","date_gmt":"2025-04-10T10:11:39","guid":{"rendered":"https:\/\/myspainfood.com\/producto\/sanmer-melnas-perlu-olivas-ar-kaulinu-314-ml\/"},"modified":"2025-04-10T12:11:39","modified_gmt":"2025-04-10T10:11:39","slug":"sanmer-melnas-perlu-olivas-ar-kaulinu-314-ml","status":"publish","type":"product","link":"https:\/\/myspainfood.com\/lv\/producto\/sanmer-melnas-perlu-olivas-ar-kaulinu-314-ml\/","title":{"rendered":"Sanmer Meln\u0101s p\u0113r\u013cu ol\u012bvas ar kauli\u0146u 314 ml"},"content":{"rendered":"<p>Intens\u012bvi melna kr\u0101sa ar sp\u0113c\u012bgu sp\u012bdumu, sul\u012bgu m\u012bkstumu un pat\u012bkamu konsistenci. Lielisks papildin\u0101jums svaigiem sal\u0101tiem un pic\u0101m, gar\u0161\u012bgs ar jebkuru maigu \u0113dienu. <\/p>\n","protected":false},"excerpt":{"rendered":"<p>Intens\u012bvi melna kr\u0101sa ar sp\u0113c\u012bgu sp\u012bdumu, sul\u012bgu m\u012bkstumu un pat\u012bkamu konsistenci. Lielisks papildin\u0101jums svaigiem sal\u0101tiem un pic\u0101m, gar\u0161\u012bgs ar jebkuru maigu \u0113dienu.<\/p>\n","protected":false},"featured_media":44556,"template":"","meta":{"_et_pb_use_builder":"","_et_pb_old_content":"","_et_gb_content_width":""},"product_brand":[1069,1303],"product_cat":[1731,1729],"product_tag":[2049,7076],"class_list":{"0":"post-44551","1":"product","2":"type-product","3":"status-publish","4":"has-post-thumbnail","6":"product_brand-sangar","7":"product_brand-sanmer","8":"product_cat-olivas","9":"product_cat-pickles-lv","10":"product_tag-kumelite","11":"product_tag-melns","13":"first","14":"outofstock","15":"taxable","16":"shipping-taxable","17":"product-type-variable"},"_links":{"self":[{"href":"https:\/\/myspainfood.com\/lv\/wp-json\/wp\/v2\/product\/44551","targetHints":{"allow":["GET"]}}],"collection":[{"href":"https:\/\/myspainfood.com\/lv\/wp-json\/wp\/v2\/product"}],"about":[{"href":"https:\/\/myspainfood.com\/lv\/wp-json\/wp\/v2\/types\/product"}],"wp:featuredmedia":[{"embeddable":true,"href":"https:\/\/myspainfood.com\/lv\/wp-json\/wp\/v2\/media\/44556"}],"wp:attachment":[{"href":"https:\/\/myspainfood.com\/lv\/wp-json\/wp\/v2\/media?parent=44551"}],"wp:term":[{"taxonomy":"product_brand","embeddable":true,"href":"https:\/\/myspainfood.com\/lv\/wp-json\/wp\/v2\/product_brand?post=44551"},{"taxonomy":"product_cat","embeddable":true,"href":"https:\/\/myspainfood.com\/lv\/wp-json\/wp\/v2\/product_cat?post=44551"},{"taxonomy":"product_tag","embeddable":true,"href":"https:\/\/myspainfood.com\/lv\/wp-json\/wp\/v2\/product_tag?post=44551"}],"curies":[{"name":"wp","href":"https:\/\/api.w.org\/{rel}","templated":true}]}}