{"id":44594,"date":"2025-04-10T12:11:40","date_gmt":"2025-04-10T10:11:40","guid":{"rendered":"https:\/\/myspainfood.com\/producto\/nieva-cojonudos-baltie-spargeli-extra-13-16-loti-biezi\/"},"modified":"2025-09-02T10:52:10","modified_gmt":"2025-09-02T08:52:10","slug":"nieva-cojonudos-baltie-spargeli-extra-13-16-loti-biezi","status":"publish","type":"product","link":"https:\/\/myspainfood.com\/lv\/producto\/nieva-cojonudos-baltie-spargeli-extra-13-16-loti-biezi\/","title":{"rendered":"Nieva &#8221;Cojonudos&#8221; baltie spar\u0123e\u013ci Extra 13\/16 \u013coti biezi"},"content":{"rendered":"<p>Iegremd\u0113jiet sevi Nievas \u013coti biezo balto spar\u0123e\u013cu izsmalcin\u0101t\u012bb\u0101 un atkl\u0101jiet unik\u0101lu kulin\u0101rijas pieredzi! Katrs spar\u0123elis ir r\u016bp\u012bgi atlas\u012bts un audz\u0113ts augl\u012bg\u0101kaj\u0101s zem\u0113s, kas garant\u0113 visaugst\u0101ko kvalit\u0101ti un svaigumu katr\u0101 kumos\u0101. <\/p>\n<p>Nieva z\u012bmola baltie spar\u0123e\u013ci izce\u013cas ar savu lielo izm\u0113ru un stingro, sul\u012bgo konsistenci. \u0160iem spar\u0123e\u013ciem ir \u012bpa\u0161i liels diametrs, t\u0101p\u0113c tie ir ide\u0101la izv\u0113le tiem, kas mekl\u0113 intens\u012bvu gar\u0161u un gardu konsistenci katr\u0101 porcij\u0101. <\/p>\n<p>M\u016bsu baltie spar\u0123e\u013ci, kas ieg\u016bti no r\u016bp\u012bgi apstr\u0101d\u0101tiem laukiem un nov\u0101kti optim\u0101l\u0101 gatav\u012bbas laik\u0101, ir dabas bag\u0101t\u012bba, kas iepriecin\u0101s j\u016bsu gar\u0161as k\u0101rpi\u0146as un pacels j\u016bsu \u0113dienus jaun\u0101 gastronomisk\u0101 l\u012bmen\u012b.<\/p>\n<p>Izbaudiet to maigo, nedaudz r\u016bgteno gar\u0161u un maigo, bet stingro tekst\u016bru. Neatkar\u012bgi no t\u0101, vai tos baud\u0101t k\u0101 piedevu pamat\u0113dieniem, pievienojat svaigiem sal\u0101tiem vai iek\u013caujat gard\u0113\u017eu recept\u0113s, Nieva \u013coti biezie baltie spar\u0123e\u013ci ir lieliska izv\u0113le izsmalcin\u0101tas virtuves cien\u012bt\u0101jiem. <\/p>\n<p>P\u0101rsteidziet savus viesus ar m\u016bsu balto spar\u0123e\u013cu gastronomisko izcil\u012bbu un p\u0101rv\u0113rsiet katru malt\u012bti par neaizmirstamu piedz\u012bvojumu. Ieg\u0101d\u0101jieties tos tagad un atkl\u0101jiet, k\u0101p\u0113c Nieva ir sinon\u012bms izcilai kvalit\u0101tei un gar\u0161as saj\u016btai katr\u0101 kumos\u0101! <\/p>\n","protected":false},"excerpt":{"rendered":"<p>Iegremd\u0113jiet sevi Nievas \u013coti biezo balto spar\u0123e\u013cu izsmalcin\u0101t\u012bb\u0101 un atkl\u0101jiet unik\u0101lu kulin\u0101rijas pieredzi! Katrs spar\u0123elis ir r\u016bp\u012bgi atlas\u012bts un audz\u0113ts augl\u012bg\u0101kaj\u0101s zem\u0113s, kas garant\u0113 visaugst\u0101ko kvalit\u0101ti un svaigumu katr\u0101 kumos\u0101. <\/p>\n","protected":false},"featured_media":44599,"template":"","meta":{"_et_pb_use_builder":"","_et_pb_old_content":"","_et_gb_content_width":""},"product_brand":[1458],"product_cat":[1963,6401],"product_tag":[],"class_list":{"0":"post-44594","1":"product","2":"type-product","3":"status-publish","4":"has-post-thumbnail","6":"product_brand-nieva-cojonudos","7":"product_cat-saglaba","8":"product_cat-spargeli","10":"first","11":"outofstock","12":"taxable","13":"shipping-taxable","14":"product-type-variable"},"_links":{"self":[{"href":"https:\/\/myspainfood.com\/lv\/wp-json\/wp\/v2\/product\/44594","targetHints":{"allow":["GET"]}}],"collection":[{"href":"https:\/\/myspainfood.com\/lv\/wp-json\/wp\/v2\/product"}],"about":[{"href":"https:\/\/myspainfood.com\/lv\/wp-json\/wp\/v2\/types\/product"}],"wp:featuredmedia":[{"embeddable":true,"href":"https:\/\/myspainfood.com\/lv\/wp-json\/wp\/v2\/media\/44599"}],"wp:attachment":[{"href":"https:\/\/myspainfood.com\/lv\/wp-json\/wp\/v2\/media?parent=44594"}],"wp:term":[{"taxonomy":"product_brand","embeddable":true,"href":"https:\/\/myspainfood.com\/lv\/wp-json\/wp\/v2\/product_brand?post=44594"},{"taxonomy":"product_cat","embeddable":true,"href":"https:\/\/myspainfood.com\/lv\/wp-json\/wp\/v2\/product_cat?post=44594"},{"taxonomy":"product_tag","embeddable":true,"href":"https:\/\/myspainfood.com\/lv\/wp-json\/wp\/v2\/product_tag?post=44594"}],"curies":[{"name":"wp","href":"https:\/\/api.w.org\/{rel}","templated":true}]}}