{"id":44617,"date":"2025-04-10T12:11:40","date_gmt":"2025-04-10T10:11:40","guid":{"rendered":"https:\/\/myspainfood.com\/producto\/salmorejo-cordobes-extra-virgin-olivella-arteoliva-1-litrs\/"},"modified":"2026-01-29T12:02:04","modified_gmt":"2026-01-29T11:02:04","slug":"salmorejo-cordobes-extra-virgin-olivella-arteoliva-1-litrs","status":"publish","type":"product","link":"https:\/\/myspainfood.com\/lv\/producto\/salmorejo-cordobes-extra-virgin-olivella-arteoliva-1-litrs\/","title":{"rendered":"Salmorejo Cordob\u00e9s Extra Virgin ol\u012bve\u013c\u013ca ArteOliva 1 litrs"},"content":{"rendered":"<p>Tipisks aukstais kr\u0113ms no Kordovas, kas gatavots galvenok\u0101rt no svaigiem, atlas\u012btiem tom\u0101tiem, neapstr\u0101d\u0101tas ol\u012bve\u013c\u013cas, maizes un \u0137iplokiem.<\/p>\n","protected":false},"excerpt":{"rendered":"<p>Tipisks aukstais kr\u0113ms no Kordovas, kas gatavots galvenok\u0101rt no svaigiem, atlas\u012btiem tom\u0101tiem, neapstr\u0101d\u0101tas ol\u012bve\u013c\u013cas, maizes un \u0137iplokiem.<\/p>\n","protected":false},"featured_media":44625,"template":"","meta":{"_et_pb_use_builder":"","_et_pb_old_content":"","_et_gb_content_width":""},"product_brand":[1457],"product_cat":[1821,4859,2236,1963],"product_tag":[],"class_list":{"0":"post-44617","1":"product","2":"type-product","3":"status-publish","4":"has-post-thumbnail","6":"product_brand-arteoliva","7":"product_cat-cold","8":"product_cat-dzerieni","9":"product_cat-extra-virgin-olivu","10":"product_cat-saglaba","11":"product_shipping_class-aukstuma-sutijums","13":"first","14":"outofstock","15":"taxable","16":"shipping-taxable","17":"product-type-variable"},"_links":{"self":[{"href":"https:\/\/myspainfood.com\/lv\/wp-json\/wp\/v2\/product\/44617","targetHints":{"allow":["GET"]}}],"collection":[{"href":"https:\/\/myspainfood.com\/lv\/wp-json\/wp\/v2\/product"}],"about":[{"href":"https:\/\/myspainfood.com\/lv\/wp-json\/wp\/v2\/types\/product"}],"wp:featuredmedia":[{"embeddable":true,"href":"https:\/\/myspainfood.com\/lv\/wp-json\/wp\/v2\/media\/44625"}],"wp:attachment":[{"href":"https:\/\/myspainfood.com\/lv\/wp-json\/wp\/v2\/media?parent=44617"}],"wp:term":[{"taxonomy":"product_brand","embeddable":true,"href":"https:\/\/myspainfood.com\/lv\/wp-json\/wp\/v2\/product_brand?post=44617"},{"taxonomy":"product_cat","embeddable":true,"href":"https:\/\/myspainfood.com\/lv\/wp-json\/wp\/v2\/product_cat?post=44617"},{"taxonomy":"product_tag","embeddable":true,"href":"https:\/\/myspainfood.com\/lv\/wp-json\/wp\/v2\/product_tag?post=44617"}],"curies":[{"name":"wp","href":"https:\/\/api.w.org\/{rel}","templated":true}]}}