{"id":44671,"date":"2025-04-10T12:11:42","date_gmt":"2025-04-10T10:11:42","guid":{"rendered":"https:\/\/myspainfood.com\/producto\/nabeel-nafisah-sweets-sweet-damascus-baklava-sirija-150-g\/"},"modified":"2025-04-10T12:11:42","modified_gmt":"2025-04-10T10:11:42","slug":"nabeel-nafisah-sweets-sweet-damascus-baklava-sirija-150-g","status":"publish","type":"product","link":"https:\/\/myspainfood.com\/lv\/producto\/nabeel-nafisah-sweets-sweet-damascus-baklava-sirija-150-g\/","title":{"rendered":"Nabeel Nafisah Sweets Sweet Damascus Baklava S\u012brija 150 g"},"content":{"rendered":"","protected":false},"excerpt":{"rendered":"<p>Baklava - sl\u0101\u0146aina fillo m\u012bkla, pild\u012bta ar sasmalcin\u0101tiem riekstiem un p\u0101rlieta ar g\u012b un cukura s\u012brupu. Tas ir krauk\u0161\u0137\u012bgs saldums, kas ir vispopul\u0101r\u0101kais ar\u0101bu un Vidusj\u016bras re\u0123iona iedz\u012bvot\u0101ju vid\u016b. T\u0101 ir da\u017e\u0101du Baklava \u0161\u0137ir\u0146u kombin\u0101cija, kas sak\u0101rtota un sak\u0101rtota \u012bpa\u0161\u0101 austrumniecisk\u0101 dizain\u0101.  <\/p>\n","protected":false},"featured_media":44673,"template":"","meta":{"_et_pb_use_builder":"","_et_pb_old_content":"","_et_gb_content_width":""},"product_brand":[1453],"product_cat":[1963,7726],"product_tag":[],"class_list":{"0":"post-44671","1":"product","2":"type-product","3":"status-publish","4":"has-post-thumbnail","6":"product_brand-nabeel-nafisah","7":"product_cat-saglaba","8":"product_cat-ziemassvetku-ipasais","10":"first","11":"outofstock","12":"taxable","13":"shipping-taxable","14":"purchasable","15":"product-type-simple"},"_links":{"self":[{"href":"https:\/\/myspainfood.com\/lv\/wp-json\/wp\/v2\/product\/44671","targetHints":{"allow":["GET"]}}],"collection":[{"href":"https:\/\/myspainfood.com\/lv\/wp-json\/wp\/v2\/product"}],"about":[{"href":"https:\/\/myspainfood.com\/lv\/wp-json\/wp\/v2\/types\/product"}],"wp:featuredmedia":[{"embeddable":true,"href":"https:\/\/myspainfood.com\/lv\/wp-json\/wp\/v2\/media\/44673"}],"wp:attachment":[{"href":"https:\/\/myspainfood.com\/lv\/wp-json\/wp\/v2\/media?parent=44671"}],"wp:term":[{"taxonomy":"product_brand","embeddable":true,"href":"https:\/\/myspainfood.com\/lv\/wp-json\/wp\/v2\/product_brand?post=44671"},{"taxonomy":"product_cat","embeddable":true,"href":"https:\/\/myspainfood.com\/lv\/wp-json\/wp\/v2\/product_cat?post=44671"},{"taxonomy":"product_tag","embeddable":true,"href":"https:\/\/myspainfood.com\/lv\/wp-json\/wp\/v2\/product_tag?post=44671"}],"curies":[{"name":"wp","href":"https:\/\/api.w.org\/{rel}","templated":true}]}}