{"id":44849,"date":"2025-04-10T12:05:09","date_gmt":"2025-04-10T10:05:09","guid":{"rendered":"https:\/\/myspainfood.com\/producto\/kimbos-gordal-gordal-olivas-un-kornisoni-900-gr-chicon\/"},"modified":"2025-04-10T12:05:09","modified_gmt":"2025-04-10T10:05:09","slug":"kimbos-gordal-gordal-olivas-un-kornisoni-900-gr-chicon","status":"publish","type":"product","link":"https:\/\/myspainfood.com\/lv\/producto\/kimbos-gordal-gordal-olivas-un-kornisoni-900-gr-chicon\/","title":{"rendered":"Kimbos Gordal - gordal ol\u012bvas un korni\u0161oni 900 gr Chicon"},"content":{"rendered":"<h3>K\u0101p\u0113c izmantot Kimbos Gordal Ol\u012bvas ar korni\u0161ona pild\u012bjumu?<\/h3>\n<p>Kimbos Gordal ir vienas no popul\u0101r\u0101kaj\u0101m pild\u012btaj\u0101m ol\u012bv\u0101m gan Sp\u0101nij\u0101, gan \u0101rzem\u0113s.<\/p>\n<p>Viena no t\u0101s \u012bpatn\u012bb\u0101m ir lielums, jo parasti t\u0101 ir liel\u0101ka nek\u0101 citas \u0161\u0137irnes.<\/p>\n<p>T\u0101p\u0113c t\u0101s ir ide\u0101li piem\u0113rotas ol\u012bvas pasnieg\u0161anai pie galda, pild\u012btas ar da\u017e\u0101diem \u0113dieniem, piem\u0113ram, an\u0161oviem, korni\u0161oniem vai papriku.<\/p>\n<p>Nosaukums &#8220;Aceituna Gordal&#8221; c\u0113lies no t\u0101s lieluma.<\/p>\n<p>Var\u0113tu teikt, ka tas ir diezgan pievilc\u012bgs un uzkr\u012bto\u0161s.<\/p>\n<p>Lai gan t\u0101s izcelsme ir <a href=\"https:\/\/aceitunaschiconlebron.com\/catalogo\/aceituna-gordal-rellena-de-pepinillo\/\" target=\"_blank\" rel=\"noopener noreferrer nofollow\">Andal\u016bzij\u0101<\/a>, Gordal ol\u012bvu ar korni\u0161onu pild\u012bjumu pat\u0113ri\u0146\u0161 ir izplat\u012bjies Amerikas Savienotaj\u0101s Valst\u012bs, kas ir vieta, kur t\u0101 ir visvair\u0101k izplat\u012bta \u0101rpus Sp\u0101nijas.<\/p>\n<p>Ja v\u0113laties ieg\u0101d\u0101ties ol\u012bvas vai cita veida <a href=\"https:\/\/latiendadesami.com\/categoria-producto\/encurtidos\/\" rel=\"noopener noreferrer nofollow\" target=\"_blank\">marin\u0113tus d\u0101rze\u0146us<\/a>, nevilcinieties un iel\u016bkojieties m\u016bsu tie\u0161saistes katalog\u0101, lai iepaz\u012btos ar m\u016bsu pla\u0161o <a href=\"https:\/\/latiendadesami.com\/categoria-producto\/encurtidos\/aceitunas\/\" target=\"_blank\" rel=\"noopener noreferrer nofollow\">ol\u012bvu<\/a> kl\u0101stu.<\/p>\n","protected":false},"excerpt":{"rendered":"<p>K\u0101p\u0113c izmantot Kimbos Gordal Ol\u012bvas ar korni\u0161ona pild\u012bjumu? Kimbos Gordal ir vienas no popul\u0101r\u0101kaj\u0101m pild\u012btaj\u0101m ol\u012bv\u0101m gan Sp\u0101nij\u0101, gan \u0101rzem\u0113s. Viena no t\u0101s \u012bpatn\u012bb\u0101m ir lielums, jo parasti t\u0101 ir liel\u0101ka nek\u0101 citas \u0161\u0137irnes. T\u0101p\u0113c t\u0101s ir ide\u0101li piem\u0113rotas ol\u012bvas pasnieg\u0161anai pie galda, pild\u012btas ar da\u017e\u0101diem \u0113dieniem, piem\u0113ram, an\u0161oviem, korni\u0161oniem vai papriku. Nosaukums &#8220;Aceituna Gordal&#8221; [&hellip;]<\/p>\n","protected":false},"featured_media":44858,"template":"","meta":{"_et_pb_use_builder":"","_et_pb_old_content":"","_et_gb_content_width":""},"product_brand":[1036],"product_cat":[1731,1729],"product_tag":[9318,2010],"class_list":{"0":"post-44849","1":"product","2":"type-product","3":"status-publish","4":"has-post-thumbnail","6":"product_brand-chicon","7":"product_cat-olivas","8":"product_cat-pickles-lv","9":"product_tag-gordal-lv","10":"product_tag-kimbo-lv","12":"first","13":"instock","14":"taxable","15":"shipping-taxable","16":"purchasable","17":"product-type-variable"},"_links":{"self":[{"href":"https:\/\/myspainfood.com\/lv\/wp-json\/wp\/v2\/product\/44849","targetHints":{"allow":["GET"]}}],"collection":[{"href":"https:\/\/myspainfood.com\/lv\/wp-json\/wp\/v2\/product"}],"about":[{"href":"https:\/\/myspainfood.com\/lv\/wp-json\/wp\/v2\/types\/product"}],"wp:featuredmedia":[{"embeddable":true,"href":"https:\/\/myspainfood.com\/lv\/wp-json\/wp\/v2\/media\/44858"}],"wp:attachment":[{"href":"https:\/\/myspainfood.com\/lv\/wp-json\/wp\/v2\/media?parent=44849"}],"wp:term":[{"taxonomy":"product_brand","embeddable":true,"href":"https:\/\/myspainfood.com\/lv\/wp-json\/wp\/v2\/product_brand?post=44849"},{"taxonomy":"product_cat","embeddable":true,"href":"https:\/\/myspainfood.com\/lv\/wp-json\/wp\/v2\/product_cat?post=44849"},{"taxonomy":"product_tag","embeddable":true,"href":"https:\/\/myspainfood.com\/lv\/wp-json\/wp\/v2\/product_tag?post=44849"}],"curies":[{"name":"wp","href":"https:\/\/api.w.org\/{rel}","templated":true}]}}