{"id":44902,"date":"2025-04-10T12:12:05","date_gmt":"2025-04-10T10:12:05","guid":{"rendered":"https:\/\/myspainfood.com\/producto\/santos-sodupe-reserva-rioja\/"},"modified":"2026-01-29T12:32:47","modified_gmt":"2026-01-29T11:32:47","slug":"santos-sodupe-reserva-rioja","status":"publish","type":"product","link":"https:\/\/myspainfood.com\/lv\/producto\/santos-sodupe-reserva-rioja\/","title":{"rendered":"Santos Sodupe Reserva Rioja"},"content":{"rendered":"<div class=\"elementor-element elementor-element-dcfae67 aux-appear-watch-animation aux-slide-from-top elementor-widget elementor-widget-aux_modern_heading aux-animated aux-animated-once\" data-id=\"dcfae67\" data-element_type=\"widget\" data-widget_type=\"aux_modern_heading.default\">\n<div class=\"elementor-widget-container\">\n<section class=\"aux-widget-modern-heading\">\n<div class=\"aux-widget-inner\">\n<div class=\"aux-modern-heading-description\">\n<p>Vec\u0101s selekcijas v\u012bnogul\u0101ji<\/p>\n<\/div>\n<\/div>\n<\/section>\n<\/div>\n<\/div>\n<div class=\"elementor-element elementor-element-728689c aux-appear-watch-animation aux-fade-in-up elementor-widget elementor-widget-aux_modern_heading aux-animated aux-animated-once\" data-id=\"728689c\" data-element_type=\"widget\" data-widget_type=\"aux_modern_heading.default\">\n<div class=\"elementor-widget-container\">\n<section class=\"aux-widget-modern-heading\">\n<div class=\"aux-widget-inner\">\n<div class=\"aux-modern-heading-description\">\n<p>24 m\u0113ne\u0161i jaun\u0101s ozolkoka muc\u0101s<\/p>\n<p>fran\u010du un amerik\u0101\u0146u ozolkoka<\/p>\n<p>Cepas Viejas<\/p>\n<p>Atlas\u012btas v\u012bnogas no v\u012bna d\u0101rza.<\/p>\n<\/div>\n<\/div>\n<\/section>\n<\/div>\n<\/div>\n","protected":false},"excerpt":{"rendered":"<p>Vec\u0101s selekcijas v\u012bnogul\u0101ji 24 m\u0113ne\u0161i jaun\u0101s ozolkoka muc\u0101s fran\u010du un amerik\u0101\u0146u ozolkoka Cepas Viejas Atlas\u012btas v\u012bnogas no v\u012bna d\u0101rza.<\/p>\n","protected":false},"featured_media":44908,"template":"","meta":{"_et_pb_use_builder":"","_et_pb_old_content":"","_et_gb_content_width":""},"product_brand":[1459],"product_cat":[4859,4861],"product_tag":[],"class_list":{"0":"post-44902","1":"product","2":"type-product","3":"status-publish","4":"has-post-thumbnail","6":"product_brand-santos-sodupe","7":"product_cat-dzerieni","8":"product_cat-vins","10":"first","11":"outofstock","12":"taxable","13":"shipping-taxable","14":"product-type-variable"},"_links":{"self":[{"href":"https:\/\/myspainfood.com\/lv\/wp-json\/wp\/v2\/product\/44902","targetHints":{"allow":["GET"]}}],"collection":[{"href":"https:\/\/myspainfood.com\/lv\/wp-json\/wp\/v2\/product"}],"about":[{"href":"https:\/\/myspainfood.com\/lv\/wp-json\/wp\/v2\/types\/product"}],"wp:featuredmedia":[{"embeddable":true,"href":"https:\/\/myspainfood.com\/lv\/wp-json\/wp\/v2\/media\/44908"}],"wp:attachment":[{"href":"https:\/\/myspainfood.com\/lv\/wp-json\/wp\/v2\/media?parent=44902"}],"wp:term":[{"taxonomy":"product_brand","embeddable":true,"href":"https:\/\/myspainfood.com\/lv\/wp-json\/wp\/v2\/product_brand?post=44902"},{"taxonomy":"product_cat","embeddable":true,"href":"https:\/\/myspainfood.com\/lv\/wp-json\/wp\/v2\/product_cat?post=44902"},{"taxonomy":"product_tag","embeddable":true,"href":"https:\/\/myspainfood.com\/lv\/wp-json\/wp\/v2\/product_tag?post=44902"}],"curies":[{"name":"wp","href":"https:\/\/api.w.org\/{rel}","templated":true}]}}