{"id":45283,"date":"2025-04-10T12:10:02","date_gmt":"2025-04-10T10:10:02","guid":{"rendered":"https:\/\/myspainfood.com\/producto\/chicon-olivu-konfektes-900-gramu-iepakojums-6-gab\/"},"modified":"2025-09-02T10:50:22","modified_gmt":"2025-09-02T08:50:22","slug":"chicon-olivu-konfektes-900-gramu-iepakojums-6-gab","status":"publish","type":"product","link":"https:\/\/myspainfood.com\/lv\/producto\/chicon-olivu-konfektes-900-gramu-iepakojums-6-gab\/","title":{"rendered":"Chic\u00f3n ol\u012bvu konfektes 900 gramu iepakojums 6 gab."},"content":{"rendered":"<h3><a href=\"https:\/\/aceitunaschiconlebron.com\/\" target=\"_blank\" rel=\"noopener noreferrer nofollow\">Chicon<\/a> Chupadedos ol\u012bvu Ali\u00f1o priek\u0161roc\u012bbas<\/h3>\n<p>Vai j\u016bs zin\u0101j\u0101t, ka \u0161\u012bs Chicon Ali\u00f1o ol\u012bvas ir daudzpus\u012bgi izdev\u012bgas? T\u0101m piem\u012bt liela sp\u0113ja nov\u0113rst sirds un asinsrites sist\u0113mas slim\u012bbas kopum\u0101. <\/p>\n<p>Tas ir saist\u012bts ar augsto nepies\u0101tin\u0101to tauku saturu. Turkl\u0101t tas ir p\u0101rtikas produkts, kas satur daudz dzelzs un \u0161\u0137iedrvielu un ir \u013coti s\u0101t\u012bgs, padarot to par lielisku uzkodu. <\/p>\n<p>Ieteicams \u0161\u012bs vesel\u0101s ol\u012bvas uzglab\u0101t v\u0113s\u0101, saus\u0101 viet\u0101, prom no saules gaismas.<\/p>\n<p>Ja v\u0113laties ieg\u0101d\u0101ties ol\u012bvas vai cita veida <a href=\"https:\/\/latiendadesami.com\/categoria-producto\/encurtidos\/\" rel=\"noopener noreferrer nofollow\" target=\"_blank\">marin\u0113tus d\u0101rze\u0146us<\/a>, nevilcinieties un iel\u016bkojieties m\u016bsu tie\u0161saistes katalog\u0101, lai iepaz\u012btos ar m\u016bsu pla\u0161o <a href=\"https:\/\/latiendadesami.com\/categoria-producto\/encurtidos\/aceitunas\/\" target=\"_blank\" rel=\"noopener noreferrer nofollow\">ol\u012bvu<\/a> kl\u0101stu.<\/p>\n","protected":false},"excerpt":{"rendered":"<p>Chicon Chupadedos ol\u012bvu Ali\u00f1o priek\u0161roc\u012bbas Vai j\u016bs zin\u0101j\u0101t, ka \u0161\u012bs Chicon Ali\u00f1o ol\u012bvas ir daudzpus\u012bgi izdev\u012bgas? T\u0101m piem\u012bt liela sp\u0113ja nov\u0113rst sirds un asinsrites sist\u0113mas slim\u012bbas kopum\u0101. Tas ir saist\u012bts ar augsto nepies\u0101tin\u0101to tauku saturu. Turkl\u0101t tas ir p\u0101rtikas produkts, kas satur daudz dzelzs un \u0161\u0137iedrvielu un ir \u013coti s\u0101t\u012bgs, padarot to par lielisku uzkodu. [&hellip;]<\/p>\n","protected":false},"featured_media":45290,"template":"","meta":{"_et_pb_use_builder":"","_et_pb_old_content":"","_et_gb_content_width":""},"product_brand":[1036],"product_cat":[3134,2879],"product_tag":[4082],"class_list":{"0":"post-45283","1":"product","2":"type-product","3":"status-publish","4":"has-post-thumbnail","6":"product_brand-chicon","7":"product_cat-pickles-lv-2","8":"product_cat-vairumtirdznieciba","9":"product_tag-suckers-lv","11":"first","12":"instock","13":"taxable","14":"shipping-taxable","15":"purchasable","16":"product-type-variable"},"_links":{"self":[{"href":"https:\/\/myspainfood.com\/lv\/wp-json\/wp\/v2\/product\/45283","targetHints":{"allow":["GET"]}}],"collection":[{"href":"https:\/\/myspainfood.com\/lv\/wp-json\/wp\/v2\/product"}],"about":[{"href":"https:\/\/myspainfood.com\/lv\/wp-json\/wp\/v2\/types\/product"}],"wp:featuredmedia":[{"embeddable":true,"href":"https:\/\/myspainfood.com\/lv\/wp-json\/wp\/v2\/media\/45290"}],"wp:attachment":[{"href":"https:\/\/myspainfood.com\/lv\/wp-json\/wp\/v2\/media?parent=45283"}],"wp:term":[{"taxonomy":"product_brand","embeddable":true,"href":"https:\/\/myspainfood.com\/lv\/wp-json\/wp\/v2\/product_brand?post=45283"},{"taxonomy":"product_cat","embeddable":true,"href":"https:\/\/myspainfood.com\/lv\/wp-json\/wp\/v2\/product_cat?post=45283"},{"taxonomy":"product_tag","embeddable":true,"href":"https:\/\/myspainfood.com\/lv\/wp-json\/wp\/v2\/product_tag?post=45283"}],"curies":[{"name":"wp","href":"https:\/\/api.w.org\/{rel}","templated":true}]}}