{"id":45423,"date":"2025-04-10T12:10:40","date_gmt":"2025-04-10T10:10:40","guid":{"rendered":"https:\/\/myspainfood.com\/producto\/salitas-mencas-gadus-morhua-fileja-1500-2000-10-kg\/"},"modified":"2026-04-24T07:33:33","modified_gmt":"2026-04-24T05:33:33","slug":"salitas-mencas-gadus-morhua-fileja-1500-2000-10-kg","status":"publish","type":"product","link":"https:\/\/myspainfood.com\/lv\/producto\/salitas-mencas-gadus-morhua-fileja-1500-2000-10-kg\/","title":{"rendered":"S\u0101l\u012btas mencas Gadus morhua fileja +1500\/2000 10 kg"},"content":{"rendered":"<p>&#8220;Mencas ir vair\u0101ku Gadus \u0123ints zivju sugu kop\u0113jais nosaukums, lai gan da\u017e\u0101m \u0161\u012bs pa\u0161as \u0123ints ziv\u012bm var b\u016bt ar\u012b citi nosaukumi. Visbie\u017e\u0101k sastopam\u0101 suga ir Atlantijas menca (Gadus morhua jeb parast\u0101 menca). T\u0101 ir viena no pasaul\u0113 paz\u012bstam\u0101kaj\u0101m ziv\u012bm, kas tiek nov\u0113rt\u0113ta t\u0101s lielisk\u0101s gar\u0161as d\u0113\u013c.<\/p>\n<p>UZTURV\u0112RT\u012aBA<\/p>\n<p>No uzturv\u0113rt\u012bbas viedok\u013ca menca ir olbaltumviel\u0101m bag\u0101ts p\u0101rtikas produkts ar augstu biolo\u0123isko v\u0113rt\u012bbu un sagremojam\u012bbu, ar zemu tauku un kaloriju saturu. T\u0101s \u016bdens saturs ir aptuveni 80 % (svaig\u0101 menc\u0101), un t\u0101 ir labs organismam nepiecie\u0161amo vitam\u012bnu (galvenok\u0101rt B grupas) un miner\u0101ls\u0101\u013cu avots. Svaigas vai ats\u0101l\u012btas mencas var lietot cilv\u0113ki ar augstu asinsspiedienu, jo taj\u0101s ir maz n\u0101trija un daudz k\u0101lija.<\/p>\n","protected":false},"excerpt":{"rendered":"<p>&#8220;Mencas ir vair\u0101ku Gadus \u0123ints zivju sugu kop\u0113jais nosaukums, lai gan da\u017e\u0101m \u0161\u012bs pa\u0161as \u0123ints ziv\u012bm var b\u016bt ar\u012b citi nosaukumi. Visbie\u017e\u0101k sastopam\u0101 suga ir Atlantijas menca (Gadus morhua jeb parast\u0101 menca). T\u0101 ir viena no pasaul\u0113 paz\u012bstam\u0101kaj\u0101m ziv\u012bm, kas tiek nov\u0113rt\u0113ta t\u0101s lielisk\u0101s gar\u0161as d\u0113\u013c. UZTURV\u0112RT\u012aBA No uzturv\u0113rt\u012bbas viedok\u013ca menca ir olbaltumviel\u0101m bag\u0101ts p\u0101rtikas [&hellip;]<\/p>\n","protected":false},"featured_media":45428,"template":"","meta":{"_et_pb_use_builder":"","_et_pb_old_content":"","_et_gb_content_width":""},"product_brand":[],"product_cat":[1821,3520],"product_tag":[],"class_list":{"0":"post-45423","1":"product","2":"type-product","3":"status-publish","4":"has-post-thumbnail","6":"product_cat-cold","7":"product_cat-mencas","8":"product_shipping_class-aukstuma-sutijums","10":"first","11":"outofstock","12":"taxable","13":"shipping-taxable","14":"purchasable","15":"product-type-simple"},"_links":{"self":[{"href":"https:\/\/myspainfood.com\/lv\/wp-json\/wp\/v2\/product\/45423","targetHints":{"allow":["GET"]}}],"collection":[{"href":"https:\/\/myspainfood.com\/lv\/wp-json\/wp\/v2\/product"}],"about":[{"href":"https:\/\/myspainfood.com\/lv\/wp-json\/wp\/v2\/types\/product"}],"wp:featuredmedia":[{"embeddable":true,"href":"https:\/\/myspainfood.com\/lv\/wp-json\/wp\/v2\/media\/45428"}],"wp:attachment":[{"href":"https:\/\/myspainfood.com\/lv\/wp-json\/wp\/v2\/media?parent=45423"}],"wp:term":[{"taxonomy":"product_brand","embeddable":true,"href":"https:\/\/myspainfood.com\/lv\/wp-json\/wp\/v2\/product_brand?post=45423"},{"taxonomy":"product_cat","embeddable":true,"href":"https:\/\/myspainfood.com\/lv\/wp-json\/wp\/v2\/product_cat?post=45423"},{"taxonomy":"product_tag","embeddable":true,"href":"https:\/\/myspainfood.com\/lv\/wp-json\/wp\/v2\/product_tag?post=45423"}],"curies":[{"name":"wp","href":"https:\/\/api.w.org\/{rel}","templated":true}]}}