{"id":45630,"date":"2025-04-10T12:11:14","date_gmt":"2025-04-10T10:11:14","guid":{"rendered":"https:\/\/myspainfood.com\/producto\/pico-mandelu-nuga-200-grami-jijona\/"},"modified":"2025-04-10T12:11:14","modified_gmt":"2025-04-10T10:11:14","slug":"pico-mandelu-nuga-200-grami-jijona","status":"publish","type":"product","link":"https:\/\/myspainfood.com\/lv\/producto\/pico-mandelu-nuga-200-grami-jijona\/","title":{"rendered":"Pic\u00f3 Mande\u013cu n\u016bga 200 grami Jijona"},"content":{"rendered":"<p>Medus un mandeles ir divi b\u016btisk\u0101kie elementi, no kuriem sast\u0101v Jijon\u0101 ra\u017eotie rieksti ar Regulat\u012bv\u0101s padomes pie\u0161\u0137irto aizsarg\u0101tas \u0123eogr\u0101fisk\u0101s izcelsmes nor\u0101des z\u012bmogu. Lai atkl\u0101tu t\u0101 izcelsmi, ir j\u0101skat\u0101s atpaka\u013c un lejup, uz zemi. Pirmie turroneros paties\u012bb\u0101 bija zemnieki, kas audz\u0113ja mande\u013cu kokus un v\u0101ca medu, bet ziem\u0101, kad sniga sniegs, vi\u0146iem vajadz\u0113ja izdz\u012bvot. T\u0101p\u0113c vi\u0146iem rad\u0101s ideja ieg\u016bt\u0101s izejvielas p\u0101rv\u0113rst p\u0101rtikas produkt\u0101, ko var\u0113tu p\u0101rdot t\u0101 laika gadatirgos.   <\/p>\n<p>Alikantes provinces klimatiskie un \u0123eolo\u0123iskie apst\u0101k\u013ci ir \u012bpa\u0161i piem\u0113roti mande\u013ckoku audz\u0113\u0161anai, jo tie aug tikai Vidusj\u016bras klimat\u0101. V\u0113l viena \u0161\u012b koka \u012bpatn\u012bba ir t\u0101, ka, lai tas var\u0113tu vairoties, tas ir j\u0101apsputina, t\u0101p\u0113c ir nepiecie\u0161ams atvieglot bi\u0161u funkciju veik\u0161anu un medus ra\u017eo\u0161anu. Tom\u0113r, lai rieksti b\u016btu ne tikai vienk\u0101r\u0161s cukura, mande\u013cu un medus mais\u012bjums, ir j\u0101iev\u0113ro stingri un senatn\u012bgi ra\u017eo\u0161anas un kvalit\u0101tes procesi.  <\/p>\n<p>Sast\u0101vs Grauzd\u0113tas mandeles 64%, cukurs, medus, olu baltums un emulgators e-471.<\/p>\n<p><strong>DER\u012aGUMA TERMI\u0145\u0160 02\/2024<\/strong><\/p>\n","protected":false},"excerpt":{"rendered":"<p>Medus un mandeles ir divi b\u016btisk\u0101kie elementi, no kuriem sast\u0101v Jijon\u0101 ra\u017eotie rieksti ar Regulat\u012bv\u0101s padomes pie\u0161\u0137irto aizsarg\u0101tas \u0123eogr\u0101fisk\u0101s izcelsmes nor\u0101des z\u012bmogu. Lai atkl\u0101tu t\u0101 izcelsmi, ir j\u0101skat\u0101s atpaka\u013c un lejup, uz zemi. Pirmie turroneros paties\u012bb\u0101 bija zemnieki, kas audz\u0113ja mande\u013cu kokus un v\u0101ca medu, bet ziem\u0101, kad sniga sniegs, vi\u0146iem vajadz\u0113ja izdz\u012bvot. T\u0101p\u0113c vi\u0146iem [&hellip;]<\/p>\n","protected":false},"featured_media":45638,"template":"","meta":{"_et_pb_use_builder":"","_et_pb_old_content":"","_et_gb_content_width":""},"product_brand":[1414],"product_cat":[1963,7726],"product_tag":[],"class_list":{"0":"post-45630","1":"product","2":"type-product","3":"status-publish","4":"has-post-thumbnail","6":"product_brand-pico","7":"product_cat-saglaba","8":"product_cat-ziemassvetku-ipasais","10":"first","11":"outofstock","12":"taxable","13":"shipping-taxable","14":"product-type-variable"},"_links":{"self":[{"href":"https:\/\/myspainfood.com\/lv\/wp-json\/wp\/v2\/product\/45630","targetHints":{"allow":["GET"]}}],"collection":[{"href":"https:\/\/myspainfood.com\/lv\/wp-json\/wp\/v2\/product"}],"about":[{"href":"https:\/\/myspainfood.com\/lv\/wp-json\/wp\/v2\/types\/product"}],"wp:featuredmedia":[{"embeddable":true,"href":"https:\/\/myspainfood.com\/lv\/wp-json\/wp\/v2\/media\/45638"}],"wp:attachment":[{"href":"https:\/\/myspainfood.com\/lv\/wp-json\/wp\/v2\/media?parent=45630"}],"wp:term":[{"taxonomy":"product_brand","embeddable":true,"href":"https:\/\/myspainfood.com\/lv\/wp-json\/wp\/v2\/product_brand?post=45630"},{"taxonomy":"product_cat","embeddable":true,"href":"https:\/\/myspainfood.com\/lv\/wp-json\/wp\/v2\/product_cat?post=45630"},{"taxonomy":"product_tag","embeddable":true,"href":"https:\/\/myspainfood.com\/lv\/wp-json\/wp\/v2\/product_tag?post=45630"}],"curies":[{"name":"wp","href":"https:\/\/api.w.org\/{rel}","templated":true}]}}